{"id":30689,"date":"2025-07-25T17:29:23","date_gmt":"2025-07-25T15:29:23","guid":{"rendered":"https:\/\/alessiom160.sg-host.com\/?page_id=30689"},"modified":"2026-01-26T09:28:11","modified_gmt":"2026-01-26T08:28:11","slug":"azienda","status":"publish","type":"page","link":"https:\/\/www.blackbirdracing.com\/de\/azienda\/","title":{"rendered":"Unternehmen"},"content":{"rendered":"<div data-elementor-type=\"wp-page\" data-elementor-id=\"30689\" class=\"elementor elementor-30689\" data-elementor-post-type=\"page\">\n\t\t\t\t<section class=\"elementor-element elementor-element-bba599f e-con-full section-s e-flex e-con e-parent\" data-id=\"bba599f\" data-element_type=\"container\" data-e-type=\"container\">\n\t\t<div class=\"elementor-element elementor-element-29438d7 e-con-full e-flex e-con e-child\" data-id=\"29438d7\" data-element_type=\"container\" data-e-type=\"container\">\n\t\t\t\t<div class=\"elementor-element elementor-element-2a845a6 elementor-widget elementor-widget-heading\" data-id=\"2a845a6\" data-element_type=\"widget\" data-e-type=\"widget\" data-widget_type=\"heading.default\">\n\t\t\t\t\t<h2 class=\"elementor-heading-title elementor-size-default\">Geschichte<\/h2>\t\t\t\t<\/div>\n\t\t\t\t<div class=\"elementor-element elementor-element-b5428bc elementor-widget elementor-widget-text-editor\" data-id=\"b5428bc\" data-element_type=\"widget\" data-e-type=\"widget\" data-widget_type=\"text-editor.default\">\n\t\t\t\t\t\t\t\t\t<p>Blackbird Racing <strong>nasce nel 1996<\/strong> con l\u2019idea di realizzare grafiche adesive e copertine sella per moto da fuoristrada. Il grande lavoro iniziale di poche persone, altamente appassionate e qualificate, induce l\u2019azienda ad una crescita esponenziale negli anni successivi. Impegno, qualit\u00e0, servizio, innovazione sono sempre stati i nostri punti di forza. Oggi i campi di applicazione sono notevolmente aumentati, Cross, Enduro, Motard, Freestyle, Quad, Go-Kart, sono solo alcuni dei settori in cui operiamo. Da tempo la Blackbird Racing \u00e9 riconosciuta leader del mercato diventando anche il maggior produttore di grafiche per quasi la totalit\u00e0 delle case costruttrici motociclistiche mondiali.<\/p>\t\t\t\t\t\t\t\t<\/div>\n\t\t\t\t<\/div>\n\t\t<div class=\"elementor-element elementor-element-a6b64ce e-con-full e-flex e-con e-child\" data-id=\"a6b64ce\" data-element_type=\"container\" data-e-type=\"container\">\n\t\t\t\t<div class=\"elementor-element elementor-element-8be531b elementor-widget elementor-widget-heading\" data-id=\"8be531b\" data-element_type=\"widget\" data-e-type=\"widget\" data-widget_type=\"heading.default\">\n\t\t\t\t\t<h2 class=\"elementor-heading-title elementor-size-default\">Aufgabe<\/h2>\t\t\t\t<\/div>\n\t\t\t\t<div class=\"elementor-element elementor-element-3e7dc02 elementor-widget elementor-widget-text-editor\" data-id=\"3e7dc02\" data-element_type=\"widget\" data-e-type=\"widget\" data-widget_type=\"text-editor.default\">\n\t\t\t\t\t\t\t\t\t<p>Unsere Mission ist einfach: das Produkt weiter zu verbessern und zu innovieren. Es gibt also kein wirkliches Ziel. Das gesamte interne Personal (heute mehr als 40 Personen) arbeitet weiterhin an der Suche nach einem idealen Ziel, das nicht objektiv existiert und mit Leidenschaft und pers\u00f6nlicher Hingabe f\u00fcr die eigene Arbeit gesucht wird.<\/p>\t\t\t\t\t\t\t\t<\/div>\n\t\t\t\t<div class=\"elementor-element elementor-element-5fdaadd elementor-widget elementor-widget-heading\" data-id=\"5fdaadd\" data-element_type=\"widget\" data-e-type=\"widget\" data-widget_type=\"heading.default\">\n\t\t\t\t\t<div class=\"elementor-heading-title elementor-size-default\">Hier und jetzt, jeden Tag!<br>Wir entwickeln und schaffen mit Leidenschaft und Loyalit\u00e4t die besten Produkte und Dienstleistungen f\u00fcr unsere Kunden<\/div>\t\t\t\t<\/div>\n\t\t\t\t<\/div>\n\t\t<div class=\"elementor-element elementor-element-17a9d61 e-con-full e-flex e-con e-child\" data-id=\"17a9d61\" data-element_type=\"container\" data-e-type=\"container\">\n\t\t\t\t<div class=\"elementor-element elementor-element-a272084 elementor-widget elementor-widget-heading\" data-id=\"a272084\" data-element_type=\"widget\" data-e-type=\"widget\" data-widget_type=\"heading.default\">\n\t\t\t\t\t<h2 class=\"elementor-heading-title elementor-size-default\">Vision<\/h2>\t\t\t\t<\/div>\n\t\t\t\t<div class=\"elementor-element elementor-element-8ab71c7 elementor-widget elementor-widget-text-editor\" data-id=\"8ab71c7\" data-element_type=\"widget\" data-e-type=\"widget\" data-widget_type=\"text-editor.default\">\n\t\t\t\t\t\t\t\t\t<p>Indem wir uns der Vision, der zweiten S\u00e4ule unserer Identit\u00e4t, n\u00e4hern, haben wir das Traumbuch ge\u00f6ffnet. Wir haben uns gefragt, was unsere Ambitionen waren, nicht nur aus beruflicher Sicht, sondern auch unter dem Gesichtspunkt der menschlichen Beziehungen. Wir haben uns von unseren Zweifeln befreit, indem wir den Horizont erweitert und uns in die Zukunft projiziert haben, indem wir dar\u00fcber nachgedacht haben, wo wir sein m\u00f6chten, wie wir sein wollen und wie wir in Zukunft von unseren Partnern und Kunden und von denen, die sich entscheiden werden, zu unserer Familie zu geh\u00f6ren.<\/p><p>Wir haben uns also eine Botschaft ausgedacht, die eine Quelle der Inspiration f\u00fcr diejenigen sein soll, denen wir auf unserem Weg begegnen.<\/p>\t\t\t\t\t\t\t\t<\/div>\n\t\t\t\t<div class=\"elementor-element elementor-element-52145e1 elementor-widget elementor-widget-heading\" data-id=\"52145e1\" data-element_type=\"widget\" data-e-type=\"widget\" data-widget_type=\"heading.default\">\n\t\t\t\t\t<div class=\"elementor-heading-title elementor-size-default\">Schritt f\u00fcr Schritt zur Referenz in der grafischen Kommunikation werden<\/div>\t\t\t\t<\/div>\n\t\t\t\t<\/div>\n\t\t<div class=\"elementor-element elementor-element-51d8538 e-con-full e-flex e-con e-child\" data-id=\"51d8538\" data-element_type=\"container\" data-e-type=\"container\">\n\t\t\t\t<div class=\"elementor-element elementor-element-b4b36e7 elementor-widget elementor-widget-heading\" data-id=\"b4b36e7\" data-element_type=\"widget\" data-e-type=\"widget\" data-widget_type=\"heading.default\">\n\t\t\t\t\t<h2 class=\"elementor-heading-title elementor-size-default\">Werte<\/h2>\t\t\t\t<\/div>\n\t\t\t\t<div class=\"elementor-element elementor-element-7bca191 elementor-widget elementor-widget-text-editor\" data-id=\"7bca191\" data-element_type=\"widget\" data-e-type=\"widget\" data-widget_type=\"text-editor.default\">\n\t\t\t\t\t\t\t\t\t<p>Die dritte S\u00e4ule unserer Identit\u00e4t sind die Referenzwerte unserer Kultur. Acht Werte kennzeichnen uns, sind Teil unserer DNA und bestimmen unser Verhalten.<\/p>\t\t\t\t\t\t\t\t<\/div>\n\t\t<section class=\"elementor-element elementor-element-cb85e20 e-con-full e-flex e-con e-child\" data-id=\"cb85e20\" data-element_type=\"container\" data-e-type=\"container\" data-settings=\"{&quot;background_background&quot;:&quot;classic&quot;}\">\n\t\t\t\t<div class=\"elementor-element elementor-element-873a2f8 elementor-widget elementor-widget-text-editor\" data-id=\"873a2f8\" data-element_type=\"widget\" data-e-type=\"widget\" data-widget_type=\"text-editor.default\">\n\t\t\t\t\t\t\t\t\t<ul><li><strong>im Vergleich<br \/><\/strong>\u201c<em>Mehr als ein Wert ist es eine Voraussetzung. Wir handeln mit Respekt f\u00fcr uns selbst, andere (Kollegen, Partner, Lieferanten, Kunden), die Ausr\u00fcstung, die Einrichtung und die Unternehmensregeln<\/em>\u00a0\u201c.<\/li><li><strong>Zuverl\u00e4ssigkeit<br \/><\/strong>\u201c<em>Wir verhalten uns so, dass die andere Partei immer eine gewisse Sicherheit in Bezug auf unsere F\u00e4higkeit hat, \u00e4hnliche Anforderungen oder Situationen im Laufe der Zeit zu erf\u00fcllen.<\/em><\/li><li><strong>Verantwortung<br \/><\/strong><em>\"Ebenso sind wir in jeder Situation verantwortlich, weil wir die Folgen unserer Handlungen auf die Beziehung und die beteiligten Personen bewerten und ber\u00fccksichtigen - und uns nach bestem Wissen und Gewissen verhalten\".<\/em><\/li><li><strong>Loyalit\u00e4t<br \/><\/strong>\"Wir w\u00fcrden nie jemandem etwas antun, das wir uns selbst nicht antun wollen,\u00a0<em>wir verhalten uns anderen gegen\u00fcber so, als ob sie immer vor uns stehen w\u00fcrden<\/em>\u201c.<\/li><li><strong>Leidenschaft<br \/><\/strong>\u201c<em>Unser Motto ist -Tu, was du liebst, und du wirst keinen Tag deines Lebens arbeiten - (Konfuzius)\".<\/em><\/li><li><strong>innovation<br \/><\/strong><em>\"Wir m\u00f6chten den Status quo st\u00e4ndig herausfordern, um die besten L\u00f6sungen zu finden\".<\/em><\/li><li><strong>Zusammenarbeit<br \/><\/strong>\u201c<em>Zusammenarbeit ist sch\u00f6n, weil man sich die Lasten teilt und unerreichbare Ziele alleine erreichen kann\".<\/em><\/li><li><strong>Gelassenheit in der Arbeitsumgebung<br \/><\/strong><em>\"Es ist f\u00fcr uns die Grundlage, auf der wir einen produktiven und harmonischen Tag mit anderen aufbauen k\u00f6nnen\".<\/em><\/li><\/ul>\t\t\t\t\t\t\t\t<\/div>\n\t\t\t\t<\/section>\n\t\t\t\t<\/div>\n\t\t\t\t<\/section>\n\t\t\t\t<\/div>","protected":false},"excerpt":{"rendered":"<p>Storia Blackbird Racing nasce nel 1996 con l\u2019idea di realizzare grafiche adesive e copertine sella per moto da fuoristrada. Il grande lavoro iniziale di poche persone, altamente appassionate e qualificate, induce l\u2019azienda ad una crescita esponenziale negli anni successivi. Impegno, qualit\u00e0, servizio, innovazione sono sempre stati i nostri punti di forza. Oggi i campi di [&hellip;]<\/p>\n","protected":false},"author":1,"featured_media":0,"parent":0,"menu_order":0,"comment_status":"closed","ping_status":"closed","template":"","meta":{"_acf_changed":false,"_uag_custom_page_level_css":"","footnotes":""},"class_list":["post-30689","page","type-page","status-publish","hentry"],"acf":[],"uagb_featured_image_src":{"full":false,"thumbnail":false,"medium":false,"medium_large":false,"large":false,"1536x1536":false,"2048x2048":false,"trp-custom-language-flag":false,"woocommerce_thumbnail":false,"woocommerce_single":false,"woocommerce_gallery_thumbnail":false,"dgwt-wcas-product-suggestion":false},"uagb_author_info":{"display_name":"Mattia Faloretti","author_link":"https:\/\/www.blackbirdracing.com\/de\/author\/mattia-falorettilaicos-agency\/"},"uagb_comment_info":0,"uagb_excerpt":"Storia Blackbird Racing nasce nel 1996 con l\u2019idea di realizzare grafiche adesive e copertine sella per moto da fuoristrada. Il grande lavoro iniziale di poche persone, altamente appassionate e qualificate, induce l\u2019azienda ad una crescita esponenziale negli anni successivi. Impegno, qualit\u00e0, servizio, innovazione sono sempre stati i nostri punti di forza. Oggi i campi di&hellip;","_links":{"self":[{"href":"https:\/\/www.blackbirdracing.com\/de\/wp-json\/wp\/v2\/pages\/30689","targetHints":{"allow":["GET"]}}],"collection":[{"href":"https:\/\/www.blackbirdracing.com\/de\/wp-json\/wp\/v2\/pages"}],"about":[{"href":"https:\/\/www.blackbirdracing.com\/de\/wp-json\/wp\/v2\/types\/page"}],"author":[{"embeddable":true,"href":"https:\/\/www.blackbirdracing.com\/de\/wp-json\/wp\/v2\/users\/1"}],"replies":[{"embeddable":true,"href":"https:\/\/www.blackbirdracing.com\/de\/wp-json\/wp\/v2\/comments?post=30689"}],"version-history":[{"count":19,"href":"https:\/\/www.blackbirdracing.com\/de\/wp-json\/wp\/v2\/pages\/30689\/revisions"}],"predecessor-version":[{"id":83718,"href":"https:\/\/www.blackbirdracing.com\/de\/wp-json\/wp\/v2\/pages\/30689\/revisions\/83718"}],"wp:attachment":[{"href":"https:\/\/www.blackbirdracing.com\/de\/wp-json\/wp\/v2\/media?parent=30689"}],"curies":[{"name":"wp","href":"https:\/\/api.w.org\/{rel}","templated":true}]}}