{"id":30810,"date":"2025-07-28T12:27:50","date_gmt":"2025-07-28T10:27:50","guid":{"rendered":"https:\/\/alessiom160.sg-host.com\/?page_id=30810"},"modified":"2025-11-24T17:49:16","modified_gmt":"2025-11-24T16:49:16","slug":"karting","status":"publish","type":"page","link":"https:\/\/www.blackbirdracing.com\/de\/karting\/","title":{"rendered":"Karting"},"content":{"rendered":"<div data-elementor-type=\"wp-page\" data-elementor-id=\"30810\" class=\"elementor elementor-30810\" data-elementor-post-type=\"page\">\n\t\t\t\t<section class=\"elementor-element elementor-element-bba599f e-con-full section-s e-flex e-con e-parent\" data-id=\"bba599f\" data-element_type=\"container\" data-e-type=\"container\">\n\t\t<div class=\"elementor-element elementor-element-29438d7 e-con-full e-flex e-con e-child\" data-id=\"29438d7\" data-element_type=\"container\" data-e-type=\"container\">\n\t\t\t\t<div class=\"elementor-element elementor-element-6f59cec elementor-widget elementor-widget-text-editor\" data-id=\"6f59cec\" data-element_type=\"widget\" data-e-type=\"widget\" data-widget_type=\"text-editor.default\">\n\t\t\t\t\t\t\t\t\t<div>Blackbird Racing ist auch auf die Herstellung von Klebekits f\u00fcr alle handels\u00fcblichen Go-Kart-Modelle spezialisiert. Die gro\u00dfe Professionalit\u00e4t und die langj\u00e4hrige Erfahrung in der Zusammenarbeit mit den wichtigsten Herstellern hat unser Unternehmen zum Weltmarktf\u00fchrer gemacht.<\/div>\t\t\t\t\t\t\t\t<\/div>\n\t\t\t\t<div class=\"elementor-element elementor-element-2a845a6 elementor-widget elementor-widget-heading\" data-id=\"2a845a6\" data-element_type=\"widget\" data-e-type=\"widget\" data-widget_type=\"heading.default\">\n\t\t\t\t\t<h2 class=\"elementor-heading-title elementor-size-default\">technischen Merkmale<\/h2>\t\t\t\t<\/div>\n\t\t\t\t<div class=\"elementor-element elementor-element-b5428bc elementor-widget elementor-widget-text-editor\" data-id=\"b5428bc\" data-element_type=\"widget\" data-e-type=\"widget\" data-widget_type=\"text-editor.default\">\n\t\t\t\t\t\t\t\t\t<p>Alle von uns produzierten Sticker-Kits werden mit mehrfarbigem Siebdruck auf der R\u00fcckseite des Materials hergestellt.<br \/>Dieses System garantiert eine ausgezeichnete Best\u00e4ndigkeit gegen jede Art von Oberfl\u00e4chenabrieb.<\/p><ul><li><strong>CRYSTALL<br \/><\/strong>Wir verwenden einen nach unseren Spezifikationen hergestellten Kristalle mit einer Dicke von 0,5 mm, der aus polymeren Weichmachern besteht, die sehr flexibel und leicht aufzutragen sind.<\/li><li><strong>Aufkleber<br \/><\/strong>Auch der auf der R\u00fcckseite angebrachte Klebstoff stammt aus unserer Produktion, da er speziell f\u00fcr die Anwendung auf Polypropylen-Kunststoffen entwickelt wurde.<\/li><li><strong>Presse<br \/><\/strong>Der Druck erfolgt im Siebdruck mit Tinten von sehr hoher Best\u00e4ndigkeit gegen Witterungseinfl\u00fcsse, sehr gl\u00e4nzend und gut in den Details definiert. Wir k\u00f6nnen fluoreszierende, glitzernde Silber- und Goldfarben sowie verschiedene Spiegeleffekte verwenden.<\/li><li><strong>Schneiden<br \/><\/strong>Alle von uns hergestellten Kits werden mit elektronisch gesteuerten flachen Plottern geschnitten, die nicht nur eine optimale Pr\u00e4zision gew\u00e4hrleisten, sondern auch die Kompensation etwaiger Dehnungen des Materials selbst.<\/li><li><strong>Verpackung<br \/><\/strong>Wir k\u00f6nnen die Kits auf Anfrage auch einzeln verpacken. Wir verwenden ein w\u00e4rmebehandeltes Kunststoffsystem, das nicht nur das Produkt \u00e4sthetisch ansprechend macht, sondern auch verhindert, dass sich die einzelnen Teile des Kits darin bewegen.<\/li><\/ul>\t\t\t\t\t\t\t\t<\/div>\n\t\t<section class=\"elementor-element elementor-element-acca076 e-con-full e-flex e-con e-child\" data-id=\"acca076\" data-element_type=\"container\" data-e-type=\"container\">\n\t\t<div class=\"elementor-element elementor-element-8ff7438 e-con-full section-left-s e-flex e-con e-child\" data-id=\"8ff7438\" data-element_type=\"container\" data-e-type=\"container\" data-settings=\"{&quot;background_background&quot;:&quot;classic&quot;}\">\n\t\t\t\t<div class=\"elementor-element elementor-element-27621b4 elementor-widget elementor-widget-heading\" data-id=\"27621b4\" data-element_type=\"widget\" data-e-type=\"widget\" data-widget_type=\"heading.default\">\n\t\t\t\t\t<h3 class=\"elementor-heading-title elementor-size-default\">MODERNSTE DRUCKTECHNOLOGIE\n<\/h3>\t\t\t\t<\/div>\n\t\t\t\t<div class=\"elementor-element elementor-element-a9cf205 elementor-widget elementor-widget-text-editor\" data-id=\"a9cf205\" data-element_type=\"widget\" data-e-type=\"widget\" data-widget_type=\"text-editor.default\">\n\t\t\t\t\t\t\t\t\t<div>Alle unsere Kits werden im Siebdruck hergestellt, wir k\u00f6nnen auch die folgenden Drucktechnologien hinzuf\u00fcgen:<\/div><ul><li><strong>B-CROME EFFEKT<br \/><\/strong>Diese Drucktechnik besteht in der Herstellung von Farben mit Spiegeleffekt und Chrom.<br \/>Wir haben mehrere grafische L\u00f6sungen, die wir vorschlagen und anpassen k\u00f6nnen.<\/li><li><strong>GLITZER-EFFEKT<br \/><\/strong>Bei dieser Drucktechnik werden Farben mit einem Perlmutt-Effekt hergestellt.<br \/>Auch hier k\u00f6nnen wir die Farben immer mit dem gleichen Effekt anpassen.<\/li><li><strong>FLUO-EFFEKT<br \/><\/strong>Bei dieser Drucktechnik werden fluoreszierende Farben verwendet.<br \/>Diese garantieren eine optimale Sichtbarkeit und Brillanz des Bausatzes selbst.<\/li><li><strong>REIZENDE WIRKUNG<br \/><\/strong>Wir k\u00f6nnen Tinten verwenden, die die Reflexion der Farbe in Abh\u00e4ngigkeit von der Brechung des Lichts selbst \u00e4ndern.<\/li><\/ul>\t\t\t\t\t\t\t\t<\/div>\n\t\t\t\t<\/div>\n\t\t<div class=\"elementor-element elementor-element-d1d5e49 e-con-full section-right-s e-flex e-con e-child\" data-id=\"d1d5e49\" data-element_type=\"container\" data-e-type=\"container\" data-settings=\"{&quot;background_background&quot;:&quot;classic&quot;}\">\n\t\t\t\t<\/div>\n\t\t\t\t<\/section>\n\t\t\t\t<\/div>\n\t\t<div class=\"elementor-element elementor-element-a6b64ce e-con-full e-flex e-con e-child\" data-id=\"a6b64ce\" data-element_type=\"container\" data-e-type=\"container\">\n\t\t\t\t<div class=\"elementor-element elementor-element-8be531b elementor-widget elementor-widget-heading\" data-id=\"8be531b\" data-element_type=\"widget\" data-e-type=\"widget\" data-widget_type=\"heading.default\">\n\t\t\t\t\t<h2 class=\"elementor-heading-title elementor-size-default\">Grafikabteilung<\/h2>\t\t\t\t<\/div>\n\t\t\t\t<div class=\"elementor-element elementor-element-3e7dc02 elementor-widget elementor-widget-text-editor\" data-id=\"3e7dc02\" data-element_type=\"widget\" data-e-type=\"widget\" data-widget_type=\"text-editor.default\">\n\t\t\t\t\t\t\t\t\t<p>In unserem Unternehmen steht ein komplettes Team von Fachleuten immer zur Verf\u00fcgung, um jedes Grafikprojekt zu erstellen oder ein bereits bestehendes zu industrialisieren.<br \/>Wir k\u00f6nnen daher sowohl das komplette Projekt als auch, in Zusammenarbeit mit dem Stylecenter der Unternehmen, nur den technischen Teil bez\u00fcglich Anpassungen und Erstellung von Druck\u00fcberg\u00e4ngen \u00fcbernehmen.<\/p>\t\t\t\t\t\t\t\t<\/div>\n\t\t\t\t<div class=\"elementor-element elementor-element-9a865ae elementor-widget elementor-widget-heading\" data-id=\"9a865ae\" data-element_type=\"widget\" data-e-type=\"widget\" data-widget_type=\"heading.default\">\n\t\t\t\t\t<h2 class=\"elementor-heading-title elementor-size-default\">pr\u00e4ventive<\/h2>\t\t\t\t<\/div>\n\t\t\t\t<div class=\"elementor-element elementor-element-966bc34 elementor-widget elementor-widget-text-editor\" data-id=\"966bc34\" data-element_type=\"widget\" data-e-type=\"widget\" data-widget_type=\"text-editor.default\">\n\t\t\t\t\t\t\t\t\t<p>Wir haben die Schablonen aller gro\u00dfen Hersteller von Kartkunststoffen, so k\u00f6nnen wir kostenlos jede Art von Angebot erstellen.<\/p>\t\t\t\t\t\t\t\t<\/div>\n\t\t\t\t<\/div>\n\t\t\t\t<\/section>\n\t\t\t\t<\/div>","protected":false},"excerpt":{"rendered":"<p>Blackbird Racing \u00e8 specializzata anche nella produzione di kit adesivi per tutti i modelli di go-kart in commercio. La grande professionalit\u00e0 ed esperienza maturata nella collaborazione pluriennale con le maggiori aziende produttrici, ha portato la nostra azienda ad essere leader nel mercato mondiale. CARATTERISTICHE TECNICHE Tutti i kit adesivi da noi prodotti vengono realizzati con [&hellip;]<\/p>\n","protected":false},"author":1,"featured_media":77130,"parent":0,"menu_order":0,"comment_status":"closed","ping_status":"closed","template":"","meta":{"_acf_changed":false,"_uag_custom_page_level_css":"","footnotes":""},"class_list":["post-30810","page","type-page","status-publish","has-post-thumbnail","hentry"],"acf":[],"uagb_featured_image_src":{"full":["https:\/\/www.blackbirdracing.com\/wp-content\/uploads\/2025\/11\/blackbird-karting_edit.webp",1600,760,false],"thumbnail":["https:\/\/www.blackbirdracing.com\/wp-content\/uploads\/2025\/11\/blackbird-karting_edit-150x150.webp",150,150,true],"medium":["https:\/\/www.blackbirdracing.com\/wp-content\/uploads\/2025\/11\/blackbird-karting_edit-300x143.webp",300,143,true],"medium_large":["https:\/\/www.blackbirdracing.com\/wp-content\/uploads\/2025\/11\/blackbird-karting_edit-768x365.webp",768,365,true],"large":["https:\/\/www.blackbirdracing.com\/wp-content\/uploads\/2025\/11\/blackbird-karting_edit-1024x486.webp",800,380,true],"1536x1536":["https:\/\/www.blackbirdracing.com\/wp-content\/uploads\/2025\/11\/blackbird-karting_edit-1536x730.webp",1536,730,true],"2048x2048":["https:\/\/www.blackbirdracing.com\/wp-content\/uploads\/2025\/11\/blackbird-karting_edit.webp",1600,760,false],"trp-custom-language-flag":["https:\/\/www.blackbirdracing.com\/wp-content\/uploads\/2025\/11\/blackbird-karting_edit-18x9.webp",18,9,true],"woocommerce_thumbnail":["https:\/\/www.blackbirdracing.com\/wp-content\/uploads\/2025\/11\/blackbird-karting_edit-300x300.webp",300,300,true],"woocommerce_single":["https:\/\/www.blackbirdracing.com\/wp-content\/uploads\/2025\/11\/blackbird-karting_edit-600x285.webp",600,285,true],"woocommerce_gallery_thumbnail":["https:\/\/www.blackbirdracing.com\/wp-content\/uploads\/2025\/11\/blackbird-karting_edit-100x100.webp",100,100,true],"dgwt-wcas-product-suggestion":["https:\/\/www.blackbirdracing.com\/wp-content\/uploads\/2025\/11\/blackbird-karting_edit.webp",64,30,false]},"uagb_author_info":{"display_name":"Mattia Faloretti","author_link":"https:\/\/www.blackbirdracing.com\/de\/author\/mattia-falorettilaicos-agency\/"},"uagb_comment_info":0,"uagb_excerpt":"Blackbird Racing \u00e8 specializzata anche nella produzione di kit adesivi per tutti i modelli di go-kart in commercio. La grande professionalit\u00e0 ed esperienza maturata nella collaborazione pluriennale con le maggiori aziende produttrici, ha portato la nostra azienda ad essere leader nel mercato mondiale. CARATTERISTICHE TECNICHE Tutti i kit adesivi da noi prodotti vengono realizzati con&hellip;","_links":{"self":[{"href":"https:\/\/www.blackbirdracing.com\/de\/wp-json\/wp\/v2\/pages\/30810","targetHints":{"allow":["GET"]}}],"collection":[{"href":"https:\/\/www.blackbirdracing.com\/de\/wp-json\/wp\/v2\/pages"}],"about":[{"href":"https:\/\/www.blackbirdracing.com\/de\/wp-json\/wp\/v2\/types\/page"}],"author":[{"embeddable":true,"href":"https:\/\/www.blackbirdracing.com\/de\/wp-json\/wp\/v2\/users\/1"}],"replies":[{"embeddable":true,"href":"https:\/\/www.blackbirdracing.com\/de\/wp-json\/wp\/v2\/comments?post=30810"}],"version-history":[{"count":13,"href":"https:\/\/www.blackbirdracing.com\/de\/wp-json\/wp\/v2\/pages\/30810\/revisions"}],"predecessor-version":[{"id":31156,"href":"https:\/\/www.blackbirdracing.com\/de\/wp-json\/wp\/v2\/pages\/30810\/revisions\/31156"}],"wp:featuredmedia":[{"embeddable":true,"href":"https:\/\/www.blackbirdracing.com\/de\/wp-json\/wp\/v2\/media\/77130"}],"wp:attachment":[{"href":"https:\/\/www.blackbirdracing.com\/de\/wp-json\/wp\/v2\/media?parent=30810"}],"curies":[{"name":"wp","href":"https:\/\/api.w.org\/{rel}","templated":true}]}}