{"id":81420,"date":"2025-12-01T16:37:19","date_gmt":"2025-12-01T15:37:19","guid":{"rendered":"https:\/\/blackbird.store360.it\/?page_id=81420"},"modified":"2025-12-01T16:43:42","modified_gmt":"2025-12-01T15:43:42","slug":"condizioni-di-vendita","status":"publish","type":"page","link":"https:\/\/www.blackbirdracing.com\/de\/condizioni-di-vendita\/","title":{"rendered":"Verkaufsbedingungen"},"content":{"rendered":"<div data-elementor-type=\"wp-page\" data-elementor-id=\"81420\" class=\"elementor elementor-81420\" data-elementor-post-type=\"page\">\n\t\t\t\t<section class=\"elementor-element elementor-element-7ced07c e-con-full section-s e-flex e-con e-parent\" data-id=\"7ced07c\" data-element_type=\"container\" data-e-type=\"container\">\n\t\t\t\t<div class=\"elementor-element elementor-element-d5d30a7 elementor-widget elementor-widget-text-editor\" data-id=\"d5d30a7\" data-element_type=\"widget\" data-e-type=\"widget\" data-widget_type=\"text-editor.default\">\n\t\t\t\t\t\t\t\t\t<p>Die im virtuellen Katalog auf der Website www.blackbirdracing.com enthaltenen Artikel k\u00f6nnen zu den folgenden Bedingungen von Nuova Algis mit Sitz in Genua, via G.Morasso 21\/5, Steuernummer 01804330999 \u2013 SDI RR66BDG, erworben werden.<\/p><p>Der Kauf der angeforderten Artikel wird in folgenden Phasen abgeschlossen:<\/p><ul><li>Mit dem Absenden der Bestellung unterbreitet der Kunde Nuova Algis einen Kaufvorschlag f\u00fcr das bzw. die ausgew\u00e4hlten Produkte. Die Absendung der Kaufbestellung impliziert die Zustimmung (gem\u00e4\u00df Art. 10 D.Lgs. 185\/1999) zum Erhalt von Nuova Algis folgender Mitteilungen, die ausschlie\u00dflich dem Abschluss und der Ausf\u00fchrung des Kaufvertrags dienen.<\/li><li>Nuova Algis beh\u00e4lt sich das unanfechtbare Recht vor, das Kaufangebot des Kunden anzunehmen.<\/li><li>Nuova Algis pr\u00fcft t\u00e4glich die Verf\u00fcgbarkeit aller Produkte. Wenn ein Produkt nicht verf\u00fcgbar ist, sorgt die Software automatisch daf\u00fcr, dass es nicht in den Warenkorb gelegt werden kann. Da die M\u00f6glichkeit, Bestellungen \u201conline\u201d zu \u00fcbermitteln, die Produktverf\u00fcgbarkeit in Echtzeit \u00e4ndert, \u00fcbernimmt Nuova Algis keine Garantie f\u00fcr die zugesicherte Zuteilung der bestellten Ware. In diesem Fall sind wir absolut bereit, die Ware durch eine andere, gleichartige Ware (nach Wahl des Kunden) zu ersetzen oder den eingezahlten Betrag innerhalb von 3 Werktagen vollst\u00e4ndig zur\u00fcckzuerstatten. Alle etwaigen Mitteilungen hierzu werden per E-Mail \u00fcbermittelt.<\/li><li>Nuova Algis wird dann die angeforderten Artikel an den gew\u00e4hlten Kurier liefern, der die Zustellung an die angegebene Adresse vornehmen wird.<\/li><\/ul>\t\t\t\t\t\t\t\t<\/div>\n\t\t\t\t<div class=\"elementor-element elementor-element-d0c1655 elementor-widget elementor-widget-heading\" data-id=\"d0c1655\" data-element_type=\"widget\" data-e-type=\"widget\" data-widget_type=\"heading.default\">\n\t\t\t\t\t<h2 class=\"elementor-heading-title elementor-size-default\">Zahlungsarten<\/h2>\t\t\t\t<\/div>\n\t\t\t\t<div class=\"elementor-element elementor-element-6238e76 elementor-widget elementor-widget-text-editor\" data-id=\"6238e76\" data-element_type=\"widget\" data-e-type=\"widget\" data-widget_type=\"text-editor.default\">\n\t\t\t\t\t\t\t\t\t<h4>Kennzeichnung<\/h4><p>Sie bezahlen die Ware bei Erhalt beim Kurier.<\/p><h4>Kreditkarte<\/h4><p>Nuova Algis setzt auf das sichere Online-Zahlungssystem Xpay. Effektive Betrugspr\u00e4vention und die M\u00f6glichkeit, einzukaufen, ohne Ihre Finanzdaten preiszugeben, tragen zu Ihrer Sicherheit bei. Folgende Karten werden akzeptiert: Master Card \u2013 Maestro \u2013 Carta Si \u2013 Visa \u2013 Visa Electron \u2013 Pago Bancomat JBC \u2013 Union Pay \u2013 V pay<\/p><h4>PayPal<\/h4><p>Nuova Algis setzt auf das sichere Online-Zahlungssystem PayPal. Mit PayPal profitierst du au\u00dferdem von vorteilhaften K\u00e4uferschutzprogrammen und einem spezialisierten Kundenservice.<\/p><h4>Sichere Zahlungen<\/h4><p>F\u00fcr Kreditkartentransaktionen nutzen wir das sichere Zahlungssystem Xpay.<\/p><h4>So erkennen Sie einen sicheren SSL-Server<\/h4><p>Ein sicherer Server ist daran zu erkennen, dass der Anfang der Webseitenanfrage mit https:\/\/ beginnt. Normalerweise beginnt die Anfrage mit http:\/\/<\/p>\t\t\t\t\t\t\t\t<\/div>\n\t\t\t\t<div class=\"elementor-element elementor-element-08a1518 elementor-widget elementor-widget-heading\" data-id=\"08a1518\" data-element_type=\"widget\" data-e-type=\"widget\" data-widget_type=\"heading.default\">\n\t\t\t\t\t<h2 class=\"elementor-heading-title elementor-size-default\">Bestellstornierung<\/h2>\t\t\t\t<\/div>\n\t\t\t\t<div class=\"elementor-element elementor-element-583c6ea elementor-widget elementor-widget-text-editor\" data-id=\"583c6ea\" data-element_type=\"widget\" data-e-type=\"widget\" data-widget_type=\"text-editor.default\">\n\t\t\t\t\t\t\t\t\t<p>Die Bestellung kann jederzeit im Bearbeitungsstatus storniert werden. Um dies mitzuteilen, rufen Sie bitte die Nummer +39 010 7172118 an oder senden Sie eine E-Mail an:\u00a0<a title=\"Blackbird Racing\" href=\"mailto:orders@blackbirdracing.com\">orders@blackbirdracing.com<\/a><\/p>\t\t\t\t\t\t\t\t<\/div>\n\t\t\t\t<div class=\"elementor-element elementor-element-3b214d9 elementor-widget elementor-widget-heading\" data-id=\"3b214d9\" data-element_type=\"widget\" data-e-type=\"widget\" data-widget_type=\"heading.default\">\n\t\t\t\t\t<h2 class=\"elementor-heading-title elementor-size-default\">Warenlieferung<\/h2>\t\t\t\t<\/div>\n\t\t\t\t<div class=\"elementor-element elementor-element-a030707 elementor-widget elementor-widget-text-editor\" data-id=\"a030707\" data-element_type=\"widget\" data-e-type=\"widget\" data-widget_type=\"text-editor.default\">\n\t\t\t\t\t\t\t\t\t<p>Bei der Entgegennahme des Materials vom Kurierdienst pr\u00fcfen Sie bitte Folgendes:<\/p><ul><li>Die Anzahl der \u00fcbergebenen Pakete entspricht der auf dem Begleitdokument angegebenen Anzahl.<\/li><li>Die Verpackung muss unversehrt, unbesch\u00e4digt, nicht nass oder anderweitig ver\u00e4ndert sein.<\/li><li>Das Transportdokument, das sich in der daf\u00fcr vorgesehenen H\u00fclle befindet, die au\u00dfen an einem der Pakete angebracht ist, oder das vom Kurier \u00fcbergeben wird, muss aufbewahrt werden.<\/li><li>Fehlt die Anzahl der Pakete oder die Angaben, so sind M\u00e4ngel oder Besch\u00e4digungen unverz\u00fcglich beim Transporteur zu beanstanden.<\/li><li>Im Falle einer Nichtkonformit\u00e4t der Ware gehen alle eventuellen Kosten f\u00fcr die Nachbesserung und\/oder den Austausch zu Lasten von Nuova Algis.<\/li><\/ul>\t\t\t\t\t\t\t\t<\/div>\n\t\t\t\t<div class=\"elementor-element elementor-element-d01e8ef elementor-widget elementor-widget-heading\" data-id=\"d01e8ef\" data-element_type=\"widget\" data-e-type=\"widget\" data-widget_type=\"heading.default\">\n\t\t\t\t\t<h2 class=\"elementor-heading-title elementor-size-default\">Lieferzeiten<\/h2>\t\t\t\t<\/div>\n\t\t\t\t<div class=\"elementor-element elementor-element-a3ab564 elementor-widget elementor-widget-text-editor\" data-id=\"a3ab564\" data-element_type=\"widget\" data-e-type=\"widget\" data-widget_type=\"text-editor.default\">\n\t\t\t\t\t\t\t\t\t<ul>\n \t<li>Die Katalogprodukte werden innerhalb von 2 Tagen nach Bestelldatum versendet.<\/li>\n \t<li>Die personalisierten Produkte (Startnummernhalter mit Namen und Nummer, Sattelbez\u00fcge mit Namen) werden innerhalb von 5 Tagen ab Bestelldatum versendet.<\/li>\n<\/ul>\t\t\t\t\t\t\t\t<\/div>\n\t\t\t\t<\/section>\n\t\t\t\t<\/div>","protected":false},"excerpt":{"rendered":"<p>Gli articoli presenti nel catalogo virtuale del sito internet www.blackbirdracing.com potranno essere acquistati alle seguenti condizioni da Nuova Algis con sede a Genova, via G.Morasso 21\/5, P.Iva 01804330999 &#8211; SDI RR66BDG. L&#8217;acquisto di quanto richiesto si perfezioner\u00e0 attraverso le seguenti fasi: Con l&#8217;invio dell&#8217;ordine, il cliente trasmette ad Nuova Algis una proposta di acquisto del [&hellip;]<\/p>\n","protected":false},"author":1,"featured_media":0,"parent":0,"menu_order":0,"comment_status":"closed","ping_status":"closed","template":"","meta":{"_acf_changed":false,"_uag_custom_page_level_css":"","footnotes":""},"class_list":["post-81420","page","type-page","status-publish","hentry"],"acf":[],"uagb_featured_image_src":{"full":false,"thumbnail":false,"medium":false,"medium_large":false,"large":false,"1536x1536":false,"2048x2048":false,"trp-custom-language-flag":false,"woocommerce_thumbnail":false,"woocommerce_single":false,"woocommerce_gallery_thumbnail":false,"dgwt-wcas-product-suggestion":false},"uagb_author_info":{"display_name":"Mattia Faloretti","author_link":"https:\/\/www.blackbirdracing.com\/de\/author\/mattia-falorettilaicos-agency\/"},"uagb_comment_info":0,"uagb_excerpt":"Gli articoli presenti nel catalogo virtuale del sito internet www.blackbirdracing.com potranno essere acquistati alle seguenti condizioni da Nuova Algis con sede a Genova, via G.Morasso 21\/5, P.Iva 01804330999 &#8211; SDI RR66BDG. L&#8217;acquisto di quanto richiesto si perfezioner\u00e0 attraverso le seguenti fasi: Con l&#8217;invio dell&#8217;ordine, il cliente trasmette ad Nuova Algis una proposta di acquisto del&hellip;","_links":{"self":[{"href":"https:\/\/www.blackbirdracing.com\/de\/wp-json\/wp\/v2\/pages\/81420","targetHints":{"allow":["GET"]}}],"collection":[{"href":"https:\/\/www.blackbirdracing.com\/de\/wp-json\/wp\/v2\/pages"}],"about":[{"href":"https:\/\/www.blackbirdracing.com\/de\/wp-json\/wp\/v2\/types\/page"}],"author":[{"embeddable":true,"href":"https:\/\/www.blackbirdracing.com\/de\/wp-json\/wp\/v2\/users\/1"}],"replies":[{"embeddable":true,"href":"https:\/\/www.blackbirdracing.com\/de\/wp-json\/wp\/v2\/comments?post=81420"}],"version-history":[{"count":7,"href":"https:\/\/www.blackbirdracing.com\/de\/wp-json\/wp\/v2\/pages\/81420\/revisions"}],"predecessor-version":[{"id":81427,"href":"https:\/\/www.blackbirdracing.com\/de\/wp-json\/wp\/v2\/pages\/81420\/revisions\/81427"}],"wp:attachment":[{"href":"https:\/\/www.blackbirdracing.com\/de\/wp-json\/wp\/v2\/media?parent=81420"}],"curies":[{"name":"wp","href":"https:\/\/api.w.org\/{rel}","templated":true}]}}