{"id":82235,"date":"2025-12-16T09:25:19","date_gmt":"2025-12-16T08:25:19","guid":{"rendered":"https:\/\/www.blackbirdracing.com\/?page_id=82235"},"modified":"2025-12-16T09:26:33","modified_gmt":"2025-12-16T08:26:33","slug":"diritto-di-recesso","status":"publish","type":"page","link":"https:\/\/www.blackbirdracing.com\/de\/diritto-di-recesso\/","title":{"rendered":"R\u00fccktrittsrecht"},"content":{"rendered":"<div data-elementor-type=\"wp-page\" data-elementor-id=\"82235\" class=\"elementor elementor-82235\" data-elementor-post-type=\"page\">\n\t\t\t\t<section class=\"elementor-element elementor-element-7ced07c e-con-full section-s e-flex e-con e-parent\" data-id=\"7ced07c\" data-element_type=\"container\" data-e-type=\"container\">\n\t\t\t\t<div class=\"elementor-element elementor-element-d5d30a7 elementor-widget elementor-widget-text-editor\" data-id=\"d5d30a7\" data-element_type=\"widget\" data-e-type=\"widget\" data-widget_type=\"text-editor.default\">\n\t\t\t\t\t\t\t\t\t<p>1. Der Kunde hat das Recht, vom geschlossenen Vertrag ohne Strafgeb\u00fchr und ohne Ang <a href=\"mailto:orders@blackbirdracing.com\">orders@blackbirdracing.com<\/a>.<\/p><p>2. Der Kunde, der vom Widerrufsrecht Gebrauch machen m\u00f6chte, muss die Produkte innerhalb von 30 Tagen nach Erhalt der Ware an die auf dem Beleg angegebene Adresse zur\u00fccksenden. Gem\u00e4\u00df Gesetz hat der Kunde kein Widerrufsrecht bei der Lieferung von personalisierten Produkten.<\/p><p>3. Die Kosten f\u00fcr die R\u00fccksendung der Produkte tr\u00e4gt der Kunde. Nuova Algis erstattet innerhalb von 30 Tagen nach Erhalt der Produkte durch den Kunden den vollen bezahlten Betrag zur\u00fcck, jedoch nur im Falle der R\u00fccksendung des Produkts mit allen Teilen und Funktionen.<\/p>\t\t\t\t\t\t\t\t<\/div>\n\t\t\t\t<\/section>\n\t\t\t\t<\/div>","protected":false},"excerpt":{"rendered":"<p>1. Il Cliente ha diritto di recedere dal contratto stipulato, senza alcuna penalit\u00e0 e senza specificarne il motivo, entro 30 giorni dal ricevimento dei prodotti. Il Cliente potr\u00e0 esercitare il diritto di recesso, entro il suddetto termine, mediante comunicazione scritta presso la sede di Nuova Algis, da inviarsi tramite Fax +39 010 7170954 o e-mail [&hellip;]<\/p>\n","protected":false},"author":2,"featured_media":0,"parent":0,"menu_order":0,"comment_status":"closed","ping_status":"closed","template":"","meta":{"_acf_changed":false,"_uag_custom_page_level_css":"","footnotes":""},"class_list":["post-82235","page","type-page","status-publish","hentry"],"acf":[],"uagb_featured_image_src":{"full":false,"thumbnail":false,"medium":false,"medium_large":false,"large":false,"1536x1536":false,"2048x2048":false,"trp-custom-language-flag":false,"woocommerce_thumbnail":false,"woocommerce_single":false,"woocommerce_gallery_thumbnail":false,"dgwt-wcas-product-suggestion":false},"uagb_author_info":{"display_name":"Alessio Maule","author_link":"https:\/\/www.blackbirdracing.com\/de\/author\/alessio-maule\/"},"uagb_comment_info":0,"uagb_excerpt":"1. Il Cliente ha diritto di recedere dal contratto stipulato, senza alcuna penalit\u00e0 e senza specificarne il motivo, entro 30 giorni dal ricevimento dei prodotti. Il Cliente potr\u00e0 esercitare il diritto di recesso, entro il suddetto termine, mediante comunicazione scritta presso la sede di Nuova Algis, da inviarsi tramite Fax +39 010 7170954 o e-mail&hellip;","_links":{"self":[{"href":"https:\/\/www.blackbirdracing.com\/de\/wp-json\/wp\/v2\/pages\/82235","targetHints":{"allow":["GET"]}}],"collection":[{"href":"https:\/\/www.blackbirdracing.com\/de\/wp-json\/wp\/v2\/pages"}],"about":[{"href":"https:\/\/www.blackbirdracing.com\/de\/wp-json\/wp\/v2\/types\/page"}],"author":[{"embeddable":true,"href":"https:\/\/www.blackbirdracing.com\/de\/wp-json\/wp\/v2\/users\/2"}],"replies":[{"embeddable":true,"href":"https:\/\/www.blackbirdracing.com\/de\/wp-json\/wp\/v2\/comments?post=82235"}],"version-history":[{"count":4,"href":"https:\/\/www.blackbirdracing.com\/de\/wp-json\/wp\/v2\/pages\/82235\/revisions"}],"predecessor-version":[{"id":82239,"href":"https:\/\/www.blackbirdracing.com\/de\/wp-json\/wp\/v2\/pages\/82235\/revisions\/82239"}],"wp:attachment":[{"href":"https:\/\/www.blackbirdracing.com\/de\/wp-json\/wp\/v2\/media?parent=82235"}],"curies":[{"name":"wp","href":"https:\/\/api.w.org\/{rel}","templated":true}]}}