{"id":69169,"date":"2025-10-15T21:11:38","date_gmt":"2025-10-15T19:11:38","guid":{"rendered":"https:\/\/blackbird.store360.it\/it\/prodotto\/spugna-sella-standard-suzuki-2\/"},"modified":"2026-01-27T12:37:37","modified_gmt":"2026-01-27T11:37:37","slug":"spugna-sella-standard-suzuki-2","status":"publish","type":"product","link":"https:\/\/www.blackbirdracing.com\/de\/prodotto\/spugna-sella-standard-suzuki-2\/","title":{"rendered":"Sitzbankschaum Standard SUZUKI"},"content":{"rendered":"<p>Schwamm f\u00fcr den Settel Blackbird Racing aus Polyurethan-Hartschaum: wasserdicht und geeignet f\u00fcr die originale Basis. Standardh\u00f6he aber h\u00f6here H\u00e4rte. Das beg\u00fcnstigt und beschleunigt die Verlagerung des Fahrers auf dem Settel. Geeinigt auch f\u00fcr die Montage auf der originalen Satteldecke.<\/p>","protected":false},"excerpt":{"rendered":"<p>Sitzbankschaum Standard SUZUKI<\/p>","protected":false},"featured_media":83757,"comment_status":"open","ping_status":"closed","template":"","meta":[],"product_brand":[],"product_cat":[29,82,79],"product_tag":[26],"class_list":{"0":"post-69169","1":"product","2":"type-product","3":"status-publish","4":"has-post-thumbnail","6":"product_cat-copertine-sella","7":"product_cat-rm-125-250-cs","8":"product_cat-suzuki-cs","9":"product_tag-blackbird","11":"first","12":"instock","13":"shipping-taxable","14":"purchasable","15":"product-type-simple"},"_links":{"self":[{"href":"https:\/\/www.blackbirdracing.com\/de\/wp-json\/wp\/v2\/product\/69169","targetHints":{"allow":["GET"]}}],"collection":[{"href":"https:\/\/www.blackbirdracing.com\/de\/wp-json\/wp\/v2\/product"}],"about":[{"href":"https:\/\/www.blackbirdracing.com\/de\/wp-json\/wp\/v2\/types\/product"}],"replies":[{"embeddable":true,"href":"https:\/\/www.blackbirdracing.com\/de\/wp-json\/wp\/v2\/comments?post=69169"}],"wp:featuredmedia":[{"embeddable":true,"href":"https:\/\/www.blackbirdracing.com\/de\/wp-json\/wp\/v2\/media\/83757"}],"wp:attachment":[{"href":"https:\/\/www.blackbirdracing.com\/de\/wp-json\/wp\/v2\/media?parent=69169"}],"wp:term":[{"taxonomy":"product_brand","embeddable":true,"href":"https:\/\/www.blackbirdracing.com\/de\/wp-json\/wp\/v2\/product_brand?post=69169"},{"taxonomy":"product_cat","embeddable":true,"href":"https:\/\/www.blackbirdracing.com\/de\/wp-json\/wp\/v2\/product_cat?post=69169"},{"taxonomy":"product_tag","embeddable":true,"href":"https:\/\/www.blackbirdracing.com\/de\/wp-json\/wp\/v2\/product_tag?post=69169"}],"curies":[{"name":"wp","href":"https:\/\/api.w.org\/{rel}","templated":true}]}}