{"id":69615,"date":"2025-10-15T21:25:56","date_gmt":"2025-10-15T19:25:56","guid":{"rendered":"https:\/\/blackbird.store360.it\/it\/prodotto\/cinghia-presa-anteriore\/"},"modified":"2025-11-04T17:49:18","modified_gmt":"2025-11-04T16:49:18","slug":"cinghia-presa-anteriore","status":"publish","type":"product","link":"https:\/\/www.blackbirdracing.com\/de\/prodotto\/cinghia-presa-anteriore\/","title":{"rendered":"Riemen Vorne"},"content":{"rendered":"<p>Riemen f\u00fcr vorderen Griff aus super haltbarem Cordura mit speziellen N\u00e4hten und einem rei\u00dffesten Elastik. Man geht \u00fcber das Vorderschutzblech, um den Riemen in dem kaum unter dem unterem Feld liegenden Teil festzumachen.<\/p>","protected":false},"excerpt":{"rendered":"<p>Riemen Vorne<\/p>","protected":false},"featured_media":69614,"comment_status":"open","ping_status":"closed","template":"","meta":{"_acf_changed":false},"product_brand":[],"product_cat":[32,881],"product_tag":[26],"class_list":{"0":"post-69615","1":"product","2":"type-product","3":"status-publish","4":"has-post-thumbnail","6":"product_cat-prodotti-blackbird","7":"product_cat-accessori-off-road","8":"product_tag-blackbird","10":"first","11":"instock","12":"shipping-taxable","13":"purchasable","14":"product-type-simple"},"acf":[],"_links":{"self":[{"href":"https:\/\/www.blackbirdracing.com\/de\/wp-json\/wp\/v2\/product\/69615","targetHints":{"allow":["GET"]}}],"collection":[{"href":"https:\/\/www.blackbirdracing.com\/de\/wp-json\/wp\/v2\/product"}],"about":[{"href":"https:\/\/www.blackbirdracing.com\/de\/wp-json\/wp\/v2\/types\/product"}],"replies":[{"embeddable":true,"href":"https:\/\/www.blackbirdracing.com\/de\/wp-json\/wp\/v2\/comments?post=69615"}],"wp:featuredmedia":[{"embeddable":true,"href":"https:\/\/www.blackbirdracing.com\/de\/wp-json\/wp\/v2\/media\/69614"}],"wp:attachment":[{"href":"https:\/\/www.blackbirdracing.com\/de\/wp-json\/wp\/v2\/media?parent=69615"}],"wp:term":[{"taxonomy":"product_brand","embeddable":true,"href":"https:\/\/www.blackbirdracing.com\/de\/wp-json\/wp\/v2\/product_brand?post=69615"},{"taxonomy":"product_cat","embeddable":true,"href":"https:\/\/www.blackbirdracing.com\/de\/wp-json\/wp\/v2\/product_cat?post=69615"},{"taxonomy":"product_tag","embeddable":true,"href":"https:\/\/www.blackbirdracing.com\/de\/wp-json\/wp\/v2\/product_tag?post=69615"}],"curies":[{"name":"wp","href":"https:\/\/api.w.org\/{rel}","templated":true}]}}