{"id":69639,"date":"2025-10-15T21:26:34","date_gmt":"2025-10-15T19:26:34","guid":{"rendered":"https:\/\/blackbird.store360.it\/it\/prodotto\/tasca-portatabella\/"},"modified":"2026-02-03T10:09:08","modified_gmt":"2026-02-03T09:09:08","slug":"tasca-portatabella","status":"publish","type":"product","link":"https:\/\/www.blackbirdracing.com\/de\/prodotto\/tasca-portatabella\/","title":{"rendered":"Enduro Sitzbanketasche"},"content":{"rendered":"<p>Enduro Satteldecke Tasche, die auf die Satteldecke aufgeklebt oder gen\u00e4ht wird, schwarzfarbige und Gr\u00f6\u00dfe: 12 cm hoch und 8,5 cm breit.<\/p>","protected":false},"excerpt":{"rendered":"<p>Enduro Sitzbanketasche<\/p>","protected":false},"featured_media":69638,"comment_status":"open","ping_status":"closed","template":"","meta":{"_acf_changed":false},"product_brand":[],"product_cat":[32,881],"product_tag":[26],"class_list":{"0":"post-69639","1":"product","2":"type-product","3":"status-publish","4":"has-post-thumbnail","6":"product_cat-prodotti-blackbird","7":"product_cat-accessori-off-road","8":"product_tag-blackbird","10":"first","11":"instock","12":"shipping-taxable","13":"purchasable","14":"product-type-simple"},"acf":[],"_links":{"self":[{"href":"https:\/\/www.blackbirdracing.com\/de\/wp-json\/wp\/v2\/product\/69639","targetHints":{"allow":["GET"]}}],"collection":[{"href":"https:\/\/www.blackbirdracing.com\/de\/wp-json\/wp\/v2\/product"}],"about":[{"href":"https:\/\/www.blackbirdracing.com\/de\/wp-json\/wp\/v2\/types\/product"}],"replies":[{"embeddable":true,"href":"https:\/\/www.blackbirdracing.com\/de\/wp-json\/wp\/v2\/comments?post=69639"}],"wp:featuredmedia":[{"embeddable":true,"href":"https:\/\/www.blackbirdracing.com\/de\/wp-json\/wp\/v2\/media\/69638"}],"wp:attachment":[{"href":"https:\/\/www.blackbirdracing.com\/de\/wp-json\/wp\/v2\/media?parent=69639"}],"wp:term":[{"taxonomy":"product_brand","embeddable":true,"href":"https:\/\/www.blackbirdracing.com\/de\/wp-json\/wp\/v2\/product_brand?post=69639"},{"taxonomy":"product_cat","embeddable":true,"href":"https:\/\/www.blackbirdracing.com\/de\/wp-json\/wp\/v2\/product_cat?post=69639"},{"taxonomy":"product_tag","embeddable":true,"href":"https:\/\/www.blackbirdracing.com\/de\/wp-json\/wp\/v2\/product_tag?post=69639"}],"curies":[{"name":"wp","href":"https:\/\/api.w.org\/{rel}","templated":true}]}}