{"id":69662,"date":"2025-10-15T21:27:02","date_gmt":"2025-10-15T19:27:02","guid":{"rendered":"https:\/\/blackbird.store360.it\/it\/prodotto\/fsp-protezione-tenute-forcella-corto-arancio\/"},"modified":"2025-10-21T17:52:44","modified_gmt":"2025-10-21T15:52:44","slug":"fsp-protezione-tenute-forcella-corto-arancio","status":"publish","type":"product","link":"https:\/\/www.blackbirdracing.com\/de\/prodotto\/fsp-protezione-tenute-forcella-corto-arancio\/","title":{"rendered":"FSP &#8211; Protezione tenute forcella corto &#8211; Arancio"},"content":{"rendered":"<p>Es ist ein Paar von Schutz gegen Schlamm, die mit technischen Stoffen realisiert werden; sie sch\u00fctzen die Staubabdeckungen und die Dichtringe der Upside Down Gabeln, deren Durchmesser von 45 zu 50 mm lang sind.Sie erh\u00f6hen die Haltbarkeit der Gabel in der Zeit, so dass ihre Leistungen immer st\u00e4ndig  sind. Um sie zu montieren, muss man die Gabel demontieren. Auf dem Oberteil spannt man die FSP auf die Gabel mit zwei Gummib\u00e4nder ein, die innen Silikonstreifen haben, damit die Befestigung st\u00e4rker ist. Wir bieten zwei Versionen: die lange Version (Nummer 5090) deckt vollst\u00e4ndig die Gabel; die kurze Version (Nummer 5089) deckt nur den Teil, der n\u00e4her an der Staubabdeckung ist. Beide Versionen werden in verschiedenen Farben realisiert: schwarz, rot, blau, gelb und fluo orange. Die lange Version ist mit einem Dichtring auch auf dem Unterteil der Gabel ausgestattet.<\/p>","protected":false},"excerpt":{"rendered":"<p>FSP &#8211; Protezione tenute forcella corto &#8211; Arancio<\/p>","protected":false},"featured_media":69661,"comment_status":"open","ping_status":"closed","template":"","meta":[],"product_brand":[],"product_cat":[881,32],"product_tag":[26],"class_list":{"0":"post-69662","1":"product","2":"type-product","3":"status-publish","4":"has-post-thumbnail","6":"product_cat-accessori-off-road","7":"product_cat-prodotti-blackbird","8":"product_tag-blackbird","10":"first","11":"instock","12":"shipping-taxable","13":"purchasable","14":"product-type-simple"},"_links":{"self":[{"href":"https:\/\/www.blackbirdracing.com\/de\/wp-json\/wp\/v2\/product\/69662","targetHints":{"allow":["GET"]}}],"collection":[{"href":"https:\/\/www.blackbirdracing.com\/de\/wp-json\/wp\/v2\/product"}],"about":[{"href":"https:\/\/www.blackbirdracing.com\/de\/wp-json\/wp\/v2\/types\/product"}],"replies":[{"embeddable":true,"href":"https:\/\/www.blackbirdracing.com\/de\/wp-json\/wp\/v2\/comments?post=69662"}],"wp:featuredmedia":[{"embeddable":true,"href":"https:\/\/www.blackbirdracing.com\/de\/wp-json\/wp\/v2\/media\/69661"}],"wp:attachment":[{"href":"https:\/\/www.blackbirdracing.com\/de\/wp-json\/wp\/v2\/media?parent=69662"}],"wp:term":[{"taxonomy":"product_brand","embeddable":true,"href":"https:\/\/www.blackbirdracing.com\/de\/wp-json\/wp\/v2\/product_brand?post=69662"},{"taxonomy":"product_cat","embeddable":true,"href":"https:\/\/www.blackbirdracing.com\/de\/wp-json\/wp\/v2\/product_cat?post=69662"},{"taxonomy":"product_tag","embeddable":true,"href":"https:\/\/www.blackbirdracing.com\/de\/wp-json\/wp\/v2\/product_tag?post=69662"}],"curies":[{"name":"wp","href":"https:\/\/api.w.org\/{rel}","templated":true}]}}