{"id":69818,"date":"2025-10-15T21:34:08","date_gmt":"2025-10-15T19:34:08","guid":{"rendered":"https:\/\/blackbird.store360.it\/it\/prodotto\/adesivi-forcellone-yamaha\/"},"modified":"2026-03-26T09:24:14","modified_gmt":"2026-03-26T08:24:14","slug":"adesivi-forcellone-yamaha","status":"publish","type":"product","link":"https:\/\/www.blackbirdracing.com\/de\/prodotto\/adesivi-forcellone-yamaha\/","title":{"rendered":"Crystall Aufkleberpaar  YAMAHA"},"content":{"rendered":"<p>Das Set besteht aus zwei in der R\u00fcckseite gedruckten Schwinge Aufklebern aus gl\u00e4nzendem, 0,5 dickem Crystallstoff. Die Aufkleber werden f\u00fcr das entsprechende Modell speziell geformt.<\/p>","protected":false},"excerpt":{"rendered":"<p>Crystall Aufkleberpaar  YAMAHA<\/p>","protected":false},"featured_media":83828,"comment_status":"open","ping_status":"closed","template":"","meta":{"_acf_changed":false,"_uag_custom_page_level_css":""},"product_brand":[],"product_cat":[223,636,638,637,635,630,639,640,634,633],"product_tag":[26],"class_list":{"0":"post-69818","1":"product","2":"type-product","3":"status-publish","4":"has-post-thumbnail","6":"product_cat-adesivi-vari","7":"product_cat-wrf-250-av","8":"product_cat-wrf-250-400-426-av","9":"product_cat-wrf-250-450-av","10":"product_cat-wrf-450-av","11":"product_cat-yamaha-av","12":"product_cat-yz-125-250-av","13":"product_cat-yz-125-250-ufo-av","14":"product_cat-yzf-250-400-426-av","15":"product_cat-yzf-250-450-av","16":"product_tag-blackbird","18":"first","19":"instock","20":"shipping-taxable","21":"purchasable","22":"product-type-simple"},"acf":[],"uagb_featured_image_src":{"full":["https:\/\/www.blackbirdracing.com\/wp-content\/uploads\/2026\/01\/5238N_M.png",2526,1894,false],"thumbnail":["https:\/\/www.blackbirdracing.com\/wp-content\/uploads\/2026\/01\/5238N_M-150x150.png",150,150,true],"medium":["https:\/\/www.blackbirdracing.com\/wp-content\/uploads\/2026\/01\/5238N_M-300x225.png",300,225,true],"medium_large":["https:\/\/www.blackbirdracing.com\/wp-content\/uploads\/2026\/01\/5238N_M-768x576.png",768,576,true],"large":["https:\/\/www.blackbirdracing.com\/wp-content\/uploads\/2026\/01\/5238N_M-1024x768.png",800,600,true],"1536x1536":["https:\/\/www.blackbirdracing.com\/wp-content\/uploads\/2026\/01\/5238N_M-1536x1152.png",1536,1152,true],"2048x2048":["https:\/\/www.blackbirdracing.com\/wp-content\/uploads\/2026\/01\/5238N_M-2048x1536.png",2048,1536,true],"trp-custom-language-flag":["https:\/\/www.blackbirdracing.com\/wp-content\/uploads\/2026\/01\/5238N_M-16x12.png",16,12,true],"woocommerce_thumbnail":["https:\/\/www.blackbirdracing.com\/wp-content\/uploads\/2026\/01\/5238N_M-300x300.png",300,300,true],"woocommerce_single":["https:\/\/www.blackbirdracing.com\/wp-content\/uploads\/2026\/01\/5238N_M-600x450.png",600,450,true],"woocommerce_gallery_thumbnail":["https:\/\/www.blackbirdracing.com\/wp-content\/uploads\/2026\/01\/5238N_M-100x100.png",100,100,true],"dgwt-wcas-product-suggestion":["https:\/\/www.blackbirdracing.com\/wp-content\/uploads\/2026\/01\/5238N_M-64x48.png",64,48,true]},"uagb_author_info":{"display_name":"Alessio Maule","author_link":"https:\/\/www.blackbirdracing.com\/de\/author\/"},"uagb_comment_info":0,"uagb_excerpt":"Adesivi Forcellone YAMAHA","_links":{"self":[{"href":"https:\/\/www.blackbirdracing.com\/de\/wp-json\/wp\/v2\/product\/69818","targetHints":{"allow":["GET"]}}],"collection":[{"href":"https:\/\/www.blackbirdracing.com\/de\/wp-json\/wp\/v2\/product"}],"about":[{"href":"https:\/\/www.blackbirdracing.com\/de\/wp-json\/wp\/v2\/types\/product"}],"replies":[{"embeddable":true,"href":"https:\/\/www.blackbirdracing.com\/de\/wp-json\/wp\/v2\/comments?post=69818"}],"wp:featuredmedia":[{"embeddable":true,"href":"https:\/\/www.blackbirdracing.com\/de\/wp-json\/wp\/v2\/media\/83828"}],"wp:attachment":[{"href":"https:\/\/www.blackbirdracing.com\/de\/wp-json\/wp\/v2\/media?parent=69818"}],"wp:term":[{"taxonomy":"product_brand","embeddable":true,"href":"https:\/\/www.blackbirdracing.com\/de\/wp-json\/wp\/v2\/product_brand?post=69818"},{"taxonomy":"product_cat","embeddable":true,"href":"https:\/\/www.blackbirdracing.com\/de\/wp-json\/wp\/v2\/product_cat?post=69818"},{"taxonomy":"product_tag","embeddable":true,"href":"https:\/\/www.blackbirdracing.com\/de\/wp-json\/wp\/v2\/product_tag?post=69818"}],"curies":[{"name":"wp","href":"https:\/\/api.w.org\/{rel}","templated":true}]}}