{"id":69870,"date":"2025-10-15T21:36:21","date_gmt":"2025-10-15T19:36:21","guid":{"rendered":"https:\/\/blackbird.store360.it\/it\/prodotto\/kit-adesivi-universali-kawasaki\/"},"modified":"2026-03-25T16:46:56","modified_gmt":"2026-03-25T15:46:56","slug":"kit-adesivi-universali-kawasaki","status":"publish","type":"product","link":"https:\/\/www.blackbirdracing.com\/de\/prodotto\/kit-adesivi-universali-kawasaki\/","title":{"rendered":"Universal Aufkleber Kit KAWASAKI"},"content":{"rendered":"<p>Das Set besteht aus einem Blatt aus in der R\u00fcckseite gedrucktem, 0,5 mm dickem Crystallstoff, es enth\u00e4lt vorgestanzte Aufkleber unterschiedlicher Gr\u00f6\u00dfe. Universalanwendung auf Motorrad oder unterschiedliche Oberfl\u00e4che.<\/p>","protected":false},"excerpt":{"rendered":"<p>Universal Aufkleber Kit KAWASAKI<\/p>","protected":false},"featured_media":69869,"comment_status":"open","ping_status":"closed","template":"","meta":[],"product_brand":[],"product_cat":[223,662,670,669,665,668,667,666,758,671,664,663],"product_tag":[26],"class_list":{"0":"post-69870","1":"product","2":"type-product","3":"status-publish","4":"has-post-thumbnail","6":"product_cat-adesivi-vari","7":"product_cat-kawasaki-av","8":"product_cat-klx-250-av","9":"product_cat-klx-300-av","10":"product_cat-kx-125-250-av","11":"product_cat-kx-60-av","12":"product_cat-kx-65-av","13":"product_cat-kx-85-av","14":"product_cat-kx-polisport-av","15":"product_cat-kx500-av","16":"product_cat-kxf-250-av","17":"product_cat-kxf-450-av","18":"product_tag-blackbird","20":"first","21":"instock","22":"shipping-taxable","23":"purchasable","24":"product-type-simple"},"_links":{"self":[{"href":"https:\/\/www.blackbirdracing.com\/de\/wp-json\/wp\/v2\/product\/69870","targetHints":{"allow":["GET"]}}],"collection":[{"href":"https:\/\/www.blackbirdracing.com\/de\/wp-json\/wp\/v2\/product"}],"about":[{"href":"https:\/\/www.blackbirdracing.com\/de\/wp-json\/wp\/v2\/types\/product"}],"replies":[{"embeddable":true,"href":"https:\/\/www.blackbirdracing.com\/de\/wp-json\/wp\/v2\/comments?post=69870"}],"wp:featuredmedia":[{"embeddable":true,"href":"https:\/\/www.blackbirdracing.com\/de\/wp-json\/wp\/v2\/media\/69869"}],"wp:attachment":[{"href":"https:\/\/www.blackbirdracing.com\/de\/wp-json\/wp\/v2\/media?parent=69870"}],"wp:term":[{"taxonomy":"product_brand","embeddable":true,"href":"https:\/\/www.blackbirdracing.com\/de\/wp-json\/wp\/v2\/product_brand?post=69870"},{"taxonomy":"product_cat","embeddable":true,"href":"https:\/\/www.blackbirdracing.com\/de\/wp-json\/wp\/v2\/product_cat?post=69870"},{"taxonomy":"product_tag","embeddable":true,"href":"https:\/\/www.blackbirdracing.com\/de\/wp-json\/wp\/v2\/product_tag?post=69870"}],"curies":[{"name":"wp","href":"https:\/\/api.w.org\/{rel}","templated":true}]}}