{"id":69944,"date":"2025-10-15T21:38:13","date_gmt":"2025-10-15T19:38:13","guid":{"rendered":"https:\/\/blackbird.store360.it\/it\/prodotto\/adesivo-carter-frizione-beta\/"},"modified":"2025-10-21T17:53:33","modified_gmt":"2025-10-21T15:53:33","slug":"adesivo-carter-frizione-beta","status":"publish","type":"product","link":"https:\/\/www.blackbirdracing.com\/de\/prodotto\/adesivo-carter-frizione-beta\/","title":{"rendered":"Aufkleber F\u00fcr Kupplungsdeckel  Beta"},"content":{"rendered":"<p>Das Set besteht aus einem Schutz Kupplungsdeckel Aufkleber aus in der R\u00fcckseite gedrucktem, 0,8 mm dickem Crystallstoff,  w\u00e4rmebest\u00e4ndige und abriebfeste Textur Verzierung. Pr\u00e4zises Profil f\u00fcr das Kupplungsdeckel Muster.<\/p>","protected":false},"excerpt":{"rendered":"<p>Aufkleber F\u00fcr Kupplungsdeckel  Beta<\/p>","protected":false},"featured_media":69943,"comment_status":"open","ping_status":"closed","template":"","meta":[],"product_brand":[],"product_cat":[223,222,702,32,703],"product_tag":[26],"class_list":{"0":"post-69944","1":"product","2":"type-product","3":"status-publish","4":"has-post-thumbnail","6":"product_cat-adesivi-vari","7":"product_cat-adesivi-carter-frizione","8":"product_cat-beta-av","9":"product_cat-prodotti-blackbird","10":"product_cat-rr-2t-4t-av","11":"product_tag-blackbird","13":"first","14":"instock","15":"shipping-taxable","16":"purchasable","17":"product-type-simple"},"_links":{"self":[{"href":"https:\/\/www.blackbirdracing.com\/de\/wp-json\/wp\/v2\/product\/69944","targetHints":{"allow":["GET"]}}],"collection":[{"href":"https:\/\/www.blackbirdracing.com\/de\/wp-json\/wp\/v2\/product"}],"about":[{"href":"https:\/\/www.blackbirdracing.com\/de\/wp-json\/wp\/v2\/types\/product"}],"replies":[{"embeddable":true,"href":"https:\/\/www.blackbirdracing.com\/de\/wp-json\/wp\/v2\/comments?post=69944"}],"wp:featuredmedia":[{"embeddable":true,"href":"https:\/\/www.blackbirdracing.com\/de\/wp-json\/wp\/v2\/media\/69943"}],"wp:attachment":[{"href":"https:\/\/www.blackbirdracing.com\/de\/wp-json\/wp\/v2\/media?parent=69944"}],"wp:term":[{"taxonomy":"product_brand","embeddable":true,"href":"https:\/\/www.blackbirdracing.com\/de\/wp-json\/wp\/v2\/product_brand?post=69944"},{"taxonomy":"product_cat","embeddable":true,"href":"https:\/\/www.blackbirdracing.com\/de\/wp-json\/wp\/v2\/product_cat?post=69944"},{"taxonomy":"product_tag","embeddable":true,"href":"https:\/\/www.blackbirdracing.com\/de\/wp-json\/wp\/v2\/product_tag?post=69944"}],"curies":[{"name":"wp","href":"https:\/\/api.w.org\/{rel}","templated":true}]}}