{"id":70783,"date":"2025-10-17T20:20:27","date_gmt":"2025-10-17T18:20:27","guid":{"rendered":"https:\/\/blackbird.store360.it\/it\/prodotto\/reti-antifango-feritoie-radiatore-gas-gas\/"},"modified":"2025-10-30T12:40:09","modified_gmt":"2025-10-30T11:40:09","slug":"reti-antifango-feritoie-radiatore-gas-gas","status":"publish","type":"product","link":"https:\/\/www.blackbirdracing.com\/de\/prodotto\/reti-antifango-feritoie-radiatore-gas-gas\/","title":{"rendered":"damit kleben der Schlamm und der Sand nicht an den K\u00fchler und wird verhindert, dass er verstopft und \u00fcberhitzt. Einfach zu installieren: man l\u00e4sst das Filternetz auf den K\u00fchlerschutz aus Plastik schieben und die Schutz wieder auf den  K\u00fchler montieren.|K\u00fchlerschutz Schlammschutz"},"content":{"rendered":"<p>Nylonschutz die auf die  K\u00fchlerschutz installiert werden<\/p>","protected":false},"excerpt":{"rendered":"<p>damit kleben der Schlamm und der Sand nicht an den K\u00fchler und wird verhindert, dass er verstopft und \u00fcberhitzt. Einfach zu installieren: man l\u00e4sst das Filternetz auf den K\u00fchlerschutz aus Plastik schieben und die Schutz wieder auf den  K\u00fchler montieren.|K\u00fchlerschutz Schlammschutz<\/p>","protected":false},"featured_media":70782,"comment_status":"open","ping_status":"closed","template":"","meta":{"_acf_changed":false},"product_brand":[],"product_cat":[881,32],"product_tag":[26],"class_list":{"0":"post-70783","1":"product","2":"type-product","3":"status-publish","4":"has-post-thumbnail","6":"product_cat-accessori-off-road","7":"product_cat-prodotti-blackbird","8":"product_tag-blackbird","10":"first","11":"instock","12":"shipping-taxable","13":"purchasable","14":"product-type-simple"},"acf":[],"_links":{"self":[{"href":"https:\/\/www.blackbirdracing.com\/de\/wp-json\/wp\/v2\/product\/70783","targetHints":{"allow":["GET"]}}],"collection":[{"href":"https:\/\/www.blackbirdracing.com\/de\/wp-json\/wp\/v2\/product"}],"about":[{"href":"https:\/\/www.blackbirdracing.com\/de\/wp-json\/wp\/v2\/types\/product"}],"replies":[{"embeddable":true,"href":"https:\/\/www.blackbirdracing.com\/de\/wp-json\/wp\/v2\/comments?post=70783"}],"wp:featuredmedia":[{"embeddable":true,"href":"https:\/\/www.blackbirdracing.com\/de\/wp-json\/wp\/v2\/media\/70782"}],"wp:attachment":[{"href":"https:\/\/www.blackbirdracing.com\/de\/wp-json\/wp\/v2\/media?parent=70783"}],"wp:term":[{"taxonomy":"product_brand","embeddable":true,"href":"https:\/\/www.blackbirdracing.com\/de\/wp-json\/wp\/v2\/product_brand?post=70783"},{"taxonomy":"product_cat","embeddable":true,"href":"https:\/\/www.blackbirdracing.com\/de\/wp-json\/wp\/v2\/product_cat?post=70783"},{"taxonomy":"product_tag","embeddable":true,"href":"https:\/\/www.blackbirdracing.com\/de\/wp-json\/wp\/v2\/product_tag?post=70783"}],"curies":[{"name":"wp","href":"https:\/\/api.w.org\/{rel}","templated":true}]}}