{"id":71088,"date":"2025-10-19T00:10:02","date_gmt":"2025-10-18T22:10:02","guid":{"rendered":"https:\/\/blackbird.store360.it\/it\/prodotto\/copertina-sella-personalizzata-central-crystall-beta-per-rr-50-2011-2018\/"},"modified":"2026-01-14T16:57:53","modified_gmt":"2026-01-14T15:57:53","slug":"copertina-sella-personalizzata-central-crystall-beta-per-rr-50-2011-2018","status":"publish","type":"product","link":"https:\/\/www.blackbirdracing.com\/de\/prodotto\/copertina-sella-personalizzata-central-crystall-beta-per-rr-50-2011-2018\/?bb_configure=1","title":{"rendered":"Ma\u00dfgeschneiderter Central Crystall Beta Sattel\u00fcberzug f\u00fcr RR 50 2011 - 2018"},"content":{"rendered":"<p>Crystall Sitzbankuberzug<\/p>","protected":false},"excerpt":{"rendered":"<p>Copertina Sella Personalizzata Central Crystall compatibile con Beta RR 50 2011 &#8211; 2018<\/p>","protected":false},"featured_media":83170,"comment_status":"open","ping_status":"closed","template":"","meta":{"_acf_changed":false},"product_brand":[],"product_cat":[29,128,1744],"product_tag":[26],"class_list":{"0":"post-71088","1":"product","2":"type-product","3":"status-publish","4":"has-post-thumbnail","6":"product_cat-copertine-sella","7":"product_cat-beta-cs","8":"product_cat-rr-50-cs","9":"product_tag-blackbird","11":"first","12":"instock","13":"shipping-taxable","14":"purchasable","15":"product-type-simple"},"acf":[],"_links":{"self":[{"href":"https:\/\/www.blackbirdracing.com\/de\/wp-json\/wp\/v2\/product\/71088","targetHints":{"allow":["GET"]}}],"collection":[{"href":"https:\/\/www.blackbirdracing.com\/de\/wp-json\/wp\/v2\/product"}],"about":[{"href":"https:\/\/www.blackbirdracing.com\/de\/wp-json\/wp\/v2\/types\/product"}],"replies":[{"embeddable":true,"href":"https:\/\/www.blackbirdracing.com\/de\/wp-json\/wp\/v2\/comments?post=71088"}],"wp:featuredmedia":[{"embeddable":true,"href":"https:\/\/www.blackbirdracing.com\/de\/wp-json\/wp\/v2\/media\/83170"}],"wp:attachment":[{"href":"https:\/\/www.blackbirdracing.com\/de\/wp-json\/wp\/v2\/media?parent=71088"}],"wp:term":[{"taxonomy":"product_brand","embeddable":true,"href":"https:\/\/www.blackbirdracing.com\/de\/wp-json\/wp\/v2\/product_brand?post=71088"},{"taxonomy":"product_cat","embeddable":true,"href":"https:\/\/www.blackbirdracing.com\/de\/wp-json\/wp\/v2\/product_cat?post=71088"},{"taxonomy":"product_tag","embeddable":true,"href":"https:\/\/www.blackbirdracing.com\/de\/wp-json\/wp\/v2\/product_tag?post=71088"}],"curies":[{"name":"wp","href":"https:\/\/api.w.org\/{rel}","templated":true}]}}