{"id":74983,"date":"2025-10-30T12:19:48","date_gmt":"2025-10-30T11:19:48","guid":{"rendered":"https:\/\/blackbird.store360.it\/?post_type=product&#038;p=74983"},"modified":"2026-01-12T09:46:46","modified_gmt":"2026-01-12T08:46:46","slug":"fogli-macchina-65x75-cm","status":"publish","type":"product","link":"https:\/\/www.blackbirdracing.com\/de\/prodotto\/fogli-macchina-65x75-cm\/","title":{"rendered":"Maschinenbl\u00e4tter 65\u00d775 cm"},"content":{"rendered":"<p>Mit unseren Vektor-Vorlagen k\u00f6nnen Sie die gew\u00fcnschten Grafiken f\u00fcr Ihr Motorrad erstellen. Vektor-Vorlagen im Ma\u00dfstab 1:1 f\u00fcr Skizzen und grafische Kreationen. Die Dateien sind im Vektor-PDF-Format, kompatibel mit den wichtigsten Vektorgrafikprogrammen.<\/p>","protected":false},"excerpt":{"rendered":"<p>Maschinenbl\u00e4tter 65\u00d775 cm<\/p>","protected":false},"featured_media":82640,"comment_status":"open","ping_status":"closed","template":"","meta":[],"product_brand":[],"product_cat":[2053,32],"product_tag":[26,2095],"class_list":{"0":"post-74983","1":"product","2":"type-product","3":"status-publish","4":"has-post-thumbnail","6":"product_cat-foglio-macchina","7":"product_cat-prodotti-blackbird","8":"product_tag-blackbird","9":"product_tag-foglio","11":"first","12":"instock","13":"shipping-taxable","14":"purchasable","15":"product-type-variable","16":"has-default-attributes"},"_links":{"self":[{"href":"https:\/\/www.blackbirdracing.com\/de\/wp-json\/wp\/v2\/product\/74983","targetHints":{"allow":["GET"]}}],"collection":[{"href":"https:\/\/www.blackbirdracing.com\/de\/wp-json\/wp\/v2\/product"}],"about":[{"href":"https:\/\/www.blackbirdracing.com\/de\/wp-json\/wp\/v2\/types\/product"}],"replies":[{"embeddable":true,"href":"https:\/\/www.blackbirdracing.com\/de\/wp-json\/wp\/v2\/comments?post=74983"}],"wp:featuredmedia":[{"embeddable":true,"href":"https:\/\/www.blackbirdracing.com\/de\/wp-json\/wp\/v2\/media\/82640"}],"wp:attachment":[{"href":"https:\/\/www.blackbirdracing.com\/de\/wp-json\/wp\/v2\/media?parent=74983"}],"wp:term":[{"taxonomy":"product_brand","embeddable":true,"href":"https:\/\/www.blackbirdracing.com\/de\/wp-json\/wp\/v2\/product_brand?post=74983"},{"taxonomy":"product_cat","embeddable":true,"href":"https:\/\/www.blackbirdracing.com\/de\/wp-json\/wp\/v2\/product_cat?post=74983"},{"taxonomy":"product_tag","embeddable":true,"href":"https:\/\/www.blackbirdracing.com\/de\/wp-json\/wp\/v2\/product_tag?post=74983"}],"curies":[{"name":"wp","href":"https:\/\/api.w.org\/{rel}","templated":true}]}}