{"id":82128,"date":"2025-12-02T17:35:05","date_gmt":"2025-12-02T16:35:05","guid":{"rendered":"https:\/\/blackbird.store360.it\/it\/prodotto\/strip-of-film-for-frame-protector-4-pcs-11x48-cm-clear\/"},"modified":"2025-12-02T17:35:12","modified_gmt":"2025-12-02T16:35:12","slug":"strip-of-film-for-frame-protector-4-pcs-11x48-cm-clear","status":"publish","type":"product","link":"https:\/\/www.blackbirdracing.com\/de\/prodotto\/strip-of-film-for-frame-protector-4-pcs-11x48-cm-clear\/","title":{"rendered":"Folienstreifen f\u00fcr Rahmenschoner 4 St\u00fcck 11\u00d748 cm Klar"},"content":{"rendered":"<p>Gloss Strip of film for frame protector 4 pcs 11&#215;48 cm Clear<\/p>","protected":false},"excerpt":{"rendered":"<p>Gloss Strip of film for frame protector 4 pcs 11&#215;48 cm Clear<\/p>","protected":false},"featured_media":82126,"comment_status":"open","ping_status":"closed","template":"","meta":{"_acf_changed":false},"product_brand":[],"product_cat":[2083,2066,32],"product_tag":[],"class_list":{"0":"post-82128","1":"product","2":"type-product","3":"status-publish","4":"has-post-thumbnail","6":"product_cat-strip-of-film-for-frame-protector-algisbike-prodotti-blackbird","7":"product_cat-algisbike","8":"product_cat-prodotti-blackbird","9":"pa_materiale-gloss","10":"pa_materiale-opaque","11":"pa_materiale-texture","13":"first","14":"instock","15":"shipping-taxable","16":"purchasable","17":"product-type-variable","18":"has-default-attributes"},"acf":[],"_links":{"self":[{"href":"https:\/\/www.blackbirdracing.com\/de\/wp-json\/wp\/v2\/product\/82128","targetHints":{"allow":["GET"]}}],"collection":[{"href":"https:\/\/www.blackbirdracing.com\/de\/wp-json\/wp\/v2\/product"}],"about":[{"href":"https:\/\/www.blackbirdracing.com\/de\/wp-json\/wp\/v2\/types\/product"}],"replies":[{"embeddable":true,"href":"https:\/\/www.blackbirdracing.com\/de\/wp-json\/wp\/v2\/comments?post=82128"}],"wp:featuredmedia":[{"embeddable":true,"href":"https:\/\/www.blackbirdracing.com\/de\/wp-json\/wp\/v2\/media\/82126"}],"wp:attachment":[{"href":"https:\/\/www.blackbirdracing.com\/de\/wp-json\/wp\/v2\/media?parent=82128"}],"wp:term":[{"taxonomy":"product_brand","embeddable":true,"href":"https:\/\/www.blackbirdracing.com\/de\/wp-json\/wp\/v2\/product_brand?post=82128"},{"taxonomy":"product_cat","embeddable":true,"href":"https:\/\/www.blackbirdracing.com\/de\/wp-json\/wp\/v2\/product_cat?post=82128"},{"taxonomy":"product_tag","embeddable":true,"href":"https:\/\/www.blackbirdracing.com\/de\/wp-json\/wp\/v2\/product_tag?post=82128"}],"curies":[{"name":"wp","href":"https:\/\/api.w.org\/{rel}","templated":true}]}}