{"id":83686,"date":"2026-01-15T17:28:32","date_gmt":"2026-01-15T16:28:32","guid":{"rendered":"https:\/\/www.blackbirdracing.com\/it\/prodotto\/kit-adesivi-standard-ktm\/"},"modified":"2026-01-15T17:28:32","modified_gmt":"2026-01-15T16:28:32","slug":"kit-adesivi-standard-ktm","status":"publish","type":"product","link":"https:\/\/www.blackbirdracing.com\/de\/prodotto\/kit-adesivi-standard-ktm\/","title":{"rendered":"Standard Aufkleber Kit KTM"},"content":{"rendered":"<p>Das Set besteht aus einem Blatt aus in der R\u00fcckseite gedrucktem, 0,5 mm dickem Crystallstoff, es enth\u00e4lt vorgestanzte Aufkleber f\u00fcr Schutzbleche und Schwinge, Normgr\u00f6\u00dfe.<\/p>","protected":false},"excerpt":{"rendered":"<p>Standard Aufkleber Kit KTM<\/p>","protected":false},"featured_media":83684,"comment_status":"open","ping_status":"closed","template":"","meta":{"_acf_changed":false,"_uag_custom_page_level_css":""},"product_brand":[],"product_cat":[32,764],"product_tag":[26],"class_list":{"0":"post-83686","1":"product","2":"type-product","3":"status-publish","4":"has-post-thumbnail","6":"product_cat-prodotti-blackbird","7":"product_cat-kit-standard","8":"product_tag-blackbird","10":"first","11":"instock","12":"shipping-taxable","13":"purchasable","14":"product-type-simple"},"acf":[],"uagb_featured_image_src":{"full":["https:\/\/www.blackbirdracing.com\/wp-content\/uploads\/2026\/01\/5525_M-1.png",2048,1536,false],"thumbnail":["https:\/\/www.blackbirdracing.com\/wp-content\/uploads\/2026\/01\/5525_M-1-150x150.png",150,150,true],"medium":["https:\/\/www.blackbirdracing.com\/wp-content\/uploads\/2026\/01\/5525_M-1-300x225.png",300,225,true],"medium_large":["https:\/\/www.blackbirdracing.com\/wp-content\/uploads\/2026\/01\/5525_M-1-768x576.png",768,576,true],"large":["https:\/\/www.blackbirdracing.com\/wp-content\/uploads\/2026\/01\/5525_M-1-1024x768.png",800,600,true],"1536x1536":["https:\/\/www.blackbirdracing.com\/wp-content\/uploads\/2026\/01\/5525_M-1-1536x1152.png",1536,1152,true],"2048x2048":["https:\/\/www.blackbirdracing.com\/wp-content\/uploads\/2026\/01\/5525_M-1.png",2048,1536,false],"trp-custom-language-flag":["https:\/\/www.blackbirdracing.com\/wp-content\/uploads\/2026\/01\/5525_M-1-16x12.png",16,12,true],"woocommerce_thumbnail":["https:\/\/www.blackbirdracing.com\/wp-content\/uploads\/2026\/01\/5525_M-1-300x300.png",300,300,true],"woocommerce_single":["https:\/\/www.blackbirdracing.com\/wp-content\/uploads\/2026\/01\/5525_M-1-600x450.png",600,450,true],"woocommerce_gallery_thumbnail":["https:\/\/www.blackbirdracing.com\/wp-content\/uploads\/2026\/01\/5525_M-1-100x100.png",100,100,true],"dgwt-wcas-product-suggestion":["https:\/\/www.blackbirdracing.com\/wp-content\/uploads\/2026\/01\/5525_M-1-64x48.png",64,48,true]},"uagb_author_info":{"display_name":"Stefano Dagnino","author_link":"https:\/\/www.blackbirdracing.com\/de\/author\/"},"uagb_comment_info":0,"uagb_excerpt":"Kit Adesivi Standard KTM","_links":{"self":[{"href":"https:\/\/www.blackbirdracing.com\/de\/wp-json\/wp\/v2\/product\/83686","targetHints":{"allow":["GET"]}}],"collection":[{"href":"https:\/\/www.blackbirdracing.com\/de\/wp-json\/wp\/v2\/product"}],"about":[{"href":"https:\/\/www.blackbirdracing.com\/de\/wp-json\/wp\/v2\/types\/product"}],"replies":[{"embeddable":true,"href":"https:\/\/www.blackbirdracing.com\/de\/wp-json\/wp\/v2\/comments?post=83686"}],"wp:featuredmedia":[{"embeddable":true,"href":"https:\/\/www.blackbirdracing.com\/de\/wp-json\/wp\/v2\/media\/83684"}],"wp:attachment":[{"href":"https:\/\/www.blackbirdracing.com\/de\/wp-json\/wp\/v2\/media?parent=83686"}],"wp:term":[{"taxonomy":"product_brand","embeddable":true,"href":"https:\/\/www.blackbirdracing.com\/de\/wp-json\/wp\/v2\/product_brand?post=83686"},{"taxonomy":"product_cat","embeddable":true,"href":"https:\/\/www.blackbirdracing.com\/de\/wp-json\/wp\/v2\/product_cat?post=83686"},{"taxonomy":"product_tag","embeddable":true,"href":"https:\/\/www.blackbirdracing.com\/de\/wp-json\/wp\/v2\/product_tag?post=83686"}],"curies":[{"name":"wp","href":"https:\/\/api.w.org\/{rel}","templated":true}]}}