{"id":84204,"date":"2026-03-10T13:45:05","date_gmt":"2026-03-10T12:45:05","guid":{"rendered":"https:\/\/www.blackbirdracing.com\/it\/prodotto\/kit-adesivi-racing-design-aprilia\/"},"modified":"2026-03-10T13:45:05","modified_gmt":"2026-03-10T12:45:05","slug":"kit-adesivi-racing-design-aprilia","status":"publish","type":"product","link":"https:\/\/www.blackbirdracing.com\/de\/prodotto\/kit-adesivi-racing-design-aprilia\/","title":{"rendered":"Kit Adesivi Racing Design APRILIA"},"content":{"rendered":"<p>Das Aufkleber-Kit wurde entwickelt, um den Stil Ihres Motorrads mit einem modernen, professionellen und perfekt abgestimmten Design zu erneuern und aufzuwerten. Jedes Element des Kits ist so konzipiert, dass es sich harmonisch in die wichtigsten Kunststoffteile des Motorrads einf\u00fcgt und ein einheitliches und visuell beeindruckendes Ergebnis erzielt, ideal f\u00fcr alle, die sich abheben m\u00f6chten. Das Kit enth\u00e4lt alle auf dem Foto abgebildeten Aufkleber und bietet eine vollst\u00e4ndige Abdeckung der wichtigsten Teile des Motorrads. Die im Kit enthaltenen Komponenten werden ausschlie\u00dflich als Komplettset verkauft und sind nicht einzeln erh\u00e4ltlich.<\/p>","protected":false},"excerpt":{"rendered":"<p>Kit Adesivi Racing Design APRILIA<\/p>","protected":false},"featured_media":84202,"comment_status":"open","ping_status":"closed","template":"","meta":{"_acf_changed":false},"product_brand":[],"product_cat":[1146,2178,2179],"product_tag":[26],"class_list":{"0":"post-84204","1":"product","2":"type-product","3":"status-publish","4":"has-post-thumbnail","6":"product_cat-kit-adesivi-moto","7":"product_cat-aprilia","8":"product_cat-tuareg","9":"product_tag-blackbird","11":"first","12":"onbackorder","13":"shipping-taxable","14":"purchasable","15":"product-type-simple"},"acf":[],"_links":{"self":[{"href":"https:\/\/www.blackbirdracing.com\/de\/wp-json\/wp\/v2\/product\/84204","targetHints":{"allow":["GET"]}}],"collection":[{"href":"https:\/\/www.blackbirdracing.com\/de\/wp-json\/wp\/v2\/product"}],"about":[{"href":"https:\/\/www.blackbirdracing.com\/de\/wp-json\/wp\/v2\/types\/product"}],"replies":[{"embeddable":true,"href":"https:\/\/www.blackbirdracing.com\/de\/wp-json\/wp\/v2\/comments?post=84204"}],"wp:featuredmedia":[{"embeddable":true,"href":"https:\/\/www.blackbirdracing.com\/de\/wp-json\/wp\/v2\/media\/84202"}],"wp:attachment":[{"href":"https:\/\/www.blackbirdracing.com\/de\/wp-json\/wp\/v2\/media?parent=84204"}],"wp:term":[{"taxonomy":"product_brand","embeddable":true,"href":"https:\/\/www.blackbirdracing.com\/de\/wp-json\/wp\/v2\/product_brand?post=84204"},{"taxonomy":"product_cat","embeddable":true,"href":"https:\/\/www.blackbirdracing.com\/de\/wp-json\/wp\/v2\/product_cat?post=84204"},{"taxonomy":"product_tag","embeddable":true,"href":"https:\/\/www.blackbirdracing.com\/de\/wp-json\/wp\/v2\/product_tag?post=84204"}],"curies":[{"name":"wp","href":"https:\/\/api.w.org\/{rel}","templated":true}]}}