{"id":30730,"date":"2025-07-25T18:04:21","date_gmt":"2025-07-25T16:04:21","guid":{"rendered":"https:\/\/alessiom160.sg-host.com\/?page_id=30730"},"modified":"2025-11-24T17:51:15","modified_gmt":"2025-11-24T16:51:15","slug":"oem","status":"publish","type":"page","link":"https:\/\/www.blackbirdracing.com\/es\/oem\/","title":{"rendered":"OEM"},"content":{"rendered":"<div data-elementor-type=\"wp-page\" data-elementor-id=\"30730\" class=\"elementor elementor-30730\" data-elementor-post-type=\"page\">\n\t\t\t\t<section class=\"elementor-element elementor-element-bba599f e-con-full section-s e-flex e-con e-parent\" data-id=\"bba599f\" data-element_type=\"container\" data-e-type=\"container\">\n\t\t<div class=\"elementor-element elementor-element-29438d7 e-con-full e-flex e-con e-child\" data-id=\"29438d7\" data-element_type=\"container\" data-e-type=\"container\">\n\t\t\t\t<div class=\"elementor-element elementor-element-2a845a6 elementor-widget elementor-widget-heading\" data-id=\"2a845a6\" data-element_type=\"widget\" data-e-type=\"widget\" data-widget_type=\"heading.default\">\n\t\t\t\t\t<h2 class=\"elementor-heading-title elementor-size-default\">Misi\u00f3n<\/h2>\t\t\t\t<\/div>\n\t\t\t\t<div class=\"elementor-element elementor-element-b5428bc elementor-widget elementor-widget-text-editor\" data-id=\"b5428bc\" data-element_type=\"widget\" data-e-type=\"widget\" data-widget_type=\"text-editor.default\">\n\t\t\t\t\t\t\t\t\t<p>BBr o.e.m. vuole offrire un servizio completo e qualificato adatto alle esigenze di ogni cliente sia nella fase di progettazione che in quella di produzione per la decorazione, tramite stickers, dei veicoli a due e quattro ruote.<\/p><p>Desde la industrializaci\u00f3n de los archivos gr\u00e1ficos hasta el embalaje y env\u00edo de los productos, BBr o.e.m. gestiona internamente todos los procesos intermedios.<br \/>Esto nos garantiza siempre un control total de la calidad y productividad de cada art\u00edculo producido.<\/p>\t\t\t\t\t\t\t\t<\/div>\n\t\t<section class=\"elementor-element elementor-element-acca076 e-con-full e-flex e-con e-child\" data-id=\"acca076\" data-element_type=\"container\" data-e-type=\"container\">\n\t\t<div class=\"elementor-element elementor-element-8ff7438 e-con-full section-left-s e-flex e-con e-child\" data-id=\"8ff7438\" data-element_type=\"container\" data-e-type=\"container\" data-settings=\"{&quot;background_background&quot;:&quot;classic&quot;}\">\n\t\t<div class=\"elementor-element elementor-element-202c580 e-con-full e-flex e-con e-child\" data-id=\"202c580\" data-element_type=\"container\" data-e-type=\"container\">\n\t\t\t\t<div class=\"elementor-element elementor-element-27621b4 elementor-widget elementor-widget-heading\" data-id=\"27621b4\" data-element_type=\"widget\" data-e-type=\"widget\" data-widget_type=\"heading.default\">\n\t\t\t\t\t<h3 class=\"elementor-heading-title elementor-size-default\">objetivos<\/h3>\t\t\t\t<\/div>\n\t\t\t\t<\/div>\n\t\t\t\t<div class=\"elementor-element elementor-element-a9cf205 elementor-widget elementor-widget-text-editor\" data-id=\"a9cf205\" data-element_type=\"widget\" data-e-type=\"widget\" data-widget_type=\"text-editor.default\">\n\t\t\t\t\t\t\t\t\t<p>Nos gusta resumir nuestros objetivos con la palabra <strong>RISS<\/strong><\/p><ul><li class=\"translation-block\"><strong>I<\/strong>nvestigaci\u00f3n mejor calidad en nuestros productos.<\/li><li><strong>I<\/strong>industrializaci\u00f3n, de la producci\u00f3n mediante la continua b\u00fasqueda de equipos tecnol\u00f3gicamente avanzados.<\/li><li><strong>S<\/strong>desarrollo, de nuevos materiales en colaboraci\u00f3n con los propios clientes.<\/li><li><strong>S<\/strong>satisfacci\u00f3n del cliente.<\/li><\/ul>\t\t\t\t\t\t\t\t<\/div>\n\t\t\t\t<\/div>\n\t\t<div class=\"elementor-element elementor-element-d1d5e49 e-con-full section-right-s e-flex e-con e-child\" data-id=\"d1d5e49\" data-element_type=\"container\" data-e-type=\"container\" data-settings=\"{&quot;background_background&quot;:&quot;classic&quot;}\">\n\t\t\t\t<\/div>\n\t\t\t\t<\/section>\n\t\t\t\t<\/div>\n\t\t<div class=\"elementor-element elementor-element-a6b64ce e-con-full e-flex e-con e-child\" data-id=\"a6b64ce\" data-element_type=\"container\" data-e-type=\"container\">\n\t\t\t\t<div class=\"elementor-element elementor-element-8be531b elementor-widget elementor-widget-heading\" data-id=\"8be531b\" data-element_type=\"widget\" data-e-type=\"widget\" data-widget_type=\"heading.default\">\n\t\t\t\t\t<h2 class=\"elementor-heading-title elementor-size-default\">BBR O.E.M. producci\u00f3n de kits adhesivos<\/h2>\t\t\t\t<\/div>\n\t\t<div class=\"elementor-element elementor-element-2cf3298 e-con-full e-flex e-con e-child\" data-id=\"2cf3298\" data-element_type=\"container\" data-e-type=\"container\">\n\t\t\t\t<div class=\"elementor-element elementor-element-55c0dda elementor-widget elementor-widget-heading\" data-id=\"55c0dda\" data-element_type=\"widget\" data-e-type=\"widget\" data-widget_type=\"heading.default\">\n\t\t\t\t\t<h3 class=\"elementor-heading-title elementor-size-default\">Dise\u00f1o y procesamiento de archivos\n<\/h3>\t\t\t\t<\/div>\n\t\t\t\t<div class=\"elementor-element elementor-element-3e7dc02 elementor-widget elementor-widget-text-editor\" data-id=\"3e7dc02\" data-element_type=\"widget\" data-e-type=\"widget\" data-widget_type=\"text-editor.default\">\n\t\t\t\t\t\t\t\t\t<p>BBr o.e.m., en colaboraci\u00f3n con centros de dise\u00f1o y\/o agencias gr\u00e1ficas se encarga de:<\/p><ul><li>Estudio y selecci\u00f3n del material m\u00e1s apropiado en funci\u00f3n del tipo de soporte sobre el que se va a realizar la aplicaci\u00f3n.<\/li><li>Dibuje los contornos de los troqueles directamente en el veh\u00edculo, calculando los espacios en relaci\u00f3n con la mejor aplicabilidad posible.<\/li><li>Proporcionar una pre-serie moldeada para verificar la aplicabilidad.<\/li><li>Modificar y realizar las superposiciones en los archivos ejecutivos para hacerlos industrializables seg\u00fan el tipo de impresi\u00f3n y los materiales elegidos.<\/li><li>Realizar las instalaciones necesarias para la impresi\u00f3n serigr\u00e1fica definitiva.<\/li><\/ul>\t\t\t\t\t\t\t\t<\/div>\n\t\t\t\t<\/div>\n\t\t<div class=\"elementor-element elementor-element-ad8bff6 e-con-full e-flex e-con e-child\" data-id=\"ad8bff6\" data-element_type=\"container\" data-e-type=\"container\">\n\t\t\t\t<div class=\"elementor-element elementor-element-da7734f elementor-widget elementor-widget-heading\" data-id=\"da7734f\" data-element_type=\"widget\" data-e-type=\"widget\" data-widget_type=\"heading.default\">\n\t\t\t\t\t<h3 class=\"elementor-heading-title elementor-size-default\">Preparaci\u00f3n de prototipos para ferias o presentaciones<\/h3>\t\t\t\t<\/div>\n\t\t\t\t<div class=\"elementor-element elementor-element-966bc34 elementor-widget elementor-widget-text-editor\" data-id=\"966bc34\" data-element_type=\"widget\" data-e-type=\"widget\" data-widget_type=\"text-editor.default\">\n\t\t\t\t\t\t\t\t\t<p>BBr o.e.m, se ocupa de la impresi\u00f3n, el corte y la aplicaci\u00f3n de cualquier tipo de prototipo para usar en ferias, eventos, sesiones fotogr\u00e1ficas o incluso solo para la visi\u00f3n completa del producto terminado.<br \/>Estos prototipos son fabricados por nosotros utilizando las mejores tecnolog\u00edas de impresi\u00f3n digital disponibles en el mercado.<\/p>\t\t\t\t\t\t\t\t<\/div>\n\t\t\t\t<\/div>\n\t\t<div class=\"elementor-element elementor-element-0984d51 e-con-full e-flex e-con e-child\" data-id=\"0984d51\" data-element_type=\"container\" data-e-type=\"container\">\n\t\t\t\t<div class=\"elementor-element elementor-element-e663f2d elementor-widget elementor-widget-heading\" data-id=\"e663f2d\" data-element_type=\"widget\" data-e-type=\"widget\" data-widget_type=\"heading.default\">\n\t\t\t\t\t<h3 class=\"elementor-heading-title elementor-size-default\">Producci\u00f3n de pegatinas<\/h3>\t\t\t\t<\/div>\n\t\t\t\t<div class=\"elementor-element elementor-element-a1d6bc9 elementor-widget elementor-widget-text-editor\" data-id=\"a1d6bc9\" data-element_type=\"widget\" data-e-type=\"widget\" data-widget_type=\"text-editor.default\">\n\t\t\t\t\t\t\t\t\t<p>BBr o.e.m realiza el 100% de las elaboraciones dentro de su sede productiva en G\u00e9nova, contando con un personal altamente especializado con una excelente experiencia en el sector y los mejores sistemas de impresi\u00f3n automatizada serigr\u00e1fica.<\/p>\t\t\t\t\t\t\t\t<\/div>\n\t\t<div class=\"elementor-element elementor-element-733713e e-con-full e-flex e-con e-child\" data-id=\"733713e\" data-element_type=\"container\" data-e-type=\"container\" data-settings=\"{&quot;background_background&quot;:&quot;classic&quot;}\">\n\t\t\t\t<div class=\"elementor-element elementor-element-54a9783 elementor-widget elementor-widget-heading\" data-id=\"54a9783\" data-element_type=\"widget\" data-e-type=\"widget\" data-widget_type=\"heading.default\">\n\t\t\t\t\t<h4 class=\"elementor-heading-title elementor-size-default\">BBR O.E.M. fabricaci\u00f3n de fundas de sill\u00edn<\/h4>\t\t\t\t<\/div>\n\t\t\t\t<div class=\"elementor-element elementor-element-9291d66 elementor-widget elementor-widget-text-editor\" data-id=\"9291d66\" data-element_type=\"widget\" data-e-type=\"widget\" data-widget_type=\"text-editor.default\">\n\t\t\t\t\t\t\t\t\t<div>Un servicio adicional que BBr o.e.m pone a disposici\u00f3n de sus clientes es el dise\u00f1o e industrializaci\u00f3n de las fundas de sill\u00edn.<br \/>El departamento de investigaci\u00f3n y desarrollo de este sector trabaja constantemente junto con todos los equipos de carreras que apoyamos para mejorar e innovar los materiales necesarios para la realizaci\u00f3n del producto terminado.<br \/>En colaboraci\u00f3n con todas las empresas m\u00e1s prestigiosas dedicadas a la producci\u00f3n de sillines completos, BBr o.e.m. puede encargarse de la personalizaci\u00f3n, proporcionando las partes laterales moldeadas tanto en material antideslizante como en material pulido. Un servicio verdaderamente innovador que aprovecha los conocimientos t\u00e9cnicos de una empresa gr\u00e1fica aplicados a un producto t\u00e9cnico.<\/div>\t\t\t\t\t\t\t\t<\/div>\n\t\t\t\t<div class=\"elementor-element elementor-element-e84c835 elementor-widget elementor-widget-heading\" data-id=\"e84c835\" data-element_type=\"widget\" data-e-type=\"widget\" data-widget_type=\"heading.default\">\n\t\t\t\t\t<h4 class=\"elementor-heading-title elementor-size-default\">Empaquetado y control de calidad<\/h4>\t\t\t\t<\/div>\n\t\t\t\t<div class=\"elementor-element elementor-element-9a0ac47 elementor-widget elementor-widget-text-editor\" data-id=\"9a0ac47\" data-element_type=\"widget\" data-e-type=\"widget\" data-widget_type=\"text-editor.default\">\n\t\t\t\t\t\t\t\t\t<div>BBr o.e.m puede empaquetar, incluso individualmente en bl\u00edster, todas las pegatinas.<br \/>Las ampollas pueden ser est\u00e1ndar o personalizadas, pueden venir equipadas con etiquetas con cualquier sistema de identificaci\u00f3n requerido por el cliente.<br \/>Todas las pegatinas que producimos pasan por el departamento de control de calidad y se revisan individualmente, descartando todas las que se consideran no aptas.<\/div>\t\t\t\t\t\t\t\t<\/div>\n\t\t\t\t<div class=\"elementor-element elementor-element-6a349da elementor-widget elementor-widget-heading\" data-id=\"6a349da\" data-element_type=\"widget\" data-e-type=\"widget\" data-widget_type=\"heading.default\">\n\t\t\t\t\t<h4 class=\"elementor-heading-title elementor-size-default\">Investigaci\u00f3n y desarrollo<\/h4>\t\t\t\t<\/div>\n\t\t\t\t<div class=\"elementor-element elementor-element-6575ac6 elementor-widget elementor-widget-text-editor\" data-id=\"6575ac6\" data-element_type=\"widget\" data-e-type=\"widget\" data-widget_type=\"text-editor.default\">\n\t\t\t\t\t\t\t\t\t<div>El cerebro y el coraz\u00f3n de BBr o.e.m. es sin duda el departamento de Investigaci\u00f3n y Desarrollo, estructurado para responder en tiempo real a todas las solicitudes y necesidades de los clientes.<br \/>El departamento mantiene estrechos contactos con todos nuestros principales proveedores de materias primas, adem\u00e1s de estar dotado de todo el equipamiento que permite el envejecimiento acelerado de los productos terminados para poder, posteriormente, certificar una garant\u00eda.<br \/>El departamento de investigaci\u00f3n y desarrollo es la verdadera alma del Grupo Blackbird, la joya de la corona de una empresa que ha hecho de la innovaci\u00f3n su marca distintiva.<\/div>\t\t\t\t\t\t\t\t<\/div>\n\t\t\t\t<\/div>\n\t\t\t\t<\/div>\n\t\t\t\t<\/div>\n\t\t\t\t<\/section>\n\t\t\t\t<\/div>","protected":false},"excerpt":{"rendered":"<p>Mission BBr o.e.m. vuole offrire un servizio completo e qualificato adatto alle esigenze di ogni cliente sia nella fase di progettazione che in quella di produzione per la decorazione, tramite stickers, dei veicoli a due e quattro ruote. Partendo dall\u2019industrializzazione dei file grafici fino ad arrivare alla confezione e spedizione dei prodotti, la BBr o.e.m. [&hellip;]<\/p>\n","protected":false},"author":1,"featured_media":77138,"parent":0,"menu_order":0,"comment_status":"closed","ping_status":"closed","template":"","meta":{"footnotes":""},"class_list":["post-30730","page","type-page","status-publish","has-post-thumbnail","hentry"],"_links":{"self":[{"href":"https:\/\/www.blackbirdracing.com\/es\/wp-json\/wp\/v2\/pages\/30730","targetHints":{"allow":["GET"]}}],"collection":[{"href":"https:\/\/www.blackbirdracing.com\/es\/wp-json\/wp\/v2\/pages"}],"about":[{"href":"https:\/\/www.blackbirdracing.com\/es\/wp-json\/wp\/v2\/types\/page"}],"author":[{"embeddable":true,"href":"https:\/\/www.blackbirdracing.com\/es\/wp-json\/wp\/v2\/users\/1"}],"replies":[{"embeddable":true,"href":"https:\/\/www.blackbirdracing.com\/es\/wp-json\/wp\/v2\/comments?post=30730"}],"version-history":[{"count":10,"href":"https:\/\/www.blackbirdracing.com\/es\/wp-json\/wp\/v2\/pages\/30730\/revisions"}],"predecessor-version":[{"id":31159,"href":"https:\/\/www.blackbirdracing.com\/es\/wp-json\/wp\/v2\/pages\/30730\/revisions\/31159"}],"wp:featuredmedia":[{"embeddable":true,"href":"https:\/\/www.blackbirdracing.com\/es\/wp-json\/wp\/v2\/media\/77138"}],"wp:attachment":[{"href":"https:\/\/www.blackbirdracing.com\/es\/wp-json\/wp\/v2\/media?parent=30730"}],"curies":[{"name":"wp","href":"https:\/\/api.w.org\/{rel}","templated":true}]}}