{"id":30810,"date":"2025-07-28T12:27:50","date_gmt":"2025-07-28T10:27:50","guid":{"rendered":"https:\/\/alessiom160.sg-host.com\/?page_id=30810"},"modified":"2025-11-24T17:49:16","modified_gmt":"2025-11-24T16:49:16","slug":"karting","status":"publish","type":"page","link":"https:\/\/www.blackbirdracing.com\/es\/karting\/","title":{"rendered":"Karting"},"content":{"rendered":"<div data-elementor-type=\"wp-page\" data-elementor-id=\"30810\" class=\"elementor elementor-30810\" data-elementor-post-type=\"page\">\n\t\t\t\t<section class=\"elementor-element elementor-element-bba599f e-con-full section-s e-flex e-con e-parent\" data-id=\"bba599f\" data-element_type=\"container\" data-e-type=\"container\">\n\t\t<div class=\"elementor-element elementor-element-29438d7 e-con-full e-flex e-con e-child\" data-id=\"29438d7\" data-element_type=\"container\" data-e-type=\"container\">\n\t\t\t\t<div class=\"elementor-element elementor-element-6f59cec elementor-widget elementor-widget-text-editor\" data-id=\"6f59cec\" data-element_type=\"widget\" data-e-type=\"widget\" data-widget_type=\"text-editor.default\">\n\t\t\t\t\t\t\t\t\t<div>Blackbird Racing tambi\u00e9n se especializa en la producci\u00f3n de kits adhesivos para todos los modelos de karts del mercado. La gran profesionalidad y experiencia adquirida en la colaboraci\u00f3n de muchos a\u00f1os con las principales empresas productoras, ha llevado a nuestra empresa a ser l\u00edder en el mercado mundial.<\/div>\t\t\t\t\t\t\t\t<\/div>\n\t\t\t\t<div class=\"elementor-element elementor-element-2a845a6 elementor-widget elementor-widget-heading\" data-id=\"2a845a6\" data-element_type=\"widget\" data-e-type=\"widget\" data-widget_type=\"heading.default\">\n\t\t\t\t\t<h2 class=\"elementor-heading-title elementor-size-default\">caracter\u00edsticas t\u00e9cnicas<\/h2>\t\t\t\t<\/div>\n\t\t\t\t<div class=\"elementor-element elementor-element-b5428bc elementor-widget elementor-widget-text-editor\" data-id=\"b5428bc\" data-element_type=\"widget\" data-e-type=\"widget\" data-widget_type=\"text-editor.default\">\n\t\t\t\t\t\t\t\t\t<p>Todos los kits adhesivos que producimos est\u00e1n hechos con serigraf\u00eda multicolor en la parte posterior del material.<br \/>Este sistema garantiza una excelente resistencia a cualquier tipo de abrasi\u00f3n superficial.<\/p><ul><li><strong>CRYSTALL<br \/><\/strong>Utilizamos un crystall producido seg\u00fan nuestras especificaciones, del espesor de 0,5 mm, constituido con plastificantes polim\u00e9ricos muy flexibles y f\u00e1ciles de aplicar.<\/li><li><strong>adhesivo<br \/><\/strong>Tambi\u00e9n el adhesivo colocado en la parte posterior es de nuestra producci\u00f3n, ya que ha sido dise\u00f1ado especialmente para su aplicaci\u00f3n en pl\u00e1sticos de polipropileno.<\/li><li><strong>impresi\u00f3n<br \/><\/strong>La impresi\u00f3n se realiza en serigraf\u00eda con tintas de alta resistencia a los agentes atmosf\u00e9ricos, muy brillante y bien definida en los detalles. Podemos utilizar tintas fluorescentes, brillo de plata y oro, y efectos espejo de varios tipos.<\/li><li><strong>corte<br \/><\/strong>Todos los kits de nuestra producci\u00f3n se cortan con plotters planos de control electr\u00f3nico que garantizan, adem\u00e1s de una excelente precisi\u00f3n, tambi\u00e9n la compensaci\u00f3n de las dilataciones del material.<\/li><li><strong>embalaje<br \/><\/strong>Podemos embalar los kits, a petici\u00f3n espec\u00edfica, tambi\u00e9n individualmente. Utilizamos un sistema de pl\u00e1stico termorretr\u00e1ctil, que adem\u00e1s de hacer que el producto sea est\u00e9ticamente agradable, evita que las partes individuales del kit se muevan dentro de \u00e9l.<\/li><\/ul>\t\t\t\t\t\t\t\t<\/div>\n\t\t<section class=\"elementor-element elementor-element-acca076 e-con-full e-flex e-con e-child\" data-id=\"acca076\" data-element_type=\"container\" data-e-type=\"container\">\n\t\t<div class=\"elementor-element elementor-element-8ff7438 e-con-full section-left-s e-flex e-con e-child\" data-id=\"8ff7438\" data-element_type=\"container\" data-e-type=\"container\" data-settings=\"{&quot;background_background&quot;:&quot;classic&quot;}\">\n\t\t\t\t<div class=\"elementor-element elementor-element-27621b4 elementor-widget elementor-widget-heading\" data-id=\"27621b4\" data-element_type=\"widget\" data-e-type=\"widget\" data-widget_type=\"heading.default\">\n\t\t\t\t\t<h3 class=\"elementor-heading-title elementor-size-default\">TECNOLOG\u00cdA DE IMPRESI\u00d3N DE VANGUARDIA\n<\/h3>\t\t\t\t<\/div>\n\t\t\t\t<div class=\"elementor-element elementor-element-a9cf205 elementor-widget elementor-widget-text-editor\" data-id=\"a9cf205\" data-element_type=\"widget\" data-e-type=\"widget\" data-widget_type=\"text-editor.default\">\n\t\t\t\t\t\t\t\t\t<div>Todos nuestros kits est\u00e1n hechos en serigraf\u00eda, tambi\u00e9n podemos a\u00f1adir las siguientes tecnolog\u00edas de impresi\u00f3n:<\/div><ul><li><strong>EFECTO B-CROME<br \/><\/strong>Esta t\u00e9cnica de impresi\u00f3n consiste en la realizaci\u00f3n de colores con efecto espejo y cromo.<br \/>Abbiamo molteplici soluzioni grafiche da proporre e personalizzare.<\/li><li><strong>EFFETTO GLITTER<br \/><\/strong>Questa tecnica di stampa consiste nella realizzazione di colori con effetto metalizzato perlato.<br \/>Tambi\u00e9n en este caso podemos personalizar los colores utilizando siempre el mismo efecto.<\/li><li><strong>EFECTO FLUO<br \/><\/strong>Esta t\u00e9cnica de impresi\u00f3n consiste en el uso de tintas fluorescentes.<br \/>Estos garantizan una excelente visibilidad y brillo del propio kit.<\/li><li><strong>EFECTO IRRITANTE<br \/><\/strong>Podemos utilizar tintas que cambian el reflejo del color seg\u00fan la refracci\u00f3n de la luz misma.<\/li><\/ul>\t\t\t\t\t\t\t\t<\/div>\n\t\t\t\t<\/div>\n\t\t<div class=\"elementor-element elementor-element-d1d5e49 e-con-full section-right-s e-flex e-con e-child\" data-id=\"d1d5e49\" data-element_type=\"container\" data-e-type=\"container\" data-settings=\"{&quot;background_background&quot;:&quot;classic&quot;}\">\n\t\t\t\t<\/div>\n\t\t\t\t<\/section>\n\t\t\t\t<\/div>\n\t\t<div class=\"elementor-element elementor-element-a6b64ce e-con-full e-flex e-con e-child\" data-id=\"a6b64ce\" data-element_type=\"container\" data-e-type=\"container\">\n\t\t\t\t<div class=\"elementor-element elementor-element-8be531b elementor-widget elementor-widget-heading\" data-id=\"8be531b\" data-element_type=\"widget\" data-e-type=\"widget\" data-widget_type=\"heading.default\">\n\t\t\t\t\t<h2 class=\"elementor-heading-title elementor-size-default\">departamento gr\u00e1fico<\/h2>\t\t\t\t<\/div>\n\t\t\t\t<div class=\"elementor-element elementor-element-3e7dc02 elementor-widget elementor-widget-text-editor\" data-id=\"3e7dc02\" data-element_type=\"widget\" data-e-type=\"widget\" data-widget_type=\"text-editor.default\">\n\t\t\t\t\t\t\t\t\t<p>Dentro de nuestra empresa, un completo equipo de personas especializadas en el sector est\u00e1 siempre disponible para la creaci\u00f3n de cualquier proyecto gr\u00e1fico o para ayudar a industrializar uno ya existente.<br \/>Podemos entonces ocuparnos tanto del proyecto completo como, en colaboraci\u00f3n con el centro de estilo de las empresas, solo de la parte t\u00e9cnica relacionada con los ajustes y la creaci\u00f3n de sobres de impresi\u00f3n.<\/p>\t\t\t\t\t\t\t\t<\/div>\n\t\t\t\t<div class=\"elementor-element elementor-element-9a865ae elementor-widget elementor-widget-heading\" data-id=\"9a865ae\" data-element_type=\"widget\" data-e-type=\"widget\" data-widget_type=\"heading.default\">\n\t\t\t\t\t<h2 class=\"elementor-heading-title elementor-size-default\">preventivos<\/h2>\t\t\t\t<\/div>\n\t\t\t\t<div class=\"elementor-element elementor-element-966bc34 elementor-widget elementor-widget-text-editor\" data-id=\"966bc34\" data-element_type=\"widget\" data-e-type=\"widget\" data-widget_type=\"text-editor.default\">\n\t\t\t\t\t\t\t\t\t<p>Tenemos las plantillas de todos los principales fabricantes de pl\u00e1sticos para karts, por lo que podemos realizar gratuitamente cualquier tipo de presupuesto requerido.<\/p>\t\t\t\t\t\t\t\t<\/div>\n\t\t\t\t<\/div>\n\t\t\t\t<\/section>\n\t\t\t\t<\/div>","protected":false},"excerpt":{"rendered":"<p>Blackbird Racing \u00e8 specializzata anche nella produzione di kit adesivi per tutti i modelli di go-kart in commercio. La grande professionalit\u00e0 ed esperienza maturata nella collaborazione pluriennale con le maggiori aziende produttrici, ha portato la nostra azienda ad essere leader nel mercato mondiale. CARATTERISTICHE TECNICHE Tutti i kit adesivi da noi prodotti vengono realizzati con [&hellip;]<\/p>\n","protected":false},"author":1,"featured_media":77130,"parent":0,"menu_order":0,"comment_status":"closed","ping_status":"closed","template":"","meta":{"_acf_changed":false,"_uag_custom_page_level_css":"","footnotes":""},"class_list":["post-30810","page","type-page","status-publish","has-post-thumbnail","hentry"],"acf":[],"uagb_featured_image_src":{"full":["https:\/\/www.blackbirdracing.com\/wp-content\/uploads\/2025\/11\/blackbird-karting_edit.webp",1600,760,false],"thumbnail":["https:\/\/www.blackbirdracing.com\/wp-content\/uploads\/2025\/11\/blackbird-karting_edit-150x150.webp",150,150,true],"medium":["https:\/\/www.blackbirdracing.com\/wp-content\/uploads\/2025\/11\/blackbird-karting_edit-300x143.webp",300,143,true],"medium_large":["https:\/\/www.blackbirdracing.com\/wp-content\/uploads\/2025\/11\/blackbird-karting_edit-768x365.webp",768,365,true],"large":["https:\/\/www.blackbirdracing.com\/wp-content\/uploads\/2025\/11\/blackbird-karting_edit-1024x486.webp",800,380,true],"1536x1536":["https:\/\/www.blackbirdracing.com\/wp-content\/uploads\/2025\/11\/blackbird-karting_edit-1536x730.webp",1536,730,true],"2048x2048":["https:\/\/www.blackbirdracing.com\/wp-content\/uploads\/2025\/11\/blackbird-karting_edit.webp",1600,760,false],"trp-custom-language-flag":["https:\/\/www.blackbirdracing.com\/wp-content\/uploads\/2025\/11\/blackbird-karting_edit-18x9.webp",18,9,true],"woocommerce_thumbnail":["https:\/\/www.blackbirdracing.com\/wp-content\/uploads\/2025\/11\/blackbird-karting_edit-300x300.webp",300,300,true],"woocommerce_single":["https:\/\/www.blackbirdracing.com\/wp-content\/uploads\/2025\/11\/blackbird-karting_edit-600x285.webp",600,285,true],"woocommerce_gallery_thumbnail":["https:\/\/www.blackbirdracing.com\/wp-content\/uploads\/2025\/11\/blackbird-karting_edit-100x100.webp",100,100,true],"dgwt-wcas-product-suggestion":["https:\/\/www.blackbirdracing.com\/wp-content\/uploads\/2025\/11\/blackbird-karting_edit.webp",64,30,false]},"uagb_author_info":{"display_name":"Mattia Faloretti","author_link":"https:\/\/www.blackbirdracing.com\/es\/author\/mattia-falorettilaicos-agency\/"},"uagb_comment_info":0,"uagb_excerpt":"Blackbird Racing \u00e8 specializzata anche nella produzione di kit adesivi per tutti i modelli di go-kart in commercio. La grande professionalit\u00e0 ed esperienza maturata nella collaborazione pluriennale con le maggiori aziende produttrici, ha portato la nostra azienda ad essere leader nel mercato mondiale. CARATTERISTICHE TECNICHE Tutti i kit adesivi da noi prodotti vengono realizzati con&hellip;","_links":{"self":[{"href":"https:\/\/www.blackbirdracing.com\/es\/wp-json\/wp\/v2\/pages\/30810","targetHints":{"allow":["GET"]}}],"collection":[{"href":"https:\/\/www.blackbirdracing.com\/es\/wp-json\/wp\/v2\/pages"}],"about":[{"href":"https:\/\/www.blackbirdracing.com\/es\/wp-json\/wp\/v2\/types\/page"}],"author":[{"embeddable":true,"href":"https:\/\/www.blackbirdracing.com\/es\/wp-json\/wp\/v2\/users\/1"}],"replies":[{"embeddable":true,"href":"https:\/\/www.blackbirdracing.com\/es\/wp-json\/wp\/v2\/comments?post=30810"}],"version-history":[{"count":13,"href":"https:\/\/www.blackbirdracing.com\/es\/wp-json\/wp\/v2\/pages\/30810\/revisions"}],"predecessor-version":[{"id":31156,"href":"https:\/\/www.blackbirdracing.com\/es\/wp-json\/wp\/v2\/pages\/30810\/revisions\/31156"}],"wp:featuredmedia":[{"embeddable":true,"href":"https:\/\/www.blackbirdracing.com\/es\/wp-json\/wp\/v2\/media\/77130"}],"wp:attachment":[{"href":"https:\/\/www.blackbirdracing.com\/es\/wp-json\/wp\/v2\/media?parent=30810"}],"curies":[{"name":"wp","href":"https:\/\/api.w.org\/{rel}","templated":true}]}}