{"id":30883,"date":"2025-07-28T16:41:04","date_gmt":"2025-07-28T14:41:04","guid":{"rendered":"https:\/\/alessiom160.sg-host.com\/?page_id=30883"},"modified":"2025-12-01T10:19:21","modified_gmt":"2025-12-01T09:19:21","slug":"catalogo-blackbird-racing","status":"publish","type":"page","link":"https:\/\/www.blackbirdracing.com\/es\/catalogo-blackbird-racing\/","title":{"rendered":"Cat\u00e1logo Blackbird Racing"},"content":{"rendered":"<div data-elementor-type=\"wp-page\" data-elementor-id=\"30883\" class=\"elementor elementor-30883\" data-elementor-post-type=\"page\">\n\t\t\t\t<section class=\"elementor-element elementor-element-be36b6d e-con-full section-s e-flex e-con e-parent\" data-id=\"be36b6d\" data-element_type=\"container\" data-e-type=\"container\">\n\t\t\t\t<div class=\"elementor-element elementor-element-aa0dd3b elementor-widget elementor-widget-text-editor\" data-id=\"aa0dd3b\" data-element_type=\"widget\" data-e-type=\"widget\" data-widget_type=\"text-editor.default\">\n\t\t\t\t\t\t\t\t\t<p>Descubre nuestro cat\u00e1logo de productos dedicado al mundo del motocross, dise\u00f1ado para ofrecer una visi\u00f3n completa y profesional de las soluciones m\u00e1s avanzadas para el mantenimiento, la optimizaci\u00f3n y la personalizaci\u00f3n de tu moto.<\/p><p>En su interior encontrar\u00e1s una amplia gama de componentes t\u00e9cnicos de alto rendimiento: kits de adhesivos, protectores de horquilla, fundas de sill\u00edn, accesorios varios, y equipamiento dise\u00f1ado para garantizar seguridad, confort y m\u00e1xima eficiencia en la conducci\u00f3n todoterreno.<\/p><p>Todos los productos disponibles en el cat\u00e1logo se seleccionan bas\u00e1ndose en rigurosos est\u00e1ndares de calidad, fiabilidad y compatibilidad con los principales modelos de los fabricantes de motocicletas del sector.<\/p><p>Actualizamos el cat\u00e1logo cada a\u00f1o, para asegurar soluciones siempre actuales y alineadas con las necesidades de pilotos profesionales, equipos de carreras y entusiastas.\u00a0<br \/>No dudes en contactarnos para m\u00e1s informaci\u00f3n.<\/p>\t\t\t\t\t\t\t\t<\/div>\n\t\t<div class=\"elementor-element elementor-element-f5f1b9e e-con-full e-flex e-con e-child\" data-id=\"f5f1b9e\" data-element_type=\"container\" data-e-type=\"container\">\n\t\t<section class=\"elementor-element elementor-element-4ba2145 e-con-full elementor-hidden-tablet elementor-hidden-mobile e-flex e-con e-child\" data-id=\"4ba2145\" data-element_type=\"container\" data-e-type=\"container\">\n\t\t<div class=\"elementor-element elementor-element-9c9680d e-con-full section-left-s e-flex e-con e-child\" data-id=\"9c9680d\" data-element_type=\"container\" data-e-type=\"container\" data-settings=\"{&quot;background_background&quot;:&quot;classic&quot;}\">\n\t\t\t\t<div class=\"elementor-element elementor-element-3cc8111 elementor-widget elementor-widget-heading\" data-id=\"3cc8111\" data-element_type=\"widget\" data-e-type=\"widget\" data-widget_type=\"heading.default\">\n\t\t\t\t\t<h3 class=\"elementor-heading-title elementor-size-default\">Descarga el cat\u00e1logo<\/h3>\t\t\t\t<\/div>\n\t\t\t\t<div class=\"elementor-element elementor-element-55c00c8 elementor-widget elementor-widget-text-editor\" data-id=\"55c00c8\" data-element_type=\"widget\" data-e-type=\"widget\" data-widget_type=\"text-editor.default\">\n\t\t\t\t\t\t\t\t\t<p>Descargue ahora el cat\u00e1logo en formato pdf<\/p>\t\t\t\t\t\t\t\t<\/div>\n\t\t\t\t<div class=\"elementor-element elementor-element-a7d173f elementor-align-left elementor-widget elementor-widget-jet-download-button\" data-id=\"a7d173f\" data-element_type=\"widget\" data-e-type=\"widget\" data-widget_type=\"jet-download-button.default\">\n\t\t\t\t<div class=\"elementor-widget-container\">\n\t\t\t\t\t<div class=\"elementor-jet-download-button jet-elements\"><a class=\"elementor-button elementor-size-md jet-download jet-download-icon-position-left\" data-e-disable-page-transition=\"true\" href=\"https:\/\/www.blackbirdracing.com\/es\/?jet_download=5b0e25ee4c287faddd1cd100122503934e55ec29\"  rel=\"nofollow\"><span class=\"jet-download__text\"><span class=\"jet-download__label\">Descargar pdf<\/span><span class=\"jet-download__file-name\"><\/span><small class=\"jet-download__sub-label\">137 MB<\/small><\/span><\/a>\n<\/div>\t\t\t\t<\/div>\n\t\t\t\t<\/div>\n\t\t\t\t<\/div>\n\t\t<div class=\"elementor-element elementor-element-5804322 e-con-full section-right-s e-flex e-con e-child\" data-id=\"5804322\" data-element_type=\"container\" data-e-type=\"container\" data-settings=\"{&quot;background_background&quot;:&quot;classic&quot;}\">\n\t\t\t\t<div class=\"elementor-element elementor-element-e021873 elementor-widget elementor-widget-heading\" data-id=\"e021873\" data-element_type=\"widget\" data-e-type=\"widget\" data-widget_type=\"heading.default\">\n\t\t\t\t\t<h3 class=\"elementor-heading-title elementor-size-default\">Ver el cat\u00e1logo<\/h3>\t\t\t\t<\/div>\n\t\t\t\t<div class=\"elementor-element elementor-element-ccda5ce elementor-widget elementor-widget-text-editor\" data-id=\"ccda5ce\" data-element_type=\"widget\" data-e-type=\"widget\" data-widget_type=\"text-editor.default\">\n\t\t\t\t\t\t\t\t\t<p>Explora el cat\u00e1logo para encontrar los componentes m\u00e1s adecuados a tus necesidades.<\/p>\t\t\t\t\t\t\t\t<\/div>\n\t\t\t\t<div class=\"elementor-element elementor-element-8a87494 elementor-align-right elementor-widget elementor-widget-button\" data-id=\"8a87494\" data-element_type=\"widget\" data-e-type=\"widget\" data-widget_type=\"button.default\">\n\t\t\t\t\t\t\t\t\t\t<a class=\"elementor-button elementor-button-link elementor-size-sm\" href=\"https:\/\/www.blackbirdracing.com\/es\/catalogo-blackbird-racing\/leggi-online\/\" target=\"_blank\">\n\t\t\t\t\t\t<span class=\"elementor-button-content-wrapper\">\n\t\t\t\t\t\t\t\t\t<span class=\"elementor-button-text\">Navega por el cat\u00e1logo online<\/span>\n\t\t\t\t\t<\/span>\n\t\t\t\t\t<\/a>\n\t\t\t\t\t\t\t\t<\/div>\n\t\t\t\t<\/div>\n\t\t\t\t<\/section>\n\t\t<section class=\"elementor-element elementor-element-7e6227b e-con-full elementor-hidden-desktop elementor-hidden-laptop e-flex e-con e-child\" data-id=\"7e6227b\" data-element_type=\"container\" data-e-type=\"container\">\n\t\t<div class=\"elementor-element elementor-element-227ef67 e-con-full section-left-s e-flex e-con e-child\" data-id=\"227ef67\" data-element_type=\"container\" data-e-type=\"container\" data-settings=\"{&quot;background_background&quot;:&quot;classic&quot;}\">\n\t\t\t\t<div class=\"elementor-element elementor-element-9e4b0f8 elementor-widget elementor-widget-heading\" data-id=\"9e4b0f8\" data-element_type=\"widget\" data-e-type=\"widget\" data-widget_type=\"heading.default\">\n\t\t\t\t\t<h3 class=\"elementor-heading-title elementor-size-default\">Descarga el cat\u00e1logo<\/h3>\t\t\t\t<\/div>\n\t\t\t\t<div class=\"elementor-element elementor-element-d3a9c2d elementor-widget elementor-widget-text-editor\" data-id=\"d3a9c2d\" data-element_type=\"widget\" data-e-type=\"widget\" data-widget_type=\"text-editor.default\">\n\t\t\t\t\t\t\t\t\t<p>Descargue ahora el cat\u00e1logo en formato pdf<\/p>\t\t\t\t\t\t\t\t<\/div>\n\t\t\t\t<div class=\"elementor-element elementor-element-c366e11 elementor-align-left elementor-mobile-align-justify elementor-widget elementor-widget-jet-download-button\" data-id=\"c366e11\" data-element_type=\"widget\" data-e-type=\"widget\" data-widget_type=\"jet-download-button.default\">\n\t\t\t\t<div class=\"elementor-widget-container\">\n\t\t\t\t\t<div class=\"elementor-jet-download-button jet-elements\"><a class=\"elementor-button elementor-size-md jet-download jet-download-icon-position-left\" data-e-disable-page-transition=\"true\" href=\"https:\/\/www.blackbirdracing.com\/es\/?jet_download=5b0e25ee4c287faddd1cd100122503934e55ec29\"  rel=\"nofollow\"><span class=\"jet-download__text\"><span class=\"jet-download__label\">Descargar pdf<\/span><span class=\"jet-download__file-name\"><\/span><small class=\"jet-download__sub-label\">137 MB<\/small><\/span><\/a>\n<\/div>\t\t\t\t<\/div>\n\t\t\t\t<\/div>\n\t\t\t\t<\/div>\n\t\t<div class=\"elementor-element elementor-element-afccfd7 e-con-full section-right-s e-flex e-con e-child\" data-id=\"afccfd7\" data-element_type=\"container\" data-e-type=\"container\" data-settings=\"{&quot;background_background&quot;:&quot;classic&quot;}\">\n\t\t\t\t<div class=\"elementor-element elementor-element-3cb26ea elementor-widget elementor-widget-heading\" data-id=\"3cb26ea\" data-element_type=\"widget\" data-e-type=\"widget\" data-widget_type=\"heading.default\">\n\t\t\t\t\t<h3 class=\"elementor-heading-title elementor-size-default\">Ver el cat\u00e1logo<\/h3>\t\t\t\t<\/div>\n\t\t\t\t<div class=\"elementor-element elementor-element-abc69e7 elementor-widget elementor-widget-text-editor\" data-id=\"abc69e7\" data-element_type=\"widget\" data-e-type=\"widget\" data-widget_type=\"text-editor.default\">\n\t\t\t\t\t\t\t\t\t<p>Explora el cat\u00e1logo para encontrar los componentes m\u00e1s adecuados a tus necesidades.<\/p>\t\t\t\t\t\t\t\t<\/div>\n\t\t\t\t<div class=\"elementor-element elementor-element-bc7af85 elementor-align-right elementor-tablet-align-left elementor-mobile-align-justify elementor-widget elementor-widget-button\" data-id=\"bc7af85\" data-element_type=\"widget\" data-e-type=\"widget\" data-widget_type=\"button.default\">\n\t\t\t\t\t\t\t\t\t\t<a class=\"elementor-button elementor-button-link elementor-size-sm\" href=\"https:\/\/www.blackbirdracing.com\/es\/catalogo-blackbird-racing\/leggi-online\/\" target=\"_blank\">\n\t\t\t\t\t\t<span class=\"elementor-button-content-wrapper\">\n\t\t\t\t\t\t\t\t\t<span class=\"elementor-button-text\">Navega por el cat\u00e1logo online<\/span>\n\t\t\t\t\t<\/span>\n\t\t\t\t\t<\/a>\n\t\t\t\t\t\t\t\t<\/div>\n\t\t\t\t<\/div>\n\t\t\t\t<\/section>\n\t\t\t\t<\/div>\n\t\t\t\t<\/section>\n\t\t\t\t<\/div>","protected":false},"excerpt":{"rendered":"<p>Scopri il nostro catalogo prodotti dedicato al mondo del motocross, progettato per offrire una panoramica completa e professionale delle soluzioni pi\u00f9 avanzate per la manutenzione, l\u2019ottimizzazione e la personalizzazione della tua moto. All\u2019interno troverai una vasta gamma di componenti tecnici ad alte prestazioni\u2014 kit adesivi, protezioni per le forcelle, copertine sella, accessori vari &#8211; e [&hellip;]<\/p>\n","protected":false},"author":1,"featured_media":81409,"parent":0,"menu_order":0,"comment_status":"closed","ping_status":"closed","template":"","meta":{"_acf_changed":false,"_uag_custom_page_level_css":"","footnotes":""},"class_list":["post-30883","page","type-page","status-publish","has-post-thumbnail","hentry"],"acf":[],"uagb_featured_image_src":{"full":["https:\/\/www.blackbirdracing.com\/wp-content\/uploads\/2025\/12\/blackbird-catalogo_copertina.webp",1600,1064,false],"thumbnail":["https:\/\/www.blackbirdracing.com\/wp-content\/uploads\/2025\/12\/blackbird-catalogo_copertina-150x150.webp",150,150,true],"medium":["https:\/\/www.blackbirdracing.com\/wp-content\/uploads\/2025\/12\/blackbird-catalogo_copertina-300x200.webp",300,200,true],"medium_large":["https:\/\/www.blackbirdracing.com\/wp-content\/uploads\/2025\/12\/blackbird-catalogo_copertina-768x511.webp",768,511,true],"large":["https:\/\/www.blackbirdracing.com\/wp-content\/uploads\/2025\/12\/blackbird-catalogo_copertina-1024x681.webp",800,532,true],"1536x1536":["https:\/\/www.blackbirdracing.com\/wp-content\/uploads\/2025\/12\/blackbird-catalogo_copertina-1536x1021.webp",1536,1021,true],"2048x2048":["https:\/\/www.blackbirdracing.com\/wp-content\/uploads\/2025\/12\/blackbird-catalogo_copertina.webp",1600,1064,false],"trp-custom-language-flag":["https:\/\/www.blackbirdracing.com\/wp-content\/uploads\/2025\/12\/blackbird-catalogo_copertina-18x12.webp",18,12,true],"woocommerce_thumbnail":["https:\/\/www.blackbirdracing.com\/wp-content\/uploads\/2025\/12\/blackbird-catalogo_copertina-300x300.webp",300,300,true],"woocommerce_single":["https:\/\/www.blackbirdracing.com\/wp-content\/uploads\/2025\/12\/blackbird-catalogo_copertina-600x399.webp",600,399,true],"woocommerce_gallery_thumbnail":["https:\/\/www.blackbirdracing.com\/wp-content\/uploads\/2025\/12\/blackbird-catalogo_copertina-100x100.webp",100,100,true],"dgwt-wcas-product-suggestion":["https:\/\/www.blackbirdracing.com\/wp-content\/uploads\/2025\/12\/blackbird-catalogo_copertina.webp",64,43,false]},"uagb_author_info":{"display_name":"Mattia Faloretti","author_link":"https:\/\/www.blackbirdracing.com\/es\/author\/mattia-falorettilaicos-agency\/"},"uagb_comment_info":0,"uagb_excerpt":"Scopri il nostro catalogo prodotti dedicato al mondo del motocross, progettato per offrire una panoramica completa e professionale delle soluzioni pi\u00f9 avanzate per la manutenzione, l\u2019ottimizzazione e la personalizzazione della tua moto. All\u2019interno troverai una vasta gamma di componenti tecnici ad alte prestazioni\u2014 kit adesivi, protezioni per le forcelle, copertine sella, accessori vari &#8211; e&hellip;","_links":{"self":[{"href":"https:\/\/www.blackbirdracing.com\/es\/wp-json\/wp\/v2\/pages\/30883","targetHints":{"allow":["GET"]}}],"collection":[{"href":"https:\/\/www.blackbirdracing.com\/es\/wp-json\/wp\/v2\/pages"}],"about":[{"href":"https:\/\/www.blackbirdracing.com\/es\/wp-json\/wp\/v2\/types\/page"}],"author":[{"embeddable":true,"href":"https:\/\/www.blackbirdracing.com\/es\/wp-json\/wp\/v2\/users\/1"}],"replies":[{"embeddable":true,"href":"https:\/\/www.blackbirdracing.com\/es\/wp-json\/wp\/v2\/comments?post=30883"}],"version-history":[{"count":25,"href":"https:\/\/www.blackbirdracing.com\/es\/wp-json\/wp\/v2\/pages\/30883\/revisions"}],"predecessor-version":[{"id":78778,"href":"https:\/\/www.blackbirdracing.com\/es\/wp-json\/wp\/v2\/pages\/30883\/revisions\/78778"}],"wp:featuredmedia":[{"embeddable":true,"href":"https:\/\/www.blackbirdracing.com\/es\/wp-json\/wp\/v2\/media\/81409"}],"wp:attachment":[{"href":"https:\/\/www.blackbirdracing.com\/es\/wp-json\/wp\/v2\/media?parent=30883"}],"curies":[{"name":"wp","href":"https:\/\/api.w.org\/{rel}","templated":true}]}}