{"id":69039,"date":"2025-10-15T21:05:42","date_gmt":"2025-10-15T19:05:42","guid":{"rendered":"https:\/\/blackbird.store360.it\/it\/prodotto\/kit-adesivi-replica-fantic-factory-mxgp-2025\/"},"modified":"2026-02-19T13:05:56","modified_gmt":"2026-02-19T12:05:56","slug":"kit-adesivi-replica-fantic-factory-mxgp-2025","status":"publish","type":"product","link":"https:\/\/www.blackbirdracing.com\/es\/prodotto\/kit-adesivi-replica-fantic-factory-mxgp-2025\/","title":{"rendered":"Juego Adhesivos Replica FANTIC Factory MxGP"},"content":{"rendered":"<p>El kit de adhesivos incluye: par transmisores, par caja filtro, par horquillas, par horquill\u00f3n, guardabarros delantero, guardabarros trasero y tablas portan\u00fameros motocross y enduro. Las piezas del kit no pueden venderse por separado. Una gr\u00e1fica \u00fanica en edici\u00f3n limitada.<\/p>","protected":false},"excerpt":{"rendered":"<p>Juego Adhesivos Replica FANTIC Factory MxGP<\/p>","protected":false},"featured_media":69037,"comment_status":"open","ping_status":"closed","template":"","meta":{"_acf_changed":false,"_uag_custom_page_level_css":""},"product_brand":[],"product_cat":[1146,1248,1249],"product_tag":[26],"class_list":{"0":"post-69039","1":"product","2":"type-product","3":"status-publish","4":"has-post-thumbnail","6":"product_cat-kit-adesivi-moto","7":"product_cat-fantic-ka","8":"product_cat-xx-xe-ka","9":"product_tag-blackbird","11":"first","12":"instock","13":"shipping-taxable","14":"purchasable","15":"product-type-simple"},"acf":[],"uagb_featured_image_src":{"full":["https:\/\/www.blackbirdracing.com\/wp-content\/uploads\/2025\/10\/2F00R25_M-scaled.png",2560,1552,false],"thumbnail":["https:\/\/www.blackbirdracing.com\/wp-content\/uploads\/2025\/10\/2F00R25_M-150x150.png",150,150,true],"medium":["https:\/\/www.blackbirdracing.com\/wp-content\/uploads\/2025\/10\/2F00R25_M-300x182.png",300,182,true],"medium_large":["https:\/\/www.blackbirdracing.com\/wp-content\/uploads\/2025\/10\/2F00R25_M-768x466.png",768,466,true],"large":["https:\/\/www.blackbirdracing.com\/wp-content\/uploads\/2025\/10\/2F00R25_M-1024x621.png",800,485,true],"1536x1536":["https:\/\/www.blackbirdracing.com\/wp-content\/uploads\/2025\/10\/2F00R25_M-1536x931.png",1536,931,true],"2048x2048":["https:\/\/www.blackbirdracing.com\/wp-content\/uploads\/2025\/10\/2F00R25_M-2048x1242.png",2048,1242,true],"trp-custom-language-flag":["https:\/\/www.blackbirdracing.com\/wp-content\/uploads\/2025\/10\/2F00R25_M-18x12.png",18,12,true],"woocommerce_thumbnail":["https:\/\/www.blackbirdracing.com\/wp-content\/uploads\/2025\/10\/2F00R25_M-300x300.png",300,300,true],"woocommerce_single":["https:\/\/www.blackbirdracing.com\/wp-content\/uploads\/2025\/10\/2F00R25_M-600x364.png",600,364,true],"woocommerce_gallery_thumbnail":["https:\/\/www.blackbirdracing.com\/wp-content\/uploads\/2025\/10\/2F00R25_M-100x100.png",100,100,true],"dgwt-wcas-product-suggestion":["https:\/\/www.blackbirdracing.com\/wp-content\/uploads\/2025\/10\/2F00R25_M-scaled.png",64,39,false]},"uagb_author_info":{"display_name":"Alessio Maule","author_link":"https:\/\/www.blackbirdracing.com\/es\/author\/"},"uagb_comment_info":0,"uagb_excerpt":"Kit Adesivi Replica Fantic Factory MxGP 2025","_links":{"self":[{"href":"https:\/\/www.blackbirdracing.com\/es\/wp-json\/wp\/v2\/product\/69039","targetHints":{"allow":["GET"]}}],"collection":[{"href":"https:\/\/www.blackbirdracing.com\/es\/wp-json\/wp\/v2\/product"}],"about":[{"href":"https:\/\/www.blackbirdracing.com\/es\/wp-json\/wp\/v2\/types\/product"}],"replies":[{"embeddable":true,"href":"https:\/\/www.blackbirdracing.com\/es\/wp-json\/wp\/v2\/comments?post=69039"}],"wp:featuredmedia":[{"embeddable":true,"href":"https:\/\/www.blackbirdracing.com\/es\/wp-json\/wp\/v2\/media\/69037"}],"wp:attachment":[{"href":"https:\/\/www.blackbirdracing.com\/es\/wp-json\/wp\/v2\/media?parent=69039"}],"wp:term":[{"taxonomy":"product_brand","embeddable":true,"href":"https:\/\/www.blackbirdracing.com\/es\/wp-json\/wp\/v2\/product_brand?post=69039"},{"taxonomy":"product_cat","embeddable":true,"href":"https:\/\/www.blackbirdracing.com\/es\/wp-json\/wp\/v2\/product_cat?post=69039"},{"taxonomy":"product_tag","embeddable":true,"href":"https:\/\/www.blackbirdracing.com\/es\/wp-json\/wp\/v2\/product_tag?post=69039"}],"curies":[{"name":"wp","href":"https:\/\/api.w.org\/{rel}","templated":true}]}}