{"id":69171,"date":"2025-10-15T21:11:41","date_gmt":"2025-10-15T19:11:41","guid":{"rendered":"https:\/\/blackbird.store360.it\/it\/prodotto\/spugna-sella-standard-suzuki-3\/"},"modified":"2026-01-27T12:38:04","modified_gmt":"2026-01-27T11:38:04","slug":"spugna-sella-standard-suzuki-3","status":"publish","type":"product","link":"https:\/\/www.blackbirdracing.com\/es\/prodotto\/spugna-sella-standard-suzuki-3\/","title":{"rendered":"Goma Espuma Sill\u00ecn Standard SUZUKI"},"content":{"rendered":"<p>Esponja asiento Blackbird Racing en espuma r\u00edgida de poliuretano impermeable y apta para la base original. Altura est\u00e1ndar pero con una dureza mayor que favorece y acelera el desplazamiento del motorista en el asiento. Apta tambi\u00e9n para el montaje en la funda para asiento original.<\/p>","protected":false},"excerpt":{"rendered":"<p>Goma Espuma Sill\u00ecn Standard SUZUKI<\/p>","protected":false},"featured_media":83758,"comment_status":"open","ping_status":"closed","template":"","meta":{"_acf_changed":false},"product_brand":[],"product_cat":[29,81,79],"product_tag":[26],"class_list":{"0":"post-69171","1":"product","2":"type-product","3":"status-publish","4":"has-post-thumbnail","6":"product_cat-copertine-sella","7":"product_cat-rm-z-250-cs","8":"product_cat-suzuki-cs","9":"product_tag-blackbird","11":"first","12":"instock","13":"shipping-taxable","14":"purchasable","15":"product-type-simple"},"acf":[],"_links":{"self":[{"href":"https:\/\/www.blackbirdracing.com\/es\/wp-json\/wp\/v2\/product\/69171","targetHints":{"allow":["GET"]}}],"collection":[{"href":"https:\/\/www.blackbirdracing.com\/es\/wp-json\/wp\/v2\/product"}],"about":[{"href":"https:\/\/www.blackbirdracing.com\/es\/wp-json\/wp\/v2\/types\/product"}],"replies":[{"embeddable":true,"href":"https:\/\/www.blackbirdracing.com\/es\/wp-json\/wp\/v2\/comments?post=69171"}],"wp:featuredmedia":[{"embeddable":true,"href":"https:\/\/www.blackbirdracing.com\/es\/wp-json\/wp\/v2\/media\/83758"}],"wp:attachment":[{"href":"https:\/\/www.blackbirdracing.com\/es\/wp-json\/wp\/v2\/media?parent=69171"}],"wp:term":[{"taxonomy":"product_brand","embeddable":true,"href":"https:\/\/www.blackbirdracing.com\/es\/wp-json\/wp\/v2\/product_brand?post=69171"},{"taxonomy":"product_cat","embeddable":true,"href":"https:\/\/www.blackbirdracing.com\/es\/wp-json\/wp\/v2\/product_cat?post=69171"},{"taxonomy":"product_tag","embeddable":true,"href":"https:\/\/www.blackbirdracing.com\/es\/wp-json\/wp\/v2\/product_tag?post=69171"}],"curies":[{"name":"wp","href":"https:\/\/api.w.org\/{rel}","templated":true}]}}