{"id":69750,"date":"2025-10-15T21:32:07","date_gmt":"2025-10-15T19:32:07","guid":{"rendered":"https:\/\/blackbird.store360.it\/it\/prodotto\/kit-3pz-numeri-gara-nero-vintage\/"},"modified":"2025-11-04T17:49:52","modified_gmt":"2025-11-04T16:49:52","slug":"kit-3pz-numeri-gara-nero-vintage","status":"publish","type":"product","link":"https:\/\/www.blackbirdracing.com\/es\/prodotto\/kit-3pz-numeri-gara-nero-vintage\/","title":{"rendered":"Kit 3pz N\u00f9meros Competici\u00f2n Serie Negros Vintage"},"content":{"rendered":"<p>Kit compuesto por 3 piezas de n\u00fameros de carrera de material crystall 0,5 Vintage Reproducci\u00f3n TECNOSEL original<\/p>","protected":false},"excerpt":{"rendered":"<p>Kit 3pz N\u00f9meros Competici\u00f2n Serie Negros Vintage<\/p>","protected":false},"featured_media":69749,"comment_status":"open","ping_status":"closed","template":"","meta":[],"product_brand":[],"product_cat":[32,227],"product_tag":[27],"class_list":{"0":"post-69750","1":"product","2":"type-product","3":"status-publish","4":"has-post-thumbnail","6":"product_cat-prodotti-blackbird","7":"product_cat-numeri-gara","8":"product_tag-vintage-tecnosel","10":"first","11":"instock","12":"shipping-taxable","13":"purchasable","14":"product-type-simple"},"_links":{"self":[{"href":"https:\/\/www.blackbirdracing.com\/es\/wp-json\/wp\/v2\/product\/69750","targetHints":{"allow":["GET"]}}],"collection":[{"href":"https:\/\/www.blackbirdracing.com\/es\/wp-json\/wp\/v2\/product"}],"about":[{"href":"https:\/\/www.blackbirdracing.com\/es\/wp-json\/wp\/v2\/types\/product"}],"replies":[{"embeddable":true,"href":"https:\/\/www.blackbirdracing.com\/es\/wp-json\/wp\/v2\/comments?post=69750"}],"wp:featuredmedia":[{"embeddable":true,"href":"https:\/\/www.blackbirdracing.com\/es\/wp-json\/wp\/v2\/media\/69749"}],"wp:attachment":[{"href":"https:\/\/www.blackbirdracing.com\/es\/wp-json\/wp\/v2\/media?parent=69750"}],"wp:term":[{"taxonomy":"product_brand","embeddable":true,"href":"https:\/\/www.blackbirdracing.com\/es\/wp-json\/wp\/v2\/product_brand?post=69750"},{"taxonomy":"product_cat","embeddable":true,"href":"https:\/\/www.blackbirdracing.com\/es\/wp-json\/wp\/v2\/product_cat?post=69750"},{"taxonomy":"product_tag","embeddable":true,"href":"https:\/\/www.blackbirdracing.com\/es\/wp-json\/wp\/v2\/product_tag?post=69750"}],"curies":[{"name":"wp","href":"https:\/\/api.w.org\/{rel}","templated":true}]}}