{"id":69792,"date":"2025-10-15T21:33:19","date_gmt":"2025-10-15T19:33:19","guid":{"rendered":"https:\/\/blackbird.store360.it\/it\/prodotto\/adesivi-forcellone-honda\/"},"modified":"2026-03-20T09:04:24","modified_gmt":"2026-03-20T08:04:24","slug":"adesivi-forcellone-honda","status":"publish","type":"product","link":"https:\/\/www.blackbirdracing.com\/es\/prodotto\/adesivi-forcellone-honda\/","title":{"rendered":"Adhesivos Horquill\u00f3n  HONDA"},"content":{"rendered":"<p>Kit compuesto por dos adhesivos para horquill\u00f3n con imprenta en el reverso de material crystall brillante 0,5. Perfilados espec\u00edficamente para cada modelo.<\/p>","protected":false},"excerpt":{"rendered":"<p>Adhesivos Horquill\u00f3n  HONDA<\/p>","protected":false},"featured_media":83691,"comment_status":"open","ping_status":"closed","template":"","meta":{"_acf_changed":false},"product_brand":[],"product_cat":[223,619,616,618,620,735,225,614,612,613,224],"product_tag":[26],"class_list":{"0":"post-69792","1":"product","2":"type-product","3":"status-publish","4":"has-post-thumbnail","6":"product_cat-adesivi-vari","7":"product_cat-cr-125-av","8":"product_cat-cr-125-250-av","9":"product_cat-cr-250-av","10":"product_cat-cr-500-av","11":"product_cat-cr-polisport-av","12":"product_cat-crf-250-av","13":"product_cat-crf-250x-av","14":"product_cat-crf-450-av","15":"product_cat-crf-450x-av","16":"product_cat-honda-av","17":"product_tag-blackbird","19":"first","20":"instock","21":"shipping-taxable","22":"purchasable","23":"product-type-simple"},"acf":[],"_links":{"self":[{"href":"https:\/\/www.blackbirdracing.com\/es\/wp-json\/wp\/v2\/product\/69792","targetHints":{"allow":["GET"]}}],"collection":[{"href":"https:\/\/www.blackbirdracing.com\/es\/wp-json\/wp\/v2\/product"}],"about":[{"href":"https:\/\/www.blackbirdracing.com\/es\/wp-json\/wp\/v2\/types\/product"}],"replies":[{"embeddable":true,"href":"https:\/\/www.blackbirdracing.com\/es\/wp-json\/wp\/v2\/comments?post=69792"}],"wp:featuredmedia":[{"embeddable":true,"href":"https:\/\/www.blackbirdracing.com\/es\/wp-json\/wp\/v2\/media\/83691"}],"wp:attachment":[{"href":"https:\/\/www.blackbirdracing.com\/es\/wp-json\/wp\/v2\/media?parent=69792"}],"wp:term":[{"taxonomy":"product_brand","embeddable":true,"href":"https:\/\/www.blackbirdracing.com\/es\/wp-json\/wp\/v2\/product_brand?post=69792"},{"taxonomy":"product_cat","embeddable":true,"href":"https:\/\/www.blackbirdracing.com\/es\/wp-json\/wp\/v2\/product_cat?post=69792"},{"taxonomy":"product_tag","embeddable":true,"href":"https:\/\/www.blackbirdracing.com\/es\/wp-json\/wp\/v2\/product_tag?post=69792"}],"curies":[{"name":"wp","href":"https:\/\/api.w.org\/{rel}","templated":true}]}}