{"id":70154,"date":"2025-10-15T21:52:40","date_gmt":"2025-10-15T19:52:40","guid":{"rendered":"https:\/\/blackbird.store360.it\/it\/prodotto\/sella-completa-zebra-standard-yamaha\/"},"modified":"2025-10-21T17:54:08","modified_gmt":"2025-10-21T15:54:08","slug":"sella-completa-zebra-standard-yamaha","status":"publish","type":"product","link":"https:\/\/www.blackbirdracing.com\/es\/prodotto\/sella-completa-zebra-standard-yamaha\/","title":{"rendered":"Sill\u00edn Standard Zebra YAMAHA"},"content":{"rendered":"<p>Asiento completo abastecido por Blackbird Racing. Se intercambia perfectamente con el asiento original y se adapta a las dimensiones de la moto con agujeros precisos. Fondo en polipropileno de m\u00e1xima calidad, esponja en espuma r\u00edgida de poliuretano impermeable de altura est\u00e1ndar y fonda para asiento de material antideslizante con bandas de tracci\u00f3n especiales para combinar una imagen a la moda con un material t\u00e9cnico estudiado espec\u00edficamente para el uso raicing. Las piezas se abastecen ya montadas y listas para ser utilizadas.<\/p>","protected":false},"excerpt":{"rendered":"<p>Sella Completa Zebra  Standard YAMAHA<\/p>","protected":false},"featured_media":70152,"comment_status":"open","ping_status":"closed","template":"","meta":{"_acf_changed":false,"_uag_custom_page_level_css":""},"product_brand":[],"product_cat":[29,61,60,55,57,56],"product_tag":[26],"class_list":{"0":"post-70154","1":"product","2":"type-product","3":"status-publish","4":"has-post-thumbnail","6":"product_cat-copertine-sella","7":"product_cat-wrf-250-cs","8":"product_cat-wrf-450-cs","9":"product_cat-yamaha-cs","10":"product_cat-yzf-250-cs","11":"product_cat-yzf-450-cs","12":"product_tag-blackbird","14":"first","15":"instock","16":"shipping-taxable","17":"purchasable","18":"product-type-simple"},"acf":[],"uagb_featured_image_src":{"full":["https:\/\/www.blackbirdracing.com\/wp-content\/uploads\/2025\/10\/9200SZ1_M.png",2048,1536,false],"thumbnail":["https:\/\/www.blackbirdracing.com\/wp-content\/uploads\/2025\/10\/9200SZ1_M-150x150.png",150,150,true],"medium":["https:\/\/www.blackbirdracing.com\/wp-content\/uploads\/2025\/10\/9200SZ1_M-300x225.png",300,225,true],"medium_large":["https:\/\/www.blackbirdracing.com\/wp-content\/uploads\/2025\/10\/9200SZ1_M-768x576.png",768,576,true],"large":["https:\/\/www.blackbirdracing.com\/wp-content\/uploads\/2025\/10\/9200SZ1_M-1024x768.png",800,600,true],"1536x1536":["https:\/\/www.blackbirdracing.com\/wp-content\/uploads\/2025\/10\/9200SZ1_M-1536x1152.png",1536,1152,true],"2048x2048":["https:\/\/www.blackbirdracing.com\/wp-content\/uploads\/2025\/10\/9200SZ1_M.png",2048,1536,false],"trp-custom-language-flag":["https:\/\/www.blackbirdracing.com\/wp-content\/uploads\/2025\/10\/9200SZ1_M-16x12.png",16,12,true],"woocommerce_thumbnail":["https:\/\/www.blackbirdracing.com\/wp-content\/uploads\/2025\/10\/9200SZ1_M-300x300.png",300,300,true],"woocommerce_single":["https:\/\/www.blackbirdracing.com\/wp-content\/uploads\/2025\/10\/9200SZ1_M-600x450.png",600,450,true],"woocommerce_gallery_thumbnail":["https:\/\/www.blackbirdracing.com\/wp-content\/uploads\/2025\/10\/9200SZ1_M-100x100.png",100,100,true],"dgwt-wcas-product-suggestion":["https:\/\/www.blackbirdracing.com\/wp-content\/uploads\/2025\/10\/9200SZ1_M.png",64,48,false]},"uagb_author_info":{"display_name":"Alessio Maule","author_link":"https:\/\/www.blackbirdracing.com\/es\/author\/"},"uagb_comment_info":0,"uagb_excerpt":"Sella Completa Zebra Standard YAMAHA","_links":{"self":[{"href":"https:\/\/www.blackbirdracing.com\/es\/wp-json\/wp\/v2\/product\/70154","targetHints":{"allow":["GET"]}}],"collection":[{"href":"https:\/\/www.blackbirdracing.com\/es\/wp-json\/wp\/v2\/product"}],"about":[{"href":"https:\/\/www.blackbirdracing.com\/es\/wp-json\/wp\/v2\/types\/product"}],"replies":[{"embeddable":true,"href":"https:\/\/www.blackbirdracing.com\/es\/wp-json\/wp\/v2\/comments?post=70154"}],"wp:featuredmedia":[{"embeddable":true,"href":"https:\/\/www.blackbirdracing.com\/es\/wp-json\/wp\/v2\/media\/70152"}],"wp:attachment":[{"href":"https:\/\/www.blackbirdracing.com\/es\/wp-json\/wp\/v2\/media?parent=70154"}],"wp:term":[{"taxonomy":"product_brand","embeddable":true,"href":"https:\/\/www.blackbirdracing.com\/es\/wp-json\/wp\/v2\/product_brand?post=70154"},{"taxonomy":"product_cat","embeddable":true,"href":"https:\/\/www.blackbirdracing.com\/es\/wp-json\/wp\/v2\/product_cat?post=70154"},{"taxonomy":"product_tag","embeddable":true,"href":"https:\/\/www.blackbirdracing.com\/es\/wp-json\/wp\/v2\/product_tag?post=70154"}],"curies":[{"name":"wp","href":"https:\/\/api.w.org\/{rel}","templated":true}]}}