{"id":70190,"date":"2025-10-15T21:54:35","date_gmt":"2025-10-15T19:54:35","guid":{"rendered":"https:\/\/blackbird.store360.it\/it\/prodotto\/sella-completa-pyramid15mm-yamaha-3\/"},"modified":"2025-10-21T17:54:14","modified_gmt":"2025-10-21T15:54:14","slug":"sella-completa-pyramid15mm-yamaha-3","status":"publish","type":"product","link":"https:\/\/www.blackbirdracing.com\/es\/prodotto\/sella-completa-pyramid15mm-yamaha-3\/","title":{"rendered":"Sill\u00edn completo Pyramid+15mm YAMAHA"},"content":{"rendered":"<p>Asiento completo abastecido por Blackbird Racing. Se intercambia perfectamente con el asiento original y se adapta a las dimensiones de la moto con agujeros precisos. Fondo en polipropileno de m\u00e1xima calidad, esponja en espuma r\u00edgida de poliuretano impermeable de altura est\u00e1ndar y fonda para asiento de material antideslizante para combinar una imagen a la moda con un material t\u00e9cnico estudiado espec\u00edficamente para el uso raicing. Las piezas se abastecen ya montadas y listas para ser utilizadas.<\/p>","protected":false},"excerpt":{"rendered":"<p>Sill\u00edn completo Pyramid+15mm YAMAHA<\/p>","protected":false},"featured_media":70188,"comment_status":"open","ping_status":"closed","template":"","meta":[],"product_brand":[],"product_cat":[29,61,60,55,57,56],"product_tag":[26],"class_list":{"0":"post-70190","1":"product","2":"type-product","3":"status-publish","4":"has-post-thumbnail","6":"product_cat-copertine-sella","7":"product_cat-wrf-250-cs","8":"product_cat-wrf-450-cs","9":"product_cat-yamaha-cs","10":"product_cat-yzf-250-cs","11":"product_cat-yzf-450-cs","12":"product_tag-blackbird","14":"first","15":"instock","16":"shipping-taxable","17":"purchasable","18":"product-type-simple"},"_links":{"self":[{"href":"https:\/\/www.blackbirdracing.com\/es\/wp-json\/wp\/v2\/product\/70190","targetHints":{"allow":["GET"]}}],"collection":[{"href":"https:\/\/www.blackbirdracing.com\/es\/wp-json\/wp\/v2\/product"}],"about":[{"href":"https:\/\/www.blackbirdracing.com\/es\/wp-json\/wp\/v2\/types\/product"}],"replies":[{"embeddable":true,"href":"https:\/\/www.blackbirdracing.com\/es\/wp-json\/wp\/v2\/comments?post=70190"}],"wp:featuredmedia":[{"embeddable":true,"href":"https:\/\/www.blackbirdracing.com\/es\/wp-json\/wp\/v2\/media\/70188"}],"wp:attachment":[{"href":"https:\/\/www.blackbirdracing.com\/es\/wp-json\/wp\/v2\/media?parent=70190"}],"wp:term":[{"taxonomy":"product_brand","embeddable":true,"href":"https:\/\/www.blackbirdracing.com\/es\/wp-json\/wp\/v2\/product_brand?post=70190"},{"taxonomy":"product_cat","embeddable":true,"href":"https:\/\/www.blackbirdracing.com\/es\/wp-json\/wp\/v2\/product_cat?post=70190"},{"taxonomy":"product_tag","embeddable":true,"href":"https:\/\/www.blackbirdracing.com\/es\/wp-json\/wp\/v2\/product_tag?post=70190"}],"curies":[{"name":"wp","href":"https:\/\/api.w.org\/{rel}","templated":true}]}}