{"id":74933,"date":"2025-10-23T16:59:04","date_gmt":"2025-10-23T14:59:04","guid":{"rendered":"https:\/\/blackbird.store360.it\/it\/prodotto\/voucher-regalo-euro-10000\/"},"modified":"2025-12-16T14:20:53","modified_gmt":"2025-12-16T13:20:53","slug":"voucher-regalo-euro-100","status":"publish","type":"product","link":"https:\/\/www.blackbirdracing.com\/es\/prodotto\/voucher-regalo-euro-100\/","title":{"rendered":"Cheque regalo Euro 100.00"},"content":{"rendered":"<p>La tarjeta regalo es v\u00e1lida durante 1 a\u00f1o a partir del momento de la compra; transcurrido este periodo, ya no es utilizable ni reembolsable. Su valor no puede convertirse en efectivo. Puede utilizarse para una o varias compras, hasta agotar el cr\u00e9dito disponible. Durante el proceso de compra, basta con introducir el c\u00f3digo del vale recibido por correo electr\u00f3nico en el momento de la compra. Si el importe del pedido supera el saldo de la tarjeta regalo, la diferencia puede abonarse utilizando uno de los otros m\u00e9todos de pago aceptados. Los vales no son recargables.<\/p>","protected":false},"excerpt":{"rendered":"<p>Cheque regalo Euro 100.00<\/p>","protected":false},"featured_media":82260,"comment_status":"open","ping_status":"closed","template":"","meta":{"_acf_changed":false,"_uag_custom_page_level_css":""},"product_brand":[],"product_cat":[32,2044],"product_tag":[26],"class_list":{"0":"post-74933","1":"product","2":"type-product","3":"status-publish","4":"has-post-thumbnail","6":"product_cat-prodotti-blackbird","7":"product_cat-buoni-regalo","8":"product_tag-blackbird","10":"first","11":"onbackorder","12":"shipping-taxable","13":"purchasable","14":"product-type-simple"},"acf":[],"uagb_featured_image_src":{"full":["https:\/\/www.blackbirdracing.com\/wp-content\/uploads\/2025\/10\/VERTICALE-Voucher_100_euro1x.png",1201,1243,false],"thumbnail":["https:\/\/www.blackbirdracing.com\/wp-content\/uploads\/2025\/10\/VERTICALE-Voucher_100_euro1x-150x150.png",150,150,true],"medium":["https:\/\/www.blackbirdracing.com\/wp-content\/uploads\/2025\/10\/VERTICALE-Voucher_100_euro1x-290x300.png",290,300,true],"medium_large":["https:\/\/www.blackbirdracing.com\/wp-content\/uploads\/2025\/10\/VERTICALE-Voucher_100_euro1x-768x795.png",768,795,true],"large":["https:\/\/www.blackbirdracing.com\/wp-content\/uploads\/2025\/10\/VERTICALE-Voucher_100_euro1x-989x1024.png",800,828,true],"1536x1536":["https:\/\/www.blackbirdracing.com\/wp-content\/uploads\/2025\/10\/VERTICALE-Voucher_100_euro1x.png",1201,1243,false],"2048x2048":["https:\/\/www.blackbirdracing.com\/wp-content\/uploads\/2025\/10\/VERTICALE-Voucher_100_euro1x.png",1201,1243,false],"trp-custom-language-flag":["https:\/\/www.blackbirdracing.com\/wp-content\/uploads\/2025\/10\/VERTICALE-Voucher_100_euro1x-12x12.png",12,12,true],"woocommerce_thumbnail":["https:\/\/www.blackbirdracing.com\/wp-content\/uploads\/2025\/10\/VERTICALE-Voucher_100_euro1x-300x300.png",300,300,true],"woocommerce_single":["https:\/\/www.blackbirdracing.com\/wp-content\/uploads\/2025\/10\/VERTICALE-Voucher_100_euro1x-600x621.png",600,621,true],"woocommerce_gallery_thumbnail":["https:\/\/www.blackbirdracing.com\/wp-content\/uploads\/2025\/10\/VERTICALE-Voucher_100_euro1x-100x100.png",100,100,true],"dgwt-wcas-product-suggestion":["https:\/\/www.blackbirdracing.com\/wp-content\/uploads\/2025\/10\/VERTICALE-Voucher_100_euro1x-64x66.png",64,66,true]},"uagb_author_info":{"display_name":"Alessio Maule","author_link":"https:\/\/www.blackbirdracing.com\/es\/author\/"},"uagb_comment_info":0,"uagb_excerpt":"Voucher Regalo Euro 100,00","_links":{"self":[{"href":"https:\/\/www.blackbirdracing.com\/es\/wp-json\/wp\/v2\/product\/74933","targetHints":{"allow":["GET"]}}],"collection":[{"href":"https:\/\/www.blackbirdracing.com\/es\/wp-json\/wp\/v2\/product"}],"about":[{"href":"https:\/\/www.blackbirdracing.com\/es\/wp-json\/wp\/v2\/types\/product"}],"replies":[{"embeddable":true,"href":"https:\/\/www.blackbirdracing.com\/es\/wp-json\/wp\/v2\/comments?post=74933"}],"wp:featuredmedia":[{"embeddable":true,"href":"https:\/\/www.blackbirdracing.com\/es\/wp-json\/wp\/v2\/media\/82260"}],"wp:attachment":[{"href":"https:\/\/www.blackbirdracing.com\/es\/wp-json\/wp\/v2\/media?parent=74933"}],"wp:term":[{"taxonomy":"product_brand","embeddable":true,"href":"https:\/\/www.blackbirdracing.com\/es\/wp-json\/wp\/v2\/product_brand?post=74933"},{"taxonomy":"product_cat","embeddable":true,"href":"https:\/\/www.blackbirdracing.com\/es\/wp-json\/wp\/v2\/product_cat?post=74933"},{"taxonomy":"product_tag","embeddable":true,"href":"https:\/\/www.blackbirdracing.com\/es\/wp-json\/wp\/v2\/product_tag?post=74933"}],"curies":[{"name":"wp","href":"https:\/\/api.w.org\/{rel}","templated":true}]}}