{"id":83801,"date":"2026-01-27T14:24:09","date_gmt":"2026-01-27T13:24:09","guid":{"rendered":"https:\/\/www.blackbirdracing.com\/it\/prodotto\/spugna-sella-standard-beta\/"},"modified":"2026-01-27T14:24:09","modified_gmt":"2026-01-27T13:24:09","slug":"spugna-sella-standard-beta","status":"publish","type":"product","link":"https:\/\/www.blackbirdracing.com\/es\/prodotto\/spugna-sella-standard-beta\/","title":{"rendered":"Goma Espuma Sill\u00ecn Standard BETA"},"content":{"rendered":"<p>Esponja asiento Blackbird Racing en espuma r\u00edgida de poliuretano impermeable y apta para la base original. Altura est\u00e1ndar pero con una dureza mayor que favorece y acelera el desplazamiento del motorista en el asiento. Apta tambi\u00e9n para el montaje en la funda para asiento original.<\/p>","protected":false},"excerpt":{"rendered":"<p>Goma Espuma Sill\u00ecn Standard BETA<\/p>","protected":false},"featured_media":83800,"comment_status":"open","ping_status":"closed","template":"","meta":{"_acf_changed":false,"_uag_custom_page_level_css":""},"product_brand":[],"product_cat":[29,128,129],"product_tag":[26],"class_list":{"0":"post-83801","1":"product","2":"type-product","3":"status-publish","4":"has-post-thumbnail","6":"product_cat-copertine-sella","7":"product_cat-beta-cs","8":"product_cat-rr-2t-4t-cs","9":"product_tag-blackbird","11":"first","12":"instock","13":"shipping-taxable","14":"purchasable","15":"product-type-simple"},"acf":[],"uagb_featured_image_src":{"full":["https:\/\/www.blackbirdracing.com\/wp-content\/uploads\/2026\/01\/4B00S_M-1.png",2048,1536,false],"thumbnail":["https:\/\/www.blackbirdracing.com\/wp-content\/uploads\/2026\/01\/4B00S_M-1-150x150.png",150,150,true],"medium":["https:\/\/www.blackbirdracing.com\/wp-content\/uploads\/2026\/01\/4B00S_M-1-300x225.png",300,225,true],"medium_large":["https:\/\/www.blackbirdracing.com\/wp-content\/uploads\/2026\/01\/4B00S_M-1-768x576.png",768,576,true],"large":["https:\/\/www.blackbirdracing.com\/wp-content\/uploads\/2026\/01\/4B00S_M-1-1024x768.png",800,600,true],"1536x1536":["https:\/\/www.blackbirdracing.com\/wp-content\/uploads\/2026\/01\/4B00S_M-1-1536x1152.png",1536,1152,true],"2048x2048":["https:\/\/www.blackbirdracing.com\/wp-content\/uploads\/2026\/01\/4B00S_M-1.png",2048,1536,false],"trp-custom-language-flag":["https:\/\/www.blackbirdracing.com\/wp-content\/uploads\/2026\/01\/4B00S_M-1-16x12.png",16,12,true],"woocommerce_thumbnail":["https:\/\/www.blackbirdracing.com\/wp-content\/uploads\/2026\/01\/4B00S_M-1-300x300.png",300,300,true],"woocommerce_single":["https:\/\/www.blackbirdracing.com\/wp-content\/uploads\/2026\/01\/4B00S_M-1-600x450.png",600,450,true],"woocommerce_gallery_thumbnail":["https:\/\/www.blackbirdracing.com\/wp-content\/uploads\/2026\/01\/4B00S_M-1-100x100.png",100,100,true],"dgwt-wcas-product-suggestion":["https:\/\/www.blackbirdracing.com\/wp-content\/uploads\/2026\/01\/4B00S_M-1-64x48.png",64,48,true]},"uagb_author_info":{"display_name":"Stefano Dagnino","author_link":"https:\/\/www.blackbirdracing.com\/es\/author\/"},"uagb_comment_info":0,"uagb_excerpt":"Spugna Sella Standard BETA","_links":{"self":[{"href":"https:\/\/www.blackbirdracing.com\/es\/wp-json\/wp\/v2\/product\/83801","targetHints":{"allow":["GET"]}}],"collection":[{"href":"https:\/\/www.blackbirdracing.com\/es\/wp-json\/wp\/v2\/product"}],"about":[{"href":"https:\/\/www.blackbirdracing.com\/es\/wp-json\/wp\/v2\/types\/product"}],"replies":[{"embeddable":true,"href":"https:\/\/www.blackbirdracing.com\/es\/wp-json\/wp\/v2\/comments?post=83801"}],"wp:featuredmedia":[{"embeddable":true,"href":"https:\/\/www.blackbirdracing.com\/es\/wp-json\/wp\/v2\/media\/83800"}],"wp:attachment":[{"href":"https:\/\/www.blackbirdracing.com\/es\/wp-json\/wp\/v2\/media?parent=83801"}],"wp:term":[{"taxonomy":"product_brand","embeddable":true,"href":"https:\/\/www.blackbirdracing.com\/es\/wp-json\/wp\/v2\/product_brand?post=83801"},{"taxonomy":"product_cat","embeddable":true,"href":"https:\/\/www.blackbirdracing.com\/es\/wp-json\/wp\/v2\/product_cat?post=83801"},{"taxonomy":"product_tag","embeddable":true,"href":"https:\/\/www.blackbirdracing.com\/es\/wp-json\/wp\/v2\/product_tag?post=83801"}],"curies":[{"name":"wp","href":"https:\/\/api.w.org\/{rel}","templated":true}]}}