{"id":83866,"date":"2026-02-04T17:04:09","date_gmt":"2026-02-04T16:04:09","guid":{"rendered":"https:\/\/www.blackbirdracing.com\/it\/prodotto\/copertina-sella-zebra-25-ducati\/"},"modified":"2026-02-04T17:04:09","modified_gmt":"2026-02-04T16:04:09","slug":"copertina-sella-zebra-25-ducati","status":"publish","type":"product","link":"https:\/\/www.blackbirdracing.com\/es\/prodotto\/copertina-sella-zebra-25-ducati\/","title":{"rendered":"Copertina Sella Zebra 25 DUCATI"},"content":{"rendered":"<p>Funda para asiento destinada a sustituir la original. Producida con las mejores tecnolog\u00edas del mercado. Encaja perfectamente con los perfiles del asiento de la moto, tambi\u00e9n con tejidos esponjosos m\u00e1s altos, hasta unos 2 cm. Estudiada para responder a la exigencia de tener mayor adherencia con el asiento de la moto en fase de aceleraci\u00f3n. Las especiales bandas ''''Cebra'''' est\u00e1n cosidas en la parte de asiento y est\u00e1n en realce.  Nuestros test rider del Campeonato Mundial han puesto hincapi\u00e9 en estad caract\u00e9risticas:  - Alto poder antideslizante - Durabilidad en el tiempo - Imagen agresiva y de moda'';;;<\/p>","protected":false},"excerpt":{"rendered":"<p>Copertina Sella Zebra 25 DUCATI<\/p>","protected":false},"featured_media":83865,"comment_status":"open","ping_status":"closed","template":"","meta":{"_acf_changed":false},"product_brand":[],"product_cat":[29,2161,2160],"product_tag":[26],"class_list":{"0":"post-83866","1":"product","2":"type-product","3":"status-publish","4":"has-post-thumbnail","6":"product_cat-copertine-sella","7":"product_cat-desmo-450","8":"product_cat-ducati","9":"product_tag-blackbird","11":"first","12":"instock","13":"shipping-taxable","14":"purchasable","15":"product-type-simple"},"acf":[],"_links":{"self":[{"href":"https:\/\/www.blackbirdracing.com\/es\/wp-json\/wp\/v2\/product\/83866","targetHints":{"allow":["GET"]}}],"collection":[{"href":"https:\/\/www.blackbirdracing.com\/es\/wp-json\/wp\/v2\/product"}],"about":[{"href":"https:\/\/www.blackbirdracing.com\/es\/wp-json\/wp\/v2\/types\/product"}],"replies":[{"embeddable":true,"href":"https:\/\/www.blackbirdracing.com\/es\/wp-json\/wp\/v2\/comments?post=83866"}],"wp:featuredmedia":[{"embeddable":true,"href":"https:\/\/www.blackbirdracing.com\/es\/wp-json\/wp\/v2\/media\/83865"}],"wp:attachment":[{"href":"https:\/\/www.blackbirdracing.com\/es\/wp-json\/wp\/v2\/media?parent=83866"}],"wp:term":[{"taxonomy":"product_brand","embeddable":true,"href":"https:\/\/www.blackbirdracing.com\/es\/wp-json\/wp\/v2\/product_brand?post=83866"},{"taxonomy":"product_cat","embeddable":true,"href":"https:\/\/www.blackbirdracing.com\/es\/wp-json\/wp\/v2\/product_cat?post=83866"},{"taxonomy":"product_tag","embeddable":true,"href":"https:\/\/www.blackbirdracing.com\/es\/wp-json\/wp\/v2\/product_tag?post=83866"}],"curies":[{"name":"wp","href":"https:\/\/api.w.org\/{rel}","templated":true}]}}