{"id":84639,"date":"2026-03-25T15:45:59","date_gmt":"2026-03-25T14:45:59","guid":{"rendered":"https:\/\/www.blackbirdracing.com\/it\/prodotto\/file-template-suzuki-per-rm-z-250-2019-2026\/"},"modified":"2026-03-25T15:45:59","modified_gmt":"2026-03-25T14:45:59","slug":"file-template-suzuki-per-rm-z-250-2019-2026","status":"publish","type":"product","link":"https:\/\/www.blackbirdracing.com\/es\/prodotto\/file-template-suzuki-per-rm-z-250-2019-2026\/","title":{"rendered":"Plantilla de archivo Suzuki para RM Z 250 2019 \u2013 2026"},"content":{"rendered":"<p>Con nuestras plantillas vectoriales podr\u00e1 crear los gr\u00e1ficos que desee para su moto. Plantillas vectoriales a escala 1:1 para bocetos y creaciones gr\u00e1ficas. Los archivos est\u00e1n en formato PDF vectorial, compatible con los principales programas de gr\u00e1ficos vectoriales.<\/p>","protected":false},"excerpt":{"rendered":"<p>File Template compatibile con Suzuki RM Z 250 2019 &#8211; 2026<\/p>","protected":false},"featured_media":84638,"comment_status":"open","ping_status":"closed","template":"","meta":{"_acf_changed":false},"product_brand":[],"product_cat":[1146,1186,1182],"product_tag":[26],"class_list":{"0":"post-84639","1":"product","2":"type-product","3":"status-publish","4":"has-post-thumbnail","6":"product_cat-kit-adesivi-moto","7":"product_cat-rm-z-250-ka","8":"product_cat-suzuki-ka","9":"product_tag-blackbird","11":"first","12":"instock","13":"virtual","14":"purchasable","15":"product-type-simple"},"acf":[],"_links":{"self":[{"href":"https:\/\/www.blackbirdracing.com\/es\/wp-json\/wp\/v2\/product\/84639","targetHints":{"allow":["GET"]}}],"collection":[{"href":"https:\/\/www.blackbirdracing.com\/es\/wp-json\/wp\/v2\/product"}],"about":[{"href":"https:\/\/www.blackbirdracing.com\/es\/wp-json\/wp\/v2\/types\/product"}],"replies":[{"embeddable":true,"href":"https:\/\/www.blackbirdracing.com\/es\/wp-json\/wp\/v2\/comments?post=84639"}],"wp:featuredmedia":[{"embeddable":true,"href":"https:\/\/www.blackbirdracing.com\/es\/wp-json\/wp\/v2\/media\/84638"}],"wp:attachment":[{"href":"https:\/\/www.blackbirdracing.com\/es\/wp-json\/wp\/v2\/media?parent=84639"}],"wp:term":[{"taxonomy":"product_brand","embeddable":true,"href":"https:\/\/www.blackbirdracing.com\/es\/wp-json\/wp\/v2\/product_brand?post=84639"},{"taxonomy":"product_cat","embeddable":true,"href":"https:\/\/www.blackbirdracing.com\/es\/wp-json\/wp\/v2\/product_cat?post=84639"},{"taxonomy":"product_tag","embeddable":true,"href":"https:\/\/www.blackbirdracing.com\/es\/wp-json\/wp\/v2\/product_tag?post=84639"}],"curies":[{"name":"wp","href":"https:\/\/api.w.org\/{rel}","templated":true}]}}