{"id":85027,"date":"2026-04-20T11:25:47","date_gmt":"2026-04-20T09:25:47","guid":{"rendered":"https:\/\/www.blackbirdracing.com\/it\/prodotto\/file-template-kawasaki-per-kxf-250-2025-2026\/"},"modified":"2026-04-20T11:25:47","modified_gmt":"2026-04-20T09:25:47","slug":"file-template-kawasaki-per-kxf-250-2025-2026","status":"publish","type":"product","link":"https:\/\/www.blackbirdracing.com\/es\/prodotto\/file-template-kawasaki-per-kxf-250-2025-2026\/","title":{"rendered":"File Template Kawasaki per KXF 250 2025 &#8211; 2026"},"content":{"rendered":"<p>Con nuestras plantillas vectoriales podr\u00e1 crear los gr\u00e1ficos que desee para su moto. Plantillas vectoriales a escala 1:1 para bocetos y creaciones gr\u00e1ficas. Los archivos est\u00e1n en formato PDF vectorial, compatible con los principales programas de gr\u00e1ficos vectoriales.<\/p>","protected":false},"excerpt":{"rendered":"<p>File Template compatibile con Kawasaki KXF 250 2025 &#8211; 2026<\/p>","protected":false},"featured_media":85026,"comment_status":"open","ping_status":"closed","template":"","meta":{"_acf_changed":false},"product_brand":[],"product_cat":[1146,1190,1193],"product_tag":[26],"class_list":{"0":"post-85027","1":"product","2":"type-product","3":"status-publish","4":"has-post-thumbnail","6":"product_cat-kit-adesivi-moto","7":"product_cat-kawasaki-ka","8":"product_cat-kxf-250-ka","9":"product_tag-blackbird","11":"first","12":"instock","13":"virtual","14":"purchasable","15":"product-type-simple"},"acf":[],"_links":{"self":[{"href":"https:\/\/www.blackbirdracing.com\/es\/wp-json\/wp\/v2\/product\/85027","targetHints":{"allow":["GET"]}}],"collection":[{"href":"https:\/\/www.blackbirdracing.com\/es\/wp-json\/wp\/v2\/product"}],"about":[{"href":"https:\/\/www.blackbirdracing.com\/es\/wp-json\/wp\/v2\/types\/product"}],"replies":[{"embeddable":true,"href":"https:\/\/www.blackbirdracing.com\/es\/wp-json\/wp\/v2\/comments?post=85027"}],"wp:featuredmedia":[{"embeddable":true,"href":"https:\/\/www.blackbirdracing.com\/es\/wp-json\/wp\/v2\/media\/85026"}],"wp:attachment":[{"href":"https:\/\/www.blackbirdracing.com\/es\/wp-json\/wp\/v2\/media?parent=85027"}],"wp:term":[{"taxonomy":"product_brand","embeddable":true,"href":"https:\/\/www.blackbirdracing.com\/es\/wp-json\/wp\/v2\/product_brand?post=85027"},{"taxonomy":"product_cat","embeddable":true,"href":"https:\/\/www.blackbirdracing.com\/es\/wp-json\/wp\/v2\/product_cat?post=85027"},{"taxonomy":"product_tag","embeddable":true,"href":"https:\/\/www.blackbirdracing.com\/es\/wp-json\/wp\/v2\/product_tag?post=85027"}],"curies":[{"name":"wp","href":"https:\/\/api.w.org\/{rel}","templated":true}]}}