{"id":30689,"date":"2025-07-25T17:29:23","date_gmt":"2025-07-25T15:29:23","guid":{"rendered":"https:\/\/alessiom160.sg-host.com\/?page_id=30689"},"modified":"2026-01-26T09:28:11","modified_gmt":"2026-01-26T08:28:11","slug":"entreprise","status":"publish","type":"page","link":"https:\/\/www.blackbirdracing.com\/fr\/azienda\/","title":{"rendered":"Soci\u00e9t\u00e9"},"content":{"rendered":"<div data-elementor-type=\"wp-page\" data-elementor-id=\"30689\" class=\"elementor elementor-30689\" data-elementor-post-type=\"page\">\n\t\t\t\t<section class=\"elementor-element elementor-element-bba599f e-con-full section-s e-flex e-con e-parent\" data-id=\"bba599f\" data-element_type=\"container\" data-e-type=\"container\">\n\t\t<div class=\"elementor-element elementor-element-29438d7 e-con-full e-flex e-con e-child\" data-id=\"29438d7\" data-element_type=\"container\" data-e-type=\"container\">\n\t\t\t\t<div class=\"elementor-element elementor-element-2a845a6 elementor-widget elementor-widget-heading\" data-id=\"2a845a6\" data-element_type=\"widget\" data-e-type=\"widget\" data-widget_type=\"heading.default\">\n\t\t\t\t\t<h2 class=\"elementor-heading-title elementor-size-default\">Histoire<\/h2>\t\t\t\t<\/div>\n\t\t\t\t<div class=\"elementor-element elementor-element-b5428bc elementor-widget elementor-widget-text-editor\" data-id=\"b5428bc\" data-element_type=\"widget\" data-e-type=\"widget\" data-widget_type=\"text-editor.default\">\n\t\t\t\t\t\t\t\t\t<p>Blackbird Racing <strong>est n\u00e9 en 1996<\/strong> avec l'id\u00e9e de r\u00e9aliser des graphiques adh\u00e9sifs et des housses de selle pour motos tout-terrain. Le grand travail initial de quelques personnes, tr\u00e8s passionn\u00e9es et qualifi\u00e9es, a conduit l'entreprise \u00e0 une croissance exponentielle les ann\u00e9es suivantes. Engagement, qualit\u00e9, service, innovation ont toujours \u00e9t\u00e9 nos points forts. Aujourd'hui, les domaines d'application ont consid\u00e9rablement augment\u00e9, Cross, Enduro, Motard, Freestyle, Quad, Go-Kart, ne sont que quelques-uns des secteurs dans lesquels nous op\u00e9rons. Depuis longtemps, Blackbird Racing est reconnue comme leader du march\u00e9, devenant \u00e9galement le plus grand producteur de graphiques pour la quasi-totalit\u00e9 des constructeurs de motos mondiaux.<\/p>\t\t\t\t\t\t\t\t<\/div>\n\t\t\t\t<\/div>\n\t\t<div class=\"elementor-element elementor-element-a6b64ce e-con-full e-flex e-con e-child\" data-id=\"a6b64ce\" data-element_type=\"container\" data-e-type=\"container\">\n\t\t\t\t<div class=\"elementor-element elementor-element-8be531b elementor-widget elementor-widget-heading\" data-id=\"8be531b\" data-element_type=\"widget\" data-e-type=\"widget\" data-widget_type=\"heading.default\">\n\t\t\t\t\t<h2 class=\"elementor-heading-title elementor-size-default\">Mission<\/h2>\t\t\t\t<\/div>\n\t\t\t\t<div class=\"elementor-element elementor-element-3e7dc02 elementor-widget elementor-widget-text-editor\" data-id=\"3e7dc02\" data-element_type=\"widget\" data-e-type=\"widget\" data-widget_type=\"text-editor.default\">\n\t\t\t\t\t\t\t\t\t<p>Notre mission est simple\u00a0: continuer \u00e0 am\u00e9liorer et innover le produit. Il n\u2019y a donc pas de v\u00e9ritable objectif \u00e0 atteindre. Tout le personnel interne (compos\u00e9 aujourd\u2019hui de plus de 40 personnes) continue donc \u00e0 travailler \u00e0 la recherche d\u2019un objectif id\u00e9al qui, n\u2019existant pas objectivement, est recherch\u00e9 en utilisant la passion et le d\u00e9vouement personnel envers son travail.<\/p>\t\t\t\t\t\t\t\t<\/div>\n\t\t\t\t<div class=\"elementor-element elementor-element-5fdaadd elementor-widget elementor-widget-heading\" data-id=\"5fdaadd\" data-element_type=\"widget\" data-e-type=\"widget\" data-widget_type=\"heading.default\">\n\t\t\t\t\t<div class=\"elementor-heading-title elementor-size-default\">Ici et maintenant, tous les jours!<br>Nous innovons et cr\u00e9ons avec passion et loyaut\u00e9 les meilleurs produits et services pour nos clients<\/div>\t\t\t\t<\/div>\n\t\t\t\t<\/div>\n\t\t<div class=\"elementor-element elementor-element-17a9d61 e-con-full e-flex e-con e-child\" data-id=\"17a9d61\" data-element_type=\"container\" data-e-type=\"container\">\n\t\t\t\t<div class=\"elementor-element elementor-element-a272084 elementor-widget elementor-widget-heading\" data-id=\"a272084\" data-element_type=\"widget\" data-e-type=\"widget\" data-widget_type=\"heading.default\">\n\t\t\t\t\t<h2 class=\"elementor-heading-title elementor-size-default\">Vision<\/h2>\t\t\t\t<\/div>\n\t\t\t\t<div class=\"elementor-element elementor-element-8ab71c7 elementor-widget elementor-widget-text-editor\" data-id=\"8ab71c7\" data-element_type=\"widget\" data-e-type=\"widget\" data-widget_type=\"text-editor.default\">\n\t\t\t\t\t\t\t\t\t<p>En abordant la vision, le deuxi\u00e8me pilier de notre identit\u00e9, nous avons ouvert le livre des r\u00eaves. Nous nous sommes demand\u00e9 quelles \u00e9taient nos ambitions, non seulement du point de vue professionnel mais aussi du point de vue humain et relationnel. Nous nous sommes lib\u00e9r\u00e9s de nos h\u00e9sitations en \u00e9largissant nos horizons et nous nous sommes projet\u00e9s dans le futur en pensant o\u00f9 nous voudrions \u00eatre, comment nous voudrions \u00eatre et comment nous voudrions \u00eatre consid\u00e9r\u00e9s \u00e0 l\u2019avenir par nos partenaires et clients et par ceux qui choisissent de faire partie de notre famille.<\/p><p>Nous avons donc imagin\u00e9 un message qui serait une source d'inspiration pour ceux que nous rencontrons sur notre chemin.<\/p>\t\t\t\t\t\t\t\t<\/div>\n\t\t\t\t<div class=\"elementor-element elementor-element-52145e1 elementor-widget elementor-widget-heading\" data-id=\"52145e1\" data-element_type=\"widget\" data-e-type=\"widget\" data-widget_type=\"heading.default\">\n\t\t\t\t\t<div class=\"elementor-heading-title elementor-size-default\">Devenir la r\u00e9f\u00e9rence en communication graphique, une \u00e9tape \u00e0 la fois<\/div>\t\t\t\t<\/div>\n\t\t\t\t<\/div>\n\t\t<div class=\"elementor-element elementor-element-51d8538 e-con-full e-flex e-con e-child\" data-id=\"51d8538\" data-element_type=\"container\" data-e-type=\"container\">\n\t\t\t\t<div class=\"elementor-element elementor-element-b4b36e7 elementor-widget elementor-widget-heading\" data-id=\"b4b36e7\" data-element_type=\"widget\" data-e-type=\"widget\" data-widget_type=\"heading.default\">\n\t\t\t\t\t<h2 class=\"elementor-heading-title elementor-size-default\">valeurs<\/h2>\t\t\t\t<\/div>\n\t\t\t\t<div class=\"elementor-element elementor-element-7bca191 elementor-widget elementor-widget-text-editor\" data-id=\"7bca191\" data-element_type=\"widget\" data-e-type=\"widget\" data-widget_type=\"text-editor.default\">\n\t\t\t\t\t\t\t\t\t<p>Le troisi\u00e8me pilier de notre identit\u00e9 est repr\u00e9sent\u00e9 par les valeurs de r\u00e9f\u00e9rence de notre culture. Huit sont les valeurs qui nous caract\u00e9risent, qui font partie de notre ADN et guident nos comportements.<\/p>\t\t\t\t\t\t\t\t<\/div>\n\t\t<section class=\"elementor-element elementor-element-cb85e20 e-con-full e-flex e-con e-child\" data-id=\"cb85e20\" data-element_type=\"container\" data-e-type=\"container\" data-settings=\"{&quot;background_background&quot;:&quot;classic&quot;}\">\n\t\t\t\t<div class=\"elementor-element elementor-element-873a2f8 elementor-widget elementor-widget-text-editor\" data-id=\"873a2f8\" data-element_type=\"widget\" data-e-type=\"widget\" data-widget_type=\"text-editor.default\">\n\t\t\t\t\t\t\t\t\t<ul><li><strong>respect<br \/><\/strong>\u201c<em>Plus qu\u2019une valeur, c\u2019est un pr\u00e9requis. Nous agissons dans le respect de nous-m\u00eames, des autres (coll\u00e8gues, partenaires, fournisseurs, clients), de l\u2019instrumentation, du mobilier et du r\u00e8glement int\u00e9rieur<\/em>\u00a0\u201c.<\/li><li><strong>fiabilit\u00e9<br \/><\/strong>\u201c<em>Nous nous comportons de telle sorte que l'autre partie dispose toujours d'une marge de s\u00e9curit\u00e9 quant \u00e0 notre capacit\u00e9 \u00e0 r\u00e9pondre \u00e0 des demandes ou \u00e0 des situations similaires au fil du temps.<\/em><\/li><li><strong>Responsabilit\u00e9<br \/><\/strong><em>\"De m\u00eame, nous sommes responsables, dans chaque situation, parce que nous \u00e9valuons et consid\u00e9rons les cons\u00e9quences de nos actions sur la relation et sur les personnes impliqu\u00e9es - et nous r\u00e9pondons en conscience\".<\/em><\/li><li><strong>loyaut\u00e9<br \/><\/strong>\"Nous ne ferons jamais aux autres ce que nous ne voudrions pas qu\u2019ils fassent \u00e0 nous,\u00a0<em>nous nous comportons envers les autres comme s'ils \u00e9taient toujours pr\u00e9sents devant nous<\/em>\u201c.<\/li><li><strong>passion<br \/><\/strong>\u201c<em>Notre devise est -Faites ce que vous aimez, et vous ne travaillerez pas un jour de votre vie - (Confucius)\".<\/em><\/li><li><strong>innovation<br \/><\/strong><em>\"Nous aimons constamment d\u00e9fier le statu quo pour trouver les meilleures solutions\".<\/em><\/li><li><strong>collaboration<br \/><\/strong>\u201c<em>La collaboration est belle parce qu\u2019on partage les charges et que l\u2019on peut atteindre des objectifs inatteignables tout seul\".<\/em><\/li><li><strong>S\u00e9r\u00e9nit\u00e9 de l\u2019environnement de travail<br \/><\/strong><em>\"C\u2019est pour nous la base sur laquelle construire une journ\u00e9e productive et en harmonie avec les autres\".<\/em><\/li><\/ul>\t\t\t\t\t\t\t\t<\/div>\n\t\t\t\t<\/section>\n\t\t\t\t<\/div>\n\t\t\t\t<\/section>\n\t\t\t\t<\/div>","protected":false},"excerpt":{"rendered":"<p>Storia Blackbird Racing nasce nel 1996 con l\u2019idea di realizzare grafiche adesive e copertine sella per moto da fuoristrada. Il grande lavoro iniziale di poche persone, altamente appassionate e qualificate, induce l\u2019azienda ad una crescita esponenziale negli anni successivi. Impegno, qualit\u00e0, servizio, innovazione sono sempre stati i nostri punti di forza. Oggi i campi di [&hellip;]<\/p>\n","protected":false},"author":1,"featured_media":0,"parent":0,"menu_order":0,"comment_status":"closed","ping_status":"closed","template":"","meta":{"_acf_changed":false,"_uag_custom_page_level_css":"","footnotes":""},"class_list":["post-30689","page","type-page","status-publish","hentry"],"acf":[],"uagb_featured_image_src":{"full":false,"thumbnail":false,"medium":false,"medium_large":false,"large":false,"1536x1536":false,"2048x2048":false,"trp-custom-language-flag":false,"woocommerce_thumbnail":false,"woocommerce_single":false,"woocommerce_gallery_thumbnail":false,"dgwt-wcas-product-suggestion":false},"uagb_author_info":{"display_name":"Mattia Faloretti","author_link":"https:\/\/www.blackbirdracing.com\/fr\/author\/mattia-falorettilaicos-agency\/"},"uagb_comment_info":0,"uagb_excerpt":"Storia Blackbird Racing nasce nel 1996 con l\u2019idea di realizzare grafiche adesive e copertine sella per moto da fuoristrada. Il grande lavoro iniziale di poche persone, altamente appassionate e qualificate, induce l\u2019azienda ad una crescita esponenziale negli anni successivi. Impegno, qualit\u00e0, servizio, innovazione sono sempre stati i nostri punti di forza. Oggi i campi di\u2026","_links":{"self":[{"href":"https:\/\/www.blackbirdracing.com\/fr\/wp-json\/wp\/v2\/pages\/30689","targetHints":{"allow":["GET"]}}],"collection":[{"href":"https:\/\/www.blackbirdracing.com\/fr\/wp-json\/wp\/v2\/pages"}],"about":[{"href":"https:\/\/www.blackbirdracing.com\/fr\/wp-json\/wp\/v2\/types\/page"}],"author":[{"embeddable":true,"href":"https:\/\/www.blackbirdracing.com\/fr\/wp-json\/wp\/v2\/users\/1"}],"replies":[{"embeddable":true,"href":"https:\/\/www.blackbirdracing.com\/fr\/wp-json\/wp\/v2\/comments?post=30689"}],"version-history":[{"count":19,"href":"https:\/\/www.blackbirdracing.com\/fr\/wp-json\/wp\/v2\/pages\/30689\/revisions"}],"predecessor-version":[{"id":83718,"href":"https:\/\/www.blackbirdracing.com\/fr\/wp-json\/wp\/v2\/pages\/30689\/revisions\/83718"}],"wp:attachment":[{"href":"https:\/\/www.blackbirdracing.com\/fr\/wp-json\/wp\/v2\/media?parent=30689"}],"curies":[{"name":"wp","href":"https:\/\/api.w.org\/{rel}","templated":true}]}}