{"id":30883,"date":"2025-07-28T16:41:04","date_gmt":"2025-07-28T14:41:04","guid":{"rendered":"https:\/\/alessiom160.sg-host.com\/?page_id=30883"},"modified":"2025-12-01T10:19:21","modified_gmt":"2025-12-01T09:19:21","slug":"catalogo-blackbird-racing","status":"publish","type":"page","link":"https:\/\/www.blackbirdracing.com\/fr\/catalogo-blackbird-racing\/","title":{"rendered":"Catalogue Blackbird Racing"},"content":{"rendered":"<div data-elementor-type=\"wp-page\" data-elementor-id=\"30883\" class=\"elementor elementor-30883\" data-elementor-post-type=\"page\">\n\t\t\t\t<section class=\"elementor-element elementor-element-be36b6d e-con-full section-s e-flex e-con e-parent\" data-id=\"be36b6d\" data-element_type=\"container\" data-e-type=\"container\">\n\t\t\t\t<div class=\"elementor-element elementor-element-aa0dd3b elementor-widget elementor-widget-text-editor\" data-id=\"aa0dd3b\" data-element_type=\"widget\" data-e-type=\"widget\" data-widget_type=\"text-editor.default\">\n\t\t\t\t\t\t\t\t\t<p>D\u00e9couvrez notre catalogue de produits d\u00e9di\u00e9 au monde du motocross, con\u00e7u pour offrir un aper\u00e7u complet et professionnel des solutions les plus avanc\u00e9es pour l'entretien, l'optimisation et la personnalisation de votre moto.<\/p><p>Vous y trouverez une large gamme de composants techniques performants - kits d'autocollants, protections de fourche, housses de selle, accessoires divers - et des \u00e9quipements con\u00e7us pour garantir la s\u00e9curit\u00e9, le confort et l'efficacit\u00e9 maximale en utilisation tout-terrain.<\/p><p>Chaque produit du catalogue est s\u00e9lectionn\u00e9 sur la base de normes strictes de qualit\u00e9, de fiabilit\u00e9 et de compatibilit\u00e9 avec les mod\u00e8les des principaux constructeurs de motos.<\/p><p>Nous mettons \u00e0 jour le catalogue chaque ann\u00e9e afin de garantir que les solutions sont toujours actuelles et conformes aux besoins des pilotes professionnels, des \u00e9quipes de course et des passionn\u00e9s.\u00a0<br \/>N'h\u00e9sitez pas \u00e0 nous contacter pour plus d'informations.<\/p>\t\t\t\t\t\t\t\t<\/div>\n\t\t<div class=\"elementor-element elementor-element-f5f1b9e e-con-full e-flex e-con e-child\" data-id=\"f5f1b9e\" data-element_type=\"container\" data-e-type=\"container\">\n\t\t<section class=\"elementor-element elementor-element-4ba2145 e-con-full elementor-hidden-tablet elementor-hidden-mobile e-flex e-con e-child\" data-id=\"4ba2145\" data-element_type=\"container\" data-e-type=\"container\">\n\t\t<div class=\"elementor-element elementor-element-9c9680d e-con-full section-left-s e-flex e-con e-child\" data-id=\"9c9680d\" data-element_type=\"container\" data-e-type=\"container\" data-settings=\"{&quot;background_background&quot;:&quot;classic&quot;}\">\n\t\t\t\t<div class=\"elementor-element elementor-element-3cc8111 elementor-widget elementor-widget-heading\" data-id=\"3cc8111\" data-element_type=\"widget\" data-e-type=\"widget\" data-widget_type=\"heading.default\">\n\t\t\t\t\t<h3 class=\"elementor-heading-title elementor-size-default\">T\u00e9l\u00e9charger le catalogue<\/h3>\t\t\t\t<\/div>\n\t\t\t\t<div class=\"elementor-element elementor-element-55c00c8 elementor-widget elementor-widget-text-editor\" data-id=\"55c00c8\" data-element_type=\"widget\" data-e-type=\"widget\" data-widget_type=\"text-editor.default\">\n\t\t\t\t\t\t\t\t\t<p>T\u00e9l\u00e9charger le catalogue en format pdf<\/p>\t\t\t\t\t\t\t\t<\/div>\n\t\t\t\t<div class=\"elementor-element elementor-element-a7d173f elementor-align-left elementor-widget elementor-widget-jet-download-button\" data-id=\"a7d173f\" data-element_type=\"widget\" data-e-type=\"widget\" data-widget_type=\"jet-download-button.default\">\n\t\t\t\t<div class=\"elementor-widget-container\">\n\t\t\t\t\t<div class=\"elementor-jet-download-button jet-elements\"><a class=\"elementor-button elementor-size-md jet-download jet-download-icon-position-left\" data-e-disable-page-transition=\"true\" href=\"https:\/\/www.blackbirdracing.com\/fr\/?jet_download=5b0e25ee4c287faddd1cd100122503934e55ec29\"  rel=\"nofollow\"><span class=\"jet-download__text\"><span class=\"jet-download__label\">T\u00e9l\u00e9charger le pdf<\/span><span class=\"jet-download__file-name\"><\/span><small class=\"jet-download__sub-label\">137 Mo<\/small><\/span><\/a>\n<\/div>\t\t\t\t<\/div>\n\t\t\t\t<\/div>\n\t\t\t\t<\/div>\n\t\t<div class=\"elementor-element elementor-element-5804322 e-con-full section-right-s e-flex e-con e-child\" data-id=\"5804322\" data-element_type=\"container\" data-e-type=\"container\" data-settings=\"{&quot;background_background&quot;:&quot;classic&quot;}\">\n\t\t\t\t<div class=\"elementor-element elementor-element-e021873 elementor-widget elementor-widget-heading\" data-id=\"e021873\" data-element_type=\"widget\" data-e-type=\"widget\" data-widget_type=\"heading.default\">\n\t\t\t\t\t<h3 class=\"elementor-heading-title elementor-size-default\">Parcourir le catalogue<\/h3>\t\t\t\t<\/div>\n\t\t\t\t<div class=\"elementor-element elementor-element-ccda5ce elementor-widget elementor-widget-text-editor\" data-id=\"ccda5ce\" data-element_type=\"widget\" data-e-type=\"widget\" data-widget_type=\"text-editor.default\">\n\t\t\t\t\t\t\t\t\t<p>Parcourez le catalogue pour trouver les composants les mieux adapt\u00e9s \u00e0 vos besoins.<\/p>\t\t\t\t\t\t\t\t<\/div>\n\t\t\t\t<div class=\"elementor-element elementor-element-8a87494 elementor-align-right elementor-widget elementor-widget-button\" data-id=\"8a87494\" data-element_type=\"widget\" data-e-type=\"widget\" data-widget_type=\"button.default\">\n\t\t\t\t\t\t\t\t\t\t<a class=\"elementor-button elementor-button-link elementor-size-sm\" href=\"https:\/\/www.blackbirdracing.com\/fr\/catalogo-blackbird-racing\/leggi-online\/\" target=\"_blank\">\n\t\t\t\t\t\t<span class=\"elementor-button-content-wrapper\">\n\t\t\t\t\t\t\t\t\t<span class=\"elementor-button-text\">Parcourir le catalogue en ligne<\/span>\n\t\t\t\t\t<\/span>\n\t\t\t\t\t<\/a>\n\t\t\t\t\t\t\t\t<\/div>\n\t\t\t\t<\/div>\n\t\t\t\t<\/section>\n\t\t<section class=\"elementor-element elementor-element-7e6227b e-con-full elementor-hidden-desktop elementor-hidden-laptop e-flex e-con e-child\" data-id=\"7e6227b\" data-element_type=\"container\" data-e-type=\"container\">\n\t\t<div class=\"elementor-element elementor-element-227ef67 e-con-full section-left-s e-flex e-con e-child\" data-id=\"227ef67\" data-element_type=\"container\" data-e-type=\"container\" data-settings=\"{&quot;background_background&quot;:&quot;classic&quot;}\">\n\t\t\t\t<div class=\"elementor-element elementor-element-9e4b0f8 elementor-widget elementor-widget-heading\" data-id=\"9e4b0f8\" data-element_type=\"widget\" data-e-type=\"widget\" data-widget_type=\"heading.default\">\n\t\t\t\t\t<h3 class=\"elementor-heading-title elementor-size-default\">T\u00e9l\u00e9charger le catalogue<\/h3>\t\t\t\t<\/div>\n\t\t\t\t<div class=\"elementor-element elementor-element-d3a9c2d elementor-widget elementor-widget-text-editor\" data-id=\"d3a9c2d\" data-element_type=\"widget\" data-e-type=\"widget\" data-widget_type=\"text-editor.default\">\n\t\t\t\t\t\t\t\t\t<p>T\u00e9l\u00e9charger le catalogue en format pdf<\/p>\t\t\t\t\t\t\t\t<\/div>\n\t\t\t\t<div class=\"elementor-element elementor-element-c366e11 elementor-align-left elementor-mobile-align-justify elementor-widget elementor-widget-jet-download-button\" data-id=\"c366e11\" data-element_type=\"widget\" data-e-type=\"widget\" data-widget_type=\"jet-download-button.default\">\n\t\t\t\t<div class=\"elementor-widget-container\">\n\t\t\t\t\t<div class=\"elementor-jet-download-button jet-elements\"><a class=\"elementor-button elementor-size-md jet-download jet-download-icon-position-left\" data-e-disable-page-transition=\"true\" href=\"https:\/\/www.blackbirdracing.com\/fr\/?jet_download=5b0e25ee4c287faddd1cd100122503934e55ec29\"  rel=\"nofollow\"><span class=\"jet-download__text\"><span class=\"jet-download__label\">T\u00e9l\u00e9charger le pdf<\/span><span class=\"jet-download__file-name\"><\/span><small class=\"jet-download__sub-label\">137 Mo<\/small><\/span><\/a>\n<\/div>\t\t\t\t<\/div>\n\t\t\t\t<\/div>\n\t\t\t\t<\/div>\n\t\t<div class=\"elementor-element elementor-element-afccfd7 e-con-full section-right-s e-flex e-con e-child\" data-id=\"afccfd7\" data-element_type=\"container\" data-e-type=\"container\" data-settings=\"{&quot;background_background&quot;:&quot;classic&quot;}\">\n\t\t\t\t<div class=\"elementor-element elementor-element-3cb26ea elementor-widget elementor-widget-heading\" data-id=\"3cb26ea\" data-element_type=\"widget\" data-e-type=\"widget\" data-widget_type=\"heading.default\">\n\t\t\t\t\t<h3 class=\"elementor-heading-title elementor-size-default\">Parcourir le catalogue<\/h3>\t\t\t\t<\/div>\n\t\t\t\t<div class=\"elementor-element elementor-element-abc69e7 elementor-widget elementor-widget-text-editor\" data-id=\"abc69e7\" data-element_type=\"widget\" data-e-type=\"widget\" data-widget_type=\"text-editor.default\">\n\t\t\t\t\t\t\t\t\t<p>Parcourez le catalogue pour trouver les composants les mieux adapt\u00e9s \u00e0 vos besoins.<\/p>\t\t\t\t\t\t\t\t<\/div>\n\t\t\t\t<div class=\"elementor-element elementor-element-bc7af85 elementor-align-right elementor-tablet-align-left elementor-mobile-align-justify elementor-widget elementor-widget-button\" data-id=\"bc7af85\" data-element_type=\"widget\" data-e-type=\"widget\" data-widget_type=\"button.default\">\n\t\t\t\t\t\t\t\t\t\t<a class=\"elementor-button elementor-button-link elementor-size-sm\" href=\"https:\/\/www.blackbirdracing.com\/fr\/catalogo-blackbird-racing\/leggi-online\/\" target=\"_blank\">\n\t\t\t\t\t\t<span class=\"elementor-button-content-wrapper\">\n\t\t\t\t\t\t\t\t\t<span class=\"elementor-button-text\">Parcourir le catalogue en ligne<\/span>\n\t\t\t\t\t<\/span>\n\t\t\t\t\t<\/a>\n\t\t\t\t\t\t\t\t<\/div>\n\t\t\t\t<\/div>\n\t\t\t\t<\/section>\n\t\t\t\t<\/div>\n\t\t\t\t<\/section>\n\t\t\t\t<\/div>","protected":false},"excerpt":{"rendered":"<p>Scopri il nostro catalogo prodotti dedicato al mondo del motocross, progettato per offrire una panoramica completa e professionale delle soluzioni pi\u00f9 avanzate per la manutenzione, l\u2019ottimizzazione e la personalizzazione della tua moto. All\u2019interno troverai una vasta gamma di componenti tecnici ad alte prestazioni\u2014 kit adesivi, protezioni per le forcelle, copertine sella, accessori vari &#8211; e [&hellip;]<\/p>\n","protected":false},"author":1,"featured_media":81409,"parent":0,"menu_order":0,"comment_status":"closed","ping_status":"closed","template":"","meta":{"_acf_changed":false,"footnotes":""},"class_list":["post-30883","page","type-page","status-publish","has-post-thumbnail","hentry"],"acf":[],"_links":{"self":[{"href":"https:\/\/www.blackbirdracing.com\/fr\/wp-json\/wp\/v2\/pages\/30883","targetHints":{"allow":["GET"]}}],"collection":[{"href":"https:\/\/www.blackbirdracing.com\/fr\/wp-json\/wp\/v2\/pages"}],"about":[{"href":"https:\/\/www.blackbirdracing.com\/fr\/wp-json\/wp\/v2\/types\/page"}],"author":[{"embeddable":true,"href":"https:\/\/www.blackbirdracing.com\/fr\/wp-json\/wp\/v2\/users\/1"}],"replies":[{"embeddable":true,"href":"https:\/\/www.blackbirdracing.com\/fr\/wp-json\/wp\/v2\/comments?post=30883"}],"version-history":[{"count":25,"href":"https:\/\/www.blackbirdracing.com\/fr\/wp-json\/wp\/v2\/pages\/30883\/revisions"}],"predecessor-version":[{"id":78778,"href":"https:\/\/www.blackbirdracing.com\/fr\/wp-json\/wp\/v2\/pages\/30883\/revisions\/78778"}],"wp:featuredmedia":[{"embeddable":true,"href":"https:\/\/www.blackbirdracing.com\/fr\/wp-json\/wp\/v2\/media\/81409"}],"wp:attachment":[{"href":"https:\/\/www.blackbirdracing.com\/fr\/wp-json\/wp\/v2\/media?parent=30883"}],"curies":[{"name":"wp","href":"https:\/\/api.w.org\/{rel}","templated":true}]}}