{"id":81420,"date":"2025-12-01T16:37:19","date_gmt":"2025-12-01T15:37:19","guid":{"rendered":"https:\/\/blackbird.store360.it\/?page_id=81420"},"modified":"2025-12-01T16:43:42","modified_gmt":"2025-12-01T15:43:42","slug":"condizioni-di-vendita","status":"publish","type":"page","link":"https:\/\/www.blackbirdracing.com\/fr\/condizioni-di-vendita\/","title":{"rendered":"Conditions de vente"},"content":{"rendered":"<div data-elementor-type=\"wp-page\" data-elementor-id=\"81420\" class=\"elementor elementor-81420\" data-elementor-post-type=\"page\">\n\t\t\t\t<section class=\"elementor-element elementor-element-7ced07c e-con-full section-s e-flex e-con e-parent\" data-id=\"7ced07c\" data-element_type=\"container\" data-e-type=\"container\">\n\t\t\t\t<div class=\"elementor-element elementor-element-d5d30a7 elementor-widget elementor-widget-text-editor\" data-id=\"d5d30a7\" data-element_type=\"widget\" data-e-type=\"widget\" data-widget_type=\"text-editor.default\">\n\t\t\t\t\t\t\t\t\t<p>Les articles du catalogue virtuel du site www.blackbirdracing.com peuvent \u00eatre achet\u00e9s aux conditions suivantes aupr\u00e8s de Nuova Algis, dont le si\u00e8ge est \u00e0 G\u00eanes, via G.Morasso 21\/5, P.Iva 01804330999 - SDI RR66BDG.<\/p><p>L'achat de ce qui est demand\u00e9 se fera selon les \u00e9tapes suivantes :<\/p><ul><li>En envoyant la commande, le client transmet \u00e0 Nuova Algis une proposition d'achat du ou des produits s\u00e9lectionn\u00e9s. L'envoi du bon de commande implique le consentement (conform\u00e9ment \u00e0 l'art. 10 DL 185\/1999) \u00e0 recevoir de Nuova Algis les communications ult\u00e9rieures, destin\u00e9es exclusivement \u00e0 la conclusion et \u00e0 l'ex\u00e9cution du contrat de vente.<\/li><li>Nuova Algis se r\u00e9serve le droit incontestable d'accepter la proposition d'achat du client.<\/li><li>Nuova Algis v\u00e9rifie quotidiennement la disponibilit\u00e9 de tous les produits. Si un produit n'est pas disponible, le logiciel s'assure automatiquement qu'il ne peut pas \u00eatre ajout\u00e9 au panier d'achat. \u00c9tant donn\u00e9 que la possibilit\u00e9 de passer des commandes \u201cen ligne\u201d modifie la disponibilit\u00e9 du produit en temps r\u00e9el, Nuova Algis ne garantit pas la certitude de l'attribution des marchandises command\u00e9es. Dans ce cas, nous sommes absolument disponibles pour remplacer la marchandise par une autre de type similaire (au choix du client) ou pour rembourser la totalit\u00e9 du montant pay\u00e9 dans les 3 jours ouvrables. Toutes les communications \u00e0 ce sujet seront envoy\u00e9es par e-mail.<\/li><li>Nuova Algis remettra alors les marchandises demand\u00e9es au transporteur choisi pour qu'elles soient livr\u00e9es \u00e0 l'adresse indiqu\u00e9e.<\/li><\/ul>\t\t\t\t\t\t\t\t<\/div>\n\t\t\t\t<div class=\"elementor-element elementor-element-d0c1655 elementor-widget elementor-widget-heading\" data-id=\"d0c1655\" data-element_type=\"widget\" data-e-type=\"widget\" data-widget_type=\"heading.default\">\n\t\t\t\t\t<h2 class=\"elementor-heading-title elementor-size-default\">Modes de paiement<\/h2>\t\t\t\t<\/div>\n\t\t\t\t<div class=\"elementor-element elementor-element-6238e76 elementor-widget elementor-widget-text-editor\" data-id=\"6238e76\" data-element_type=\"widget\" data-e-type=\"widget\" data-widget_type=\"text-editor.default\">\n\t\t\t\t\t\t\t\t\t<h4>Marque<\/h4><p>Vous paierez le transporteur \u00e0 la r\u00e9ception des marchandises.<\/p><h4>Carte de cr\u00e9dit<\/h4><p>Nuova Algis utilise le syst\u00e8me de paiement en ligne s\u00e9curis\u00e9 Xpay. Des outils efficaces de pr\u00e9vention de la fraude et la possibilit\u00e9 d'effectuer des achats sans partager vos informations financi\u00e8res contribuent \u00e0 votre s\u00e9curit\u00e9. Les cartes suivantes sont accept\u00e9es : Master Card - Maestro - Si Card - Visa - Visa Electron - JBC debit card - Union Pay - V pay<\/p><h4>PayPal<\/h4><p>Nuova Algis utilise le syst\u00e8me de paiement en ligne s\u00e9curis\u00e9 PayPal. Avec PayPal, vous b\u00e9n\u00e9ficiez \u00e9galement de programmes de protection des achats avantageux et d'une assistance client\u00e8le sp\u00e9cialis\u00e9e.<\/p><h4>Paiements s\u00e9curis\u00e9s<\/h4><p>Pour les transactions par carte de cr\u00e9dit, nous utilisons le syst\u00e8me de paiement s\u00e9curis\u00e9 Xpay.<\/p><h4>Comment reconna\u00eetre un serveur SSL (s\u00e9curis\u00e9) ?<\/h4><p>Un serveur s\u00e9curis\u00e9 est reconnu lorsque le d\u00e9but de la requ\u00eate de la page web commence par https:\/\/ Normalement, le d\u00e9but de la requ\u00eate est http:\/\/<\/p>\t\t\t\t\t\t\t\t<\/div>\n\t\t\t\t<div class=\"elementor-element elementor-element-08a1518 elementor-widget elementor-widget-heading\" data-id=\"08a1518\" data-element_type=\"widget\" data-e-type=\"widget\" data-widget_type=\"heading.default\">\n\t\t\t\t\t<h2 class=\"elementor-heading-title elementor-size-default\">Annulation de la commande<\/h2>\t\t\t\t<\/div>\n\t\t\t\t<div class=\"elementor-element elementor-element-583c6ea elementor-widget elementor-widget-text-editor\" data-id=\"583c6ea\" data-element_type=\"widget\" data-e-type=\"widget\" data-widget_type=\"text-editor.default\">\n\t\t\t\t\t\t\t\t\t<p>La commande peut \u00eatre annul\u00e9e \u00e0 tout moment en cours de traitement. Pour ce faire, veuillez appeler le +39 010 7172118 ou envoyer un e-mail \u00e0 :\u00a0<a title=\"Blackbird Racing\" href=\"mailto:orders@blackbirdracing.com\">orders@blackbirdracing.com<\/a><\/p>\t\t\t\t\t\t\t\t<\/div>\n\t\t\t\t<div class=\"elementor-element elementor-element-3b214d9 elementor-widget elementor-widget-heading\" data-id=\"3b214d9\" data-element_type=\"widget\" data-e-type=\"widget\" data-widget_type=\"heading.default\">\n\t\t\t\t\t<h2 class=\"elementor-heading-title elementor-size-default\">Livraison des marchandises<\/h2>\t\t\t\t<\/div>\n\t\t\t\t<div class=\"elementor-element elementor-element-a030707 elementor-widget elementor-widget-text-editor\" data-id=\"a030707\" data-element_type=\"widget\" data-e-type=\"widget\" data-widget_type=\"text-editor.default\">\n\t\t\t\t\t\t\t\t\t<p>Lors de la livraison du mat\u00e9riel par le service de messagerie, v\u00e9rifiez que<\/p><ul><li>Le nombre de colis livr\u00e9s correspond au nombre indiqu\u00e9 dans le document d'accompagnement.<\/li><li>L'emballage est intact, non endommag\u00e9, non mouill\u00e9 ou autrement alt\u00e9r\u00e9.<\/li><li>Le document de transport, contenu dans l'enveloppe fix\u00e9e \u00e0 l'ext\u00e9rieur de l'un des colis, ou remis par le coursier, doit \u00eatre conserv\u00e9.<\/li><li>Toute discordance dans le nombre de colis ou d'indications, ainsi que toute perte ou avarie, doivent \u00eatre imm\u00e9diatement signal\u00e9es au transporteur.<\/li><li>En cas de non-conformit\u00e9 des marchandises, tous les frais de remise en \u00e9tat et\/ou de remplacement sont \u00e0 la charge de Nuova Algis.<\/li><\/ul>\t\t\t\t\t\t\t\t<\/div>\n\t\t\t\t<div class=\"elementor-element elementor-element-d01e8ef elementor-widget elementor-widget-heading\" data-id=\"d01e8ef\" data-element_type=\"widget\" data-e-type=\"widget\" data-widget_type=\"heading.default\">\n\t\t\t\t\t<h2 class=\"elementor-heading-title elementor-size-default\">D\u00e9lai de livraison<\/h2>\t\t\t\t<\/div>\n\t\t\t\t<div class=\"elementor-element elementor-element-a3ab564 elementor-widget elementor-widget-text-editor\" data-id=\"a3ab564\" data-element_type=\"widget\" data-e-type=\"widget\" data-widget_type=\"text-editor.default\">\n\t\t\t\t\t\t\t\t\t<ul>\n \t<li>Les produits du catalogue seront exp\u00e9di\u00e9s dans un d\u00e9lai de 2 jours \u00e0 compter de la date de la commande.<\/li>\n \t<li>Les produits personnalis\u00e9s (porte-num\u00e9ro avec nom et num\u00e9ro, couvre-selle avec nom) seront exp\u00e9di\u00e9s dans les 5 jours suivant la date de la commande.<\/li>\n<\/ul>\t\t\t\t\t\t\t\t<\/div>\n\t\t\t\t<\/section>\n\t\t\t\t<\/div>","protected":false},"excerpt":{"rendered":"<p>Gli articoli presenti nel catalogo virtuale del sito internet www.blackbirdracing.com potranno essere acquistati alle seguenti condizioni da Nuova Algis con sede a Genova, via G.Morasso 21\/5, P.Iva 01804330999 &#8211; SDI RR66BDG. L&#8217;acquisto di quanto richiesto si perfezioner\u00e0 attraverso le seguenti fasi: Con l&#8217;invio dell&#8217;ordine, il cliente trasmette ad Nuova Algis una proposta di acquisto del [&hellip;]<\/p>\n","protected":false},"author":1,"featured_media":0,"parent":0,"menu_order":0,"comment_status":"closed","ping_status":"closed","template":"","meta":{"_acf_changed":false,"_uag_custom_page_level_css":"","footnotes":""},"class_list":["post-81420","page","type-page","status-publish","hentry"],"acf":[],"uagb_featured_image_src":{"full":false,"thumbnail":false,"medium":false,"medium_large":false,"large":false,"1536x1536":false,"2048x2048":false,"trp-custom-language-flag":false,"woocommerce_thumbnail":false,"woocommerce_single":false,"woocommerce_gallery_thumbnail":false,"dgwt-wcas-product-suggestion":false},"uagb_author_info":{"display_name":"Mattia Faloretti","author_link":"https:\/\/www.blackbirdracing.com\/fr\/author\/mattia-falorettilaicos-agency\/"},"uagb_comment_info":0,"uagb_excerpt":"Gli articoli presenti nel catalogo virtuale del sito internet www.blackbirdracing.com potranno essere acquistati alle seguenti condizioni da Nuova Algis con sede a Genova, via G.Morasso 21\/5, P.Iva 01804330999 &#8211; SDI RR66BDG. L&#8217;acquisto di quanto richiesto si perfezioner\u00e0 attraverso le seguenti fasi: Con l&#8217;invio dell&#8217;ordine, il cliente trasmette ad Nuova Algis una proposta di acquisto del\u2026","_links":{"self":[{"href":"https:\/\/www.blackbirdracing.com\/fr\/wp-json\/wp\/v2\/pages\/81420","targetHints":{"allow":["GET"]}}],"collection":[{"href":"https:\/\/www.blackbirdracing.com\/fr\/wp-json\/wp\/v2\/pages"}],"about":[{"href":"https:\/\/www.blackbirdracing.com\/fr\/wp-json\/wp\/v2\/types\/page"}],"author":[{"embeddable":true,"href":"https:\/\/www.blackbirdracing.com\/fr\/wp-json\/wp\/v2\/users\/1"}],"replies":[{"embeddable":true,"href":"https:\/\/www.blackbirdracing.com\/fr\/wp-json\/wp\/v2\/comments?post=81420"}],"version-history":[{"count":7,"href":"https:\/\/www.blackbirdracing.com\/fr\/wp-json\/wp\/v2\/pages\/81420\/revisions"}],"predecessor-version":[{"id":81427,"href":"https:\/\/www.blackbirdracing.com\/fr\/wp-json\/wp\/v2\/pages\/81420\/revisions\/81427"}],"wp:attachment":[{"href":"https:\/\/www.blackbirdracing.com\/fr\/wp-json\/wp\/v2\/media?parent=81420"}],"curies":[{"name":"wp","href":"https:\/\/api.w.org\/{rel}","templated":true}]}}