{"id":68135,"date":"2025-10-15T20:34:30","date_gmt":"2025-10-15T18:34:30","guid":{"rendered":"https:\/\/blackbird.store360.it\/it\/prodotto\/kit-adesivi-original-honda-3\/"},"modified":"2025-10-21T17:48:28","modified_gmt":"2025-10-21T15:48:28","slug":"kit-adesivi-original-honda-3","status":"publish","type":"product","link":"https:\/\/www.blackbirdracing.com\/fr\/prodotto\/kit-adesivi-original-honda-3\/","title":{"rendered":"Kit D\u00e9co Original HONDA"},"content":{"rendered":"<p>Le kit autocollants comprend  :  paire r\u00e9servoir et bords de garde-boue avant. Les diff\u00e9rentes pi\u00e8ces qui composent le kit ne peuvent pas \u00eatre vendues s\u00e9par\u00e9ment. Les autocollants r\u00e9servoir ont des trous pour permettre aux gaz d'essence de s'\u00e9chapper. En cas de r\u00e9servoirs us\u00e9s, cela n'est pas toujours suffisant pour ne pas provoquer de l\u00e9gers d\u00e9collements.<\/p>","protected":false},"excerpt":{"rendered":"<p>Kit D\u00e9co Original HONDA<\/p>","protected":false},"featured_media":68133,"comment_status":"open","ping_status":"closed","template":"","meta":{"_acf_changed":false},"product_brand":[],"product_cat":[1146,1147,1150],"product_tag":[26],"class_list":{"0":"post-68135","1":"product","2":"type-product","3":"status-publish","4":"has-post-thumbnail","6":"product_cat-kit-adesivi-moto","7":"product_cat-honda-ka","8":"product_cat-xr-600-ka","9":"product_tag-blackbird","11":"first","12":"instock","13":"shipping-taxable","14":"purchasable","15":"product-type-simple"},"acf":[],"_links":{"self":[{"href":"https:\/\/www.blackbirdracing.com\/fr\/wp-json\/wp\/v2\/product\/68135","targetHints":{"allow":["GET"]}}],"collection":[{"href":"https:\/\/www.blackbirdracing.com\/fr\/wp-json\/wp\/v2\/product"}],"about":[{"href":"https:\/\/www.blackbirdracing.com\/fr\/wp-json\/wp\/v2\/types\/product"}],"replies":[{"embeddable":true,"href":"https:\/\/www.blackbirdracing.com\/fr\/wp-json\/wp\/v2\/comments?post=68135"}],"wp:featuredmedia":[{"embeddable":true,"href":"https:\/\/www.blackbirdracing.com\/fr\/wp-json\/wp\/v2\/media\/68133"}],"wp:attachment":[{"href":"https:\/\/www.blackbirdracing.com\/fr\/wp-json\/wp\/v2\/media?parent=68135"}],"wp:term":[{"taxonomy":"product_brand","embeddable":true,"href":"https:\/\/www.blackbirdracing.com\/fr\/wp-json\/wp\/v2\/product_brand?post=68135"},{"taxonomy":"product_cat","embeddable":true,"href":"https:\/\/www.blackbirdracing.com\/fr\/wp-json\/wp\/v2\/product_cat?post=68135"},{"taxonomy":"product_tag","embeddable":true,"href":"https:\/\/www.blackbirdracing.com\/fr\/wp-json\/wp\/v2\/product_tag?post=68135"}],"curies":[{"name":"wp","href":"https:\/\/api.w.org\/{rel}","templated":true}]}}