{"id":69183,"date":"2025-10-15T21:12:03","date_gmt":"2025-10-15T19:12:03","guid":{"rendered":"https:\/\/blackbird.store360.it\/it\/prodotto\/spugna-sella-standard-suzuki-6\/"},"modified":"2026-01-27T12:39:02","modified_gmt":"2026-01-27T11:39:02","slug":"spugna-sella-standard-suzuki-6","status":"publish","type":"product","link":"https:\/\/www.blackbirdracing.com\/fr\/prodotto\/spugna-sella-standard-suzuki-6\/","title":{"rendered":"Mousse de Selle Standard SUZUKI"},"content":{"rendered":"<p>Mousse selle Blackbird Racing en polyur\u00e9thane expans\u00e9 imperm\u00e9able et parfaitement adapt\u00e9e au fond original. Hauteur standard, mais avec une duret\u00e9 plus grande qui favorise et rend plus rapide le d\u00e9placement du pilote sur la selle. Il permet le montage en utilisant la housse de selle originale.<\/p>","protected":false},"excerpt":{"rendered":"<p>Mousse de Selle Standard SUZUKI<\/p>","protected":false},"featured_media":83761,"comment_status":"open","ping_status":"closed","template":"","meta":[],"product_brand":[],"product_cat":[29,81,80,79],"product_tag":[26],"class_list":{"0":"post-69183","1":"product","2":"type-product","3":"status-publish","4":"has-post-thumbnail","6":"product_cat-copertine-sella","7":"product_cat-rm-z-250-cs","8":"product_cat-rm-z-450-cs","9":"product_cat-suzuki-cs","10":"product_tag-blackbird","12":"first","13":"instock","14":"shipping-taxable","15":"purchasable","16":"product-type-simple"},"_links":{"self":[{"href":"https:\/\/www.blackbirdracing.com\/fr\/wp-json\/wp\/v2\/product\/69183","targetHints":{"allow":["GET"]}}],"collection":[{"href":"https:\/\/www.blackbirdracing.com\/fr\/wp-json\/wp\/v2\/product"}],"about":[{"href":"https:\/\/www.blackbirdracing.com\/fr\/wp-json\/wp\/v2\/types\/product"}],"replies":[{"embeddable":true,"href":"https:\/\/www.blackbirdracing.com\/fr\/wp-json\/wp\/v2\/comments?post=69183"}],"wp:featuredmedia":[{"embeddable":true,"href":"https:\/\/www.blackbirdracing.com\/fr\/wp-json\/wp\/v2\/media\/83761"}],"wp:attachment":[{"href":"https:\/\/www.blackbirdracing.com\/fr\/wp-json\/wp\/v2\/media?parent=69183"}],"wp:term":[{"taxonomy":"product_brand","embeddable":true,"href":"https:\/\/www.blackbirdracing.com\/fr\/wp-json\/wp\/v2\/product_brand?post=69183"},{"taxonomy":"product_cat","embeddable":true,"href":"https:\/\/www.blackbirdracing.com\/fr\/wp-json\/wp\/v2\/product_cat?post=69183"},{"taxonomy":"product_tag","embeddable":true,"href":"https:\/\/www.blackbirdracing.com\/fr\/wp-json\/wp\/v2\/product_tag?post=69183"}],"curies":[{"name":"wp","href":"https:\/\/api.w.org\/{rel}","templated":true}]}}