{"id":69615,"date":"2025-10-15T21:25:56","date_gmt":"2025-10-15T19:25:56","guid":{"rendered":"https:\/\/blackbird.store360.it\/it\/prodotto\/cinghia-presa-anteriore\/"},"modified":"2025-11-04T17:49:18","modified_gmt":"2025-11-04T16:49:18","slug":"cinghia-presa-anteriore","status":"publish","type":"product","link":"https:\/\/www.blackbirdracing.com\/fr\/prodotto\/cinghia-presa-anteriore\/","title":{"rendered":"Sangle Maintient Avant"},"content":{"rendered":"<p>Courroie \u00e0 prise avant en Cordura ultra-r\u00e9sistant, pourvue de sp\u00e9ciales coutures et d'un \u00e9lastique anti-d\u00e9chirure. \u00c0 fixer dans la partie juste sous la plaque inf\u00e9rieure, en passant au-dessus du garde-boue avant.<\/p>","protected":false},"excerpt":{"rendered":"<p>Sangle Maintient Avant<\/p>","protected":false},"featured_media":69614,"comment_status":"open","ping_status":"closed","template":"","meta":{"_acf_changed":false},"product_brand":[],"product_cat":[32,881],"product_tag":[26],"class_list":{"0":"post-69615","1":"product","2":"type-product","3":"status-publish","4":"has-post-thumbnail","6":"product_cat-prodotti-blackbird","7":"product_cat-accessori-off-road","8":"product_tag-blackbird","10":"first","11":"instock","12":"shipping-taxable","13":"purchasable","14":"product-type-simple"},"acf":[],"_links":{"self":[{"href":"https:\/\/www.blackbirdracing.com\/fr\/wp-json\/wp\/v2\/product\/69615","targetHints":{"allow":["GET"]}}],"collection":[{"href":"https:\/\/www.blackbirdracing.com\/fr\/wp-json\/wp\/v2\/product"}],"about":[{"href":"https:\/\/www.blackbirdracing.com\/fr\/wp-json\/wp\/v2\/types\/product"}],"replies":[{"embeddable":true,"href":"https:\/\/www.blackbirdracing.com\/fr\/wp-json\/wp\/v2\/comments?post=69615"}],"wp:featuredmedia":[{"embeddable":true,"href":"https:\/\/www.blackbirdracing.com\/fr\/wp-json\/wp\/v2\/media\/69614"}],"wp:attachment":[{"href":"https:\/\/www.blackbirdracing.com\/fr\/wp-json\/wp\/v2\/media?parent=69615"}],"wp:term":[{"taxonomy":"product_brand","embeddable":true,"href":"https:\/\/www.blackbirdracing.com\/fr\/wp-json\/wp\/v2\/product_brand?post=69615"},{"taxonomy":"product_cat","embeddable":true,"href":"https:\/\/www.blackbirdracing.com\/fr\/wp-json\/wp\/v2\/product_cat?post=69615"},{"taxonomy":"product_tag","embeddable":true,"href":"https:\/\/www.blackbirdracing.com\/fr\/wp-json\/wp\/v2\/product_tag?post=69615"}],"curies":[{"name":"wp","href":"https:\/\/api.w.org\/{rel}","templated":true}]}}