{"id":69617,"date":"2025-10-15T21:25:59","date_gmt":"2025-10-15T19:25:59","guid":{"rendered":"https:\/\/blackbird.store360.it\/it\/prodotto\/cinghia-presa-posteriore\/"},"modified":"2026-01-06T10:14:55","modified_gmt":"2026-01-06T09:14:55","slug":"cinghia-presa-posteriore","status":"publish","type":"product","link":"https:\/\/www.blackbirdracing.com\/fr\/prodotto\/cinghia-presa-posteriore\/","title":{"rendered":"Sangle Maintient Arriere"},"content":{"rendered":"<p>Courroie \u00e0 prise arri\u00e8re en Cordura ultra-r\u00e9sistant pourvue de sp\u00e9ciales coutures et d'un \u00e9lastique anti-d\u00e9chirure. \u00c0 fixer en forant la plastique du garde-boue arri\u00e8re et en utilisant les vis fournies et les \u009cillets appropri\u00e9s.<\/p>","protected":false},"excerpt":{"rendered":"<p>Sangle Maintient Arriere<\/p>","protected":false},"featured_media":69616,"comment_status":"open","ping_status":"closed","template":"","meta":{"_acf_changed":false,"_uag_custom_page_level_css":""},"product_brand":[],"product_cat":[32,881],"product_tag":[26],"class_list":{"0":"post-69617","1":"product","2":"type-product","3":"status-publish","4":"has-post-thumbnail","6":"product_cat-prodotti-blackbird","7":"product_cat-accessori-off-road","8":"product_tag-blackbird","10":"first","11":"instock","12":"shipping-taxable","13":"purchasable","14":"product-type-simple"},"acf":[],"uagb_featured_image_src":{"full":["https:\/\/www.blackbirdracing.com\/wp-content\/uploads\/2025\/10\/5077R_M.png",2048,1536,false],"thumbnail":["https:\/\/www.blackbirdracing.com\/wp-content\/uploads\/2025\/10\/5077R_M-150x150.png",150,150,true],"medium":["https:\/\/www.blackbirdracing.com\/wp-content\/uploads\/2025\/10\/5077R_M-300x225.png",300,225,true],"medium_large":["https:\/\/www.blackbirdracing.com\/wp-content\/uploads\/2025\/10\/5077R_M-768x576.png",768,576,true],"large":["https:\/\/www.blackbirdracing.com\/wp-content\/uploads\/2025\/10\/5077R_M-1024x768.png",800,600,true],"1536x1536":["https:\/\/www.blackbirdracing.com\/wp-content\/uploads\/2025\/10\/5077R_M-1536x1152.png",1536,1152,true],"2048x2048":["https:\/\/www.blackbirdracing.com\/wp-content\/uploads\/2025\/10\/5077R_M.png",2048,1536,false],"trp-custom-language-flag":["https:\/\/www.blackbirdracing.com\/wp-content\/uploads\/2025\/10\/5077R_M-16x12.png",16,12,true],"woocommerce_thumbnail":["https:\/\/www.blackbirdracing.com\/wp-content\/uploads\/2025\/10\/5077R_M-300x300.png",300,300,true],"woocommerce_single":["https:\/\/www.blackbirdracing.com\/wp-content\/uploads\/2025\/10\/5077R_M-600x450.png",600,450,true],"woocommerce_gallery_thumbnail":["https:\/\/www.blackbirdracing.com\/wp-content\/uploads\/2025\/10\/5077R_M-100x100.png",100,100,true],"dgwt-wcas-product-suggestion":["https:\/\/www.blackbirdracing.com\/wp-content\/uploads\/2025\/10\/5077R_M.png",64,48,false]},"uagb_author_info":{"display_name":"Alessio Maule","author_link":"https:\/\/www.blackbirdracing.com\/fr\/author\/"},"uagb_comment_info":0,"uagb_excerpt":"Cinghia presa posteriore","_links":{"self":[{"href":"https:\/\/www.blackbirdracing.com\/fr\/wp-json\/wp\/v2\/product\/69617","targetHints":{"allow":["GET"]}}],"collection":[{"href":"https:\/\/www.blackbirdracing.com\/fr\/wp-json\/wp\/v2\/product"}],"about":[{"href":"https:\/\/www.blackbirdracing.com\/fr\/wp-json\/wp\/v2\/types\/product"}],"replies":[{"embeddable":true,"href":"https:\/\/www.blackbirdracing.com\/fr\/wp-json\/wp\/v2\/comments?post=69617"}],"wp:featuredmedia":[{"embeddable":true,"href":"https:\/\/www.blackbirdracing.com\/fr\/wp-json\/wp\/v2\/media\/69616"}],"wp:attachment":[{"href":"https:\/\/www.blackbirdracing.com\/fr\/wp-json\/wp\/v2\/media?parent=69617"}],"wp:term":[{"taxonomy":"product_brand","embeddable":true,"href":"https:\/\/www.blackbirdracing.com\/fr\/wp-json\/wp\/v2\/product_brand?post=69617"},{"taxonomy":"product_cat","embeddable":true,"href":"https:\/\/www.blackbirdracing.com\/fr\/wp-json\/wp\/v2\/product_cat?post=69617"},{"taxonomy":"product_tag","embeddable":true,"href":"https:\/\/www.blackbirdracing.com\/fr\/wp-json\/wp\/v2\/product_tag?post=69617"}],"curies":[{"name":"wp","href":"https:\/\/api.w.org\/{rel}","templated":true}]}}