{"id":69621,"date":"2025-10-15T21:26:04","date_gmt":"2025-10-15T19:26:04","guid":{"rendered":"https:\/\/blackbird.store360.it\/it\/prodotto\/tabella-segnalazione\/"},"modified":"2025-11-04T17:49:20","modified_gmt":"2025-11-04T16:49:20","slug":"tabella-segnalazione","status":"publish","type":"product","link":"https:\/\/www.blackbirdracing.com\/fr\/prodotto\/tabella-segnalazione\/","title":{"rendered":"Plaque De Signalisation"},"content":{"rendered":"<p>Plaque de signalisation en mat\u00e9riau l\u00e9ger d'\u00e9paisseur 7 mm et dimensions maximales 40X50 cm, marqueur effa\u00e7able inclus dans l'emballage.<\/p>","protected":false},"excerpt":{"rendered":"<p>Plaque De Signalisation<\/p>","protected":false},"featured_media":69620,"comment_status":"open","ping_status":"closed","template":"","meta":{"_acf_changed":false},"product_brand":[],"product_cat":[32,881],"product_tag":[26],"class_list":{"0":"post-69621","1":"product","2":"type-product","3":"status-publish","4":"has-post-thumbnail","6":"product_cat-prodotti-blackbird","7":"product_cat-accessori-off-road","8":"product_tag-blackbird","10":"first","11":"instock","12":"shipping-taxable","13":"purchasable","14":"product-type-simple"},"acf":[],"_links":{"self":[{"href":"https:\/\/www.blackbirdracing.com\/fr\/wp-json\/wp\/v2\/product\/69621","targetHints":{"allow":["GET"]}}],"collection":[{"href":"https:\/\/www.blackbirdracing.com\/fr\/wp-json\/wp\/v2\/product"}],"about":[{"href":"https:\/\/www.blackbirdracing.com\/fr\/wp-json\/wp\/v2\/types\/product"}],"replies":[{"embeddable":true,"href":"https:\/\/www.blackbirdracing.com\/fr\/wp-json\/wp\/v2\/comments?post=69621"}],"wp:featuredmedia":[{"embeddable":true,"href":"https:\/\/www.blackbirdracing.com\/fr\/wp-json\/wp\/v2\/media\/69620"}],"wp:attachment":[{"href":"https:\/\/www.blackbirdracing.com\/fr\/wp-json\/wp\/v2\/media?parent=69621"}],"wp:term":[{"taxonomy":"product_brand","embeddable":true,"href":"https:\/\/www.blackbirdracing.com\/fr\/wp-json\/wp\/v2\/product_brand?post=69621"},{"taxonomy":"product_cat","embeddable":true,"href":"https:\/\/www.blackbirdracing.com\/fr\/wp-json\/wp\/v2\/product_cat?post=69621"},{"taxonomy":"product_tag","embeddable":true,"href":"https:\/\/www.blackbirdracing.com\/fr\/wp-json\/wp\/v2\/product_tag?post=69621"}],"curies":[{"name":"wp","href":"https:\/\/api.w.org\/{rel}","templated":true}]}}