{"id":69721,"date":"2025-10-15T21:30:29","date_gmt":"2025-10-15T19:30:29","guid":{"rendered":"https:\/\/blackbird.store360.it\/it\/prodotto\/paracolpi-man-tradizionale-vintage-husqvarna\/"},"modified":"2025-11-04T18:25:09","modified_gmt":"2025-11-04T17:25:09","slug":"paracolpi-man-tradizionale-vintage-husqvarna","status":"publish","type":"product","link":"https:\/\/www.blackbirdracing.com\/fr\/prodotto\/paracolpi-man-tradizionale-vintage-husqvarna\/","title":{"rendered":"Mousse Guidon Vintage HUSQVARNA"},"content":{"rendered":"<p>Mousse de guidon traditionnelle compos\u00e9e d'une gaine imprim\u00e9e sur l'envers en Crystal d'\u00e9paisseur 0,5 mm et d'une partie int\u00e9rieure en polyur\u00e9thane. Dimensions : longueur 24,5 cm et diam\u00e8tre int\u00e9rieur 1,2 cm.<\/p>","protected":false},"excerpt":{"rendered":"<p>Mousse Guidon Vintage HUSQVARNA<\/p>","protected":false},"featured_media":69720,"comment_status":"open","ping_status":"closed","template":"","meta":{"_acf_changed":false,"_uag_custom_page_level_css":""},"product_brand":[],"product_cat":[906,32],"product_tag":[26],"class_list":{"0":"post-69721","1":"product","2":"type-product","3":"status-publish","4":"has-post-thumbnail","6":"product_cat-paracolpi","7":"product_cat-prodotti-blackbird","8":"product_tag-blackbird","10":"first","11":"instock","12":"shipping-taxable","13":"purchasable","14":"product-type-simple"},"acf":[],"uagb_featured_image_src":{"full":["https:\/\/www.blackbirdracing.com\/wp-content\/uploads\/2025\/10\/50V00_00_M-scaled.png",2560,1920,false],"thumbnail":["https:\/\/www.blackbirdracing.com\/wp-content\/uploads\/2025\/10\/50V00_00_M-150x150.png",150,150,true],"medium":["https:\/\/www.blackbirdracing.com\/wp-content\/uploads\/2025\/10\/50V00_00_M-300x225.png",300,225,true],"medium_large":["https:\/\/www.blackbirdracing.com\/wp-content\/uploads\/2025\/10\/50V00_00_M-768x576.png",768,576,true],"large":["https:\/\/www.blackbirdracing.com\/wp-content\/uploads\/2025\/10\/50V00_00_M-1024x768.png",800,600,true],"1536x1536":["https:\/\/www.blackbirdracing.com\/wp-content\/uploads\/2025\/10\/50V00_00_M-1536x1152.png",1536,1152,true],"2048x2048":["https:\/\/www.blackbirdracing.com\/wp-content\/uploads\/2025\/10\/50V00_00_M-2048x1536.png",2048,1536,true],"trp-custom-language-flag":["https:\/\/www.blackbirdracing.com\/wp-content\/uploads\/2025\/10\/50V00_00_M-16x12.png",16,12,true],"woocommerce_thumbnail":["https:\/\/www.blackbirdracing.com\/wp-content\/uploads\/2025\/10\/50V00_00_M-300x300.png",300,300,true],"woocommerce_single":["https:\/\/www.blackbirdracing.com\/wp-content\/uploads\/2025\/10\/50V00_00_M-600x450.png",600,450,true],"woocommerce_gallery_thumbnail":["https:\/\/www.blackbirdracing.com\/wp-content\/uploads\/2025\/10\/50V00_00_M-100x100.png",100,100,true],"dgwt-wcas-product-suggestion":["https:\/\/www.blackbirdracing.com\/wp-content\/uploads\/2025\/10\/50V00_00_M-scaled.png",64,48,false]},"uagb_author_info":{"display_name":"Alessio Maule","author_link":"https:\/\/www.blackbirdracing.com\/fr\/author\/"},"uagb_comment_info":0,"uagb_excerpt":"Paracolpi Man. Tradizionale Vintage HUSQVARNA","_links":{"self":[{"href":"https:\/\/www.blackbirdracing.com\/fr\/wp-json\/wp\/v2\/product\/69721","targetHints":{"allow":["GET"]}}],"collection":[{"href":"https:\/\/www.blackbirdracing.com\/fr\/wp-json\/wp\/v2\/product"}],"about":[{"href":"https:\/\/www.blackbirdracing.com\/fr\/wp-json\/wp\/v2\/types\/product"}],"replies":[{"embeddable":true,"href":"https:\/\/www.blackbirdracing.com\/fr\/wp-json\/wp\/v2\/comments?post=69721"}],"wp:featuredmedia":[{"embeddable":true,"href":"https:\/\/www.blackbirdracing.com\/fr\/wp-json\/wp\/v2\/media\/69720"}],"wp:attachment":[{"href":"https:\/\/www.blackbirdracing.com\/fr\/wp-json\/wp\/v2\/media?parent=69721"}],"wp:term":[{"taxonomy":"product_brand","embeddable":true,"href":"https:\/\/www.blackbirdracing.com\/fr\/wp-json\/wp\/v2\/product_brand?post=69721"},{"taxonomy":"product_cat","embeddable":true,"href":"https:\/\/www.blackbirdracing.com\/fr\/wp-json\/wp\/v2\/product_cat?post=69721"},{"taxonomy":"product_tag","embeddable":true,"href":"https:\/\/www.blackbirdracing.com\/fr\/wp-json\/wp\/v2\/product_tag?post=69721"}],"curies":[{"name":"wp","href":"https:\/\/api.w.org\/{rel}","templated":true}]}}