{"id":69844,"date":"2025-10-15T21:35:00","date_gmt":"2025-10-15T19:35:00","guid":{"rendered":"https:\/\/blackbird.store360.it\/it\/prodotto\/kit-adesivi-standard-suzuki\/"},"modified":"2026-01-22T11:09:00","modified_gmt":"2026-01-22T10:09:00","slug":"kit-adesivi-standard-suzuki","status":"publish","type":"product","link":"https:\/\/www.blackbirdracing.com\/fr\/prodotto\/kit-adesivi-standard-suzuki\/","title":{"rendered":"Kit Autocollants Standard SUZUKI"},"content":{"rendered":"<p>Le kit se compose d'une planche en Crystal d'\u00e9paisseur 0,5 mm imprim\u00e9e sur l'envers, qui contient des autocollants pr\u00e9d\u00e9coup\u00e9s de dimensions standard pour garde-boue et bras oscillant.<\/p>","protected":false},"excerpt":{"rendered":"<p>Kit Autocollants Standard SUZUKI <\/p>","protected":false},"featured_media":83266,"comment_status":"open","ping_status":"closed","template":"","meta":{"_acf_changed":false,"_uag_custom_page_level_css":""},"product_brand":[],"product_cat":[223,693,694,661,660,684,2165,2164,683,655,658,657,656,654,653,659,652,726,692,2166,685,688,689,687,690,686,691,695,696],"product_tag":[26],"class_list":{"0":"post-69844","1":"product","2":"type-product","3":"status-publish","4":"has-post-thumbnail","6":"product_cat-adesivi-vari","7":"product_cat-cr-wr-125-av","8":"product_cat-cr-wr-125-250-av","9":"product_cat-dr-350-av","10":"product_cat-drz-400-av","11":"product_cat-fc-tc-all-models-av","12":"product_cat-fe-fs-all-models","13":"product_cat-husaberg","14":"product_cat-husqvarna-av","15":"product_cat-rm-125-250-av","16":"product_cat-rm-65-av","17":"product_cat-rm-80-av","18":"product_cat-rm-85-av","19":"product_cat-rm-z-250-av","20":"product_cat-rm-z-450-av","21":"product_cat-rme-sm-50-av","22":"product_cat-suzuki-av","23":"product_cat-tc-85-av","24":"product_cat-te-all-models-av","25":"product_cat-te-all-models","26":"product_cat-te-fe-all-models-av","27":"product_cat-te-tc-250-310-av","28":"product_cat-te-tc-250-450-av","29":"product_cat-te-tc-250-450-510-av","30":"product_cat-te-tc-400-570-av","31":"product_cat-te-tc-449-511-av","32":"product_cat-te-tc-all-models-av","33":"product_cat-wr-250-300-av","34":"product_cat-wr-all-models-av","35":"product_tag-blackbird","37":"first","38":"instock","39":"shipping-taxable","40":"purchasable","41":"product-type-simple"},"acf":[],"uagb_featured_image_src":{"full":["https:\/\/www.blackbirdracing.com\/wp-content\/uploads\/2026\/01\/5327_M.png",2048,1536,false],"thumbnail":["https:\/\/www.blackbirdracing.com\/wp-content\/uploads\/2026\/01\/5327_M-150x150.png",150,150,true],"medium":["https:\/\/www.blackbirdracing.com\/wp-content\/uploads\/2026\/01\/5327_M-300x225.png",300,225,true],"medium_large":["https:\/\/www.blackbirdracing.com\/wp-content\/uploads\/2026\/01\/5327_M-768x576.png",768,576,true],"large":["https:\/\/www.blackbirdracing.com\/wp-content\/uploads\/2026\/01\/5327_M-1024x768.png",800,600,true],"1536x1536":["https:\/\/www.blackbirdracing.com\/wp-content\/uploads\/2026\/01\/5327_M-1536x1152.png",1536,1152,true],"2048x2048":["https:\/\/www.blackbirdracing.com\/wp-content\/uploads\/2026\/01\/5327_M.png",2048,1536,false],"trp-custom-language-flag":["https:\/\/www.blackbirdracing.com\/wp-content\/uploads\/2026\/01\/5327_M-16x12.png",16,12,true],"woocommerce_thumbnail":["https:\/\/www.blackbirdracing.com\/wp-content\/uploads\/2026\/01\/5327_M-300x300.png",300,300,true],"woocommerce_single":["https:\/\/www.blackbirdracing.com\/wp-content\/uploads\/2026\/01\/5327_M-600x450.png",600,450,true],"woocommerce_gallery_thumbnail":["https:\/\/www.blackbirdracing.com\/wp-content\/uploads\/2026\/01\/5327_M-100x100.png",100,100,true],"dgwt-wcas-product-suggestion":["https:\/\/www.blackbirdracing.com\/wp-content\/uploads\/2026\/01\/5327_M-64x48.png",64,48,true]},"uagb_author_info":{"display_name":"Alessio Maule","author_link":"https:\/\/www.blackbirdracing.com\/fr\/author\/"},"uagb_comment_info":0,"uagb_excerpt":"Kit Adesivi Standard SUZUKI","_links":{"self":[{"href":"https:\/\/www.blackbirdracing.com\/fr\/wp-json\/wp\/v2\/product\/69844","targetHints":{"allow":["GET"]}}],"collection":[{"href":"https:\/\/www.blackbirdracing.com\/fr\/wp-json\/wp\/v2\/product"}],"about":[{"href":"https:\/\/www.blackbirdracing.com\/fr\/wp-json\/wp\/v2\/types\/product"}],"replies":[{"embeddable":true,"href":"https:\/\/www.blackbirdracing.com\/fr\/wp-json\/wp\/v2\/comments?post=69844"}],"wp:featuredmedia":[{"embeddable":true,"href":"https:\/\/www.blackbirdracing.com\/fr\/wp-json\/wp\/v2\/media\/83266"}],"wp:attachment":[{"href":"https:\/\/www.blackbirdracing.com\/fr\/wp-json\/wp\/v2\/media?parent=69844"}],"wp:term":[{"taxonomy":"product_brand","embeddable":true,"href":"https:\/\/www.blackbirdracing.com\/fr\/wp-json\/wp\/v2\/product_brand?post=69844"},{"taxonomy":"product_cat","embeddable":true,"href":"https:\/\/www.blackbirdracing.com\/fr\/wp-json\/wp\/v2\/product_cat?post=69844"},{"taxonomy":"product_tag","embeddable":true,"href":"https:\/\/www.blackbirdracing.com\/fr\/wp-json\/wp\/v2\/product_tag?post=69844"}],"curies":[{"name":"wp","href":"https:\/\/api.w.org\/{rel}","templated":true}]}}