{"id":70139,"date":"2025-10-15T21:52:06","date_gmt":"2025-10-15T19:52:06","guid":{"rendered":"https:\/\/blackbird.store360.it\/it\/prodotto\/sella-completa-double-grip-3-15mm-yamaha\/"},"modified":"2025-10-21T17:54:05","modified_gmt":"2025-10-21T15:54:05","slug":"sella-completa-double-grip-3-15mm-yamaha","status":"publish","type":"product","link":"https:\/\/www.blackbirdracing.com\/fr\/prodotto\/sella-completa-double-grip-3-15mm-yamaha\/","title":{"rendered":"Selle +15mm Double Grip 3 YAMAHA"},"content":{"rendered":"<p>Selle compl\u00e8te fournie par Blackbird Racing. Tout \u00e0 fait interchangeable avec l'originale, elle s'adapte aux dimensions de la moto avec de pr\u00e9cis trous et elle se compose d'un fond en polypropyl\u00e8ne de toute premi\u00e8re qualit\u00e9, d'une mousse en polyur\u00e9thane expans\u00e9 imperm\u00e9able d'une hauteur standard et d'une hausse de selle en mat\u00e9riel antid\u00e9rapant avec de sp\u00e9ciales bandes de traction \u00e0 fin de mixer un look \u00e0 la mode et l'efficacit\u00e9 d'un mat\u00e9riel technique sp\u00e9cialement \u00e9tudi\u00e9 pour l'usage racing. Le tout est pr\u00e9 assembl\u00e9 et tout de suite pr\u00eat \u00e0 l'emploi.<\/p>","protected":false},"excerpt":{"rendered":"<p>Selle +15mm Double Grip 3 YAMAHA<\/p>","protected":false},"featured_media":70137,"comment_status":"open","ping_status":"closed","template":"","meta":[],"product_brand":[],"product_cat":[29,61,60,55,57,56],"product_tag":[26],"class_list":{"0":"post-70139","1":"product","2":"type-product","3":"status-publish","4":"has-post-thumbnail","6":"product_cat-copertine-sella","7":"product_cat-wrf-250-cs","8":"product_cat-wrf-450-cs","9":"product_cat-yamaha-cs","10":"product_cat-yzf-250-cs","11":"product_cat-yzf-450-cs","12":"product_tag-blackbird","14":"first","15":"instock","16":"shipping-taxable","17":"purchasable","18":"product-type-simple"},"_links":{"self":[{"href":"https:\/\/www.blackbirdracing.com\/fr\/wp-json\/wp\/v2\/product\/70139","targetHints":{"allow":["GET"]}}],"collection":[{"href":"https:\/\/www.blackbirdracing.com\/fr\/wp-json\/wp\/v2\/product"}],"about":[{"href":"https:\/\/www.blackbirdracing.com\/fr\/wp-json\/wp\/v2\/types\/product"}],"replies":[{"embeddable":true,"href":"https:\/\/www.blackbirdracing.com\/fr\/wp-json\/wp\/v2\/comments?post=70139"}],"wp:featuredmedia":[{"embeddable":true,"href":"https:\/\/www.blackbirdracing.com\/fr\/wp-json\/wp\/v2\/media\/70137"}],"wp:attachment":[{"href":"https:\/\/www.blackbirdracing.com\/fr\/wp-json\/wp\/v2\/media?parent=70139"}],"wp:term":[{"taxonomy":"product_brand","embeddable":true,"href":"https:\/\/www.blackbirdracing.com\/fr\/wp-json\/wp\/v2\/product_brand?post=70139"},{"taxonomy":"product_cat","embeddable":true,"href":"https:\/\/www.blackbirdracing.com\/fr\/wp-json\/wp\/v2\/product_cat?post=70139"},{"taxonomy":"product_tag","embeddable":true,"href":"https:\/\/www.blackbirdracing.com\/fr\/wp-json\/wp\/v2\/product_tag?post=70139"}],"curies":[{"name":"wp","href":"https:\/\/api.w.org\/{rel}","templated":true}]}}