{"id":70693,"date":"2025-10-17T18:26:03","date_gmt":"2025-10-17T16:26:03","guid":{"rendered":"https:\/\/blackbird.store360.it\/it\/prodotto\/kit-adesivi-replica-ktm-factory-mxgp-2025\/"},"modified":"2025-12-02T10:38:47","modified_gmt":"2025-12-02T09:38:47","slug":"kit-adesivi-replica-ktm-factory-mxgp-2025","status":"publish","type":"product","link":"https:\/\/www.blackbirdracing.com\/fr\/prodotto\/kit-adesivi-replica-ktm-factory-mxgp-2025\/","title":{"rendered":"Kit D\u00e9co Replica KTM Factory MxGP"},"content":{"rendered":"<p>Le kit autocollants comprend  :  paire ou\u00efes de radiateur, paire bo\u00eete \u00e0 air, paire protections de fourche, paire bras oscillant, garde-boue avant, garde-boue arri\u00e8re et fond de plaque motocross et enduro. Les diff\u00e9rentes pi\u00e8ces qui composent le kit ne peuvent pas \u00eatre vendues s\u00e9par\u00e9ment. Une graphique unique en s\u00e9rie limit\u00e9e.<\/p>","protected":false},"excerpt":{"rendered":"<p>Kit D\u00e9co Replica KTM Factory MxGP<\/p>","protected":false},"featured_media":81572,"comment_status":"open","ping_status":"closed","template":"","meta":{"_acf_changed":false},"product_brand":[],"product_cat":[1146,1201,1200,1203],"product_tag":[26],"class_list":{"0":"post-70693","1":"product","2":"type-product","3":"status-publish","4":"has-post-thumbnail","6":"product_cat-kit-adesivi-moto","7":"product_cat-exc-all-models-ka","8":"product_cat-ktm-ka","9":"product_cat-sx-sxf-all-models-ka","10":"product_tag-blackbird","12":"first","13":"instock","14":"shipping-taxable","15":"purchasable","16":"product-type-simple"},"acf":[],"_links":{"self":[{"href":"https:\/\/www.blackbirdracing.com\/fr\/wp-json\/wp\/v2\/product\/70693","targetHints":{"allow":["GET"]}}],"collection":[{"href":"https:\/\/www.blackbirdracing.com\/fr\/wp-json\/wp\/v2\/product"}],"about":[{"href":"https:\/\/www.blackbirdracing.com\/fr\/wp-json\/wp\/v2\/types\/product"}],"replies":[{"embeddable":true,"href":"https:\/\/www.blackbirdracing.com\/fr\/wp-json\/wp\/v2\/comments?post=70693"}],"wp:featuredmedia":[{"embeddable":true,"href":"https:\/\/www.blackbirdracing.com\/fr\/wp-json\/wp\/v2\/media\/81572"}],"wp:attachment":[{"href":"https:\/\/www.blackbirdracing.com\/fr\/wp-json\/wp\/v2\/media?parent=70693"}],"wp:term":[{"taxonomy":"product_brand","embeddable":true,"href":"https:\/\/www.blackbirdracing.com\/fr\/wp-json\/wp\/v2\/product_brand?post=70693"},{"taxonomy":"product_cat","embeddable":true,"href":"https:\/\/www.blackbirdracing.com\/fr\/wp-json\/wp\/v2\/product_cat?post=70693"},{"taxonomy":"product_tag","embeddable":true,"href":"https:\/\/www.blackbirdracing.com\/fr\/wp-json\/wp\/v2\/product_tag?post=70693"}],"curies":[{"name":"wp","href":"https:\/\/api.w.org\/{rel}","templated":true}]}}