{"id":70755,"date":"2025-10-17T19:48:07","date_gmt":"2025-10-17T17:48:07","guid":{"rendered":"https:\/\/blackbird.store360.it\/it\/prodotto\/kit-cartelli-percorso-enduro\/"},"modified":"2025-11-04T17:49:26","modified_gmt":"2025-11-04T16:49:26","slug":"kit-cartelli-percorso-enduro","status":"publish","type":"product","link":"https:\/\/www.blackbirdracing.com\/fr\/prodotto\/kit-cartelli-percorso-enduro\/","title":{"rendered":"Panneaux pour comp\u00e9tition Enduro"},"content":{"rendered":"<p>Le kit se compose de 100 fl\u00e8ches 35X15 cm direction \u00e0 droite, 100 fl\u00e8ches 35X15 cm direction \u00e0 gauche, 50 panneaux 20X20 cm indiquant la bonne direction, 25 panneaux 20X20 cm indiquant la mauvaise direction et 100 panneaux pour contr\u00f4le du tampon.<\/p>","protected":false},"excerpt":{"rendered":"<p>Panneaux pour comp\u00e9tition Enduro <\/p>","protected":false},"featured_media":70754,"comment_status":"open","ping_status":"closed","template":"","meta":{"_acf_changed":false},"product_brand":[],"product_cat":[32,881],"product_tag":[26],"class_list":{"0":"post-70755","1":"product","2":"type-product","3":"status-publish","4":"has-post-thumbnail","6":"product_cat-prodotti-blackbird","7":"product_cat-accessori-off-road","8":"product_tag-blackbird","10":"first","11":"instock","12":"shipping-taxable","13":"purchasable","14":"product-type-simple"},"acf":[],"_links":{"self":[{"href":"https:\/\/www.blackbirdracing.com\/fr\/wp-json\/wp\/v2\/product\/70755","targetHints":{"allow":["GET"]}}],"collection":[{"href":"https:\/\/www.blackbirdracing.com\/fr\/wp-json\/wp\/v2\/product"}],"about":[{"href":"https:\/\/www.blackbirdracing.com\/fr\/wp-json\/wp\/v2\/types\/product"}],"replies":[{"embeddable":true,"href":"https:\/\/www.blackbirdracing.com\/fr\/wp-json\/wp\/v2\/comments?post=70755"}],"wp:featuredmedia":[{"embeddable":true,"href":"https:\/\/www.blackbirdracing.com\/fr\/wp-json\/wp\/v2\/media\/70754"}],"wp:attachment":[{"href":"https:\/\/www.blackbirdracing.com\/fr\/wp-json\/wp\/v2\/media?parent=70755"}],"wp:term":[{"taxonomy":"product_brand","embeddable":true,"href":"https:\/\/www.blackbirdracing.com\/fr\/wp-json\/wp\/v2\/product_brand?post=70755"},{"taxonomy":"product_cat","embeddable":true,"href":"https:\/\/www.blackbirdracing.com\/fr\/wp-json\/wp\/v2\/product_cat?post=70755"},{"taxonomy":"product_tag","embeddable":true,"href":"https:\/\/www.blackbirdracing.com\/fr\/wp-json\/wp\/v2\/product_tag?post=70755"}],"curies":[{"name":"wp","href":"https:\/\/api.w.org\/{rel}","templated":true}]}}