{"id":72882,"date":"2025-10-19T09:49:30","date_gmt":"2025-10-19T07:49:30","guid":{"rendered":"https:\/\/blackbird.store360.it\/it\/prodotto\/kit-adesivi-portanumero-monocolore-kawasaki-kx-125-250-03-08-per-kx-125-250-2003-2008\/"},"modified":"2025-10-29T22:44:54","modified_gmt":"2025-10-29T21:44:54","slug":"kit-adesivi-portanumero-monocolore-kawasaki-kx-125-250-03-08-per-kx-125-250-2003-2008","status":"publish","type":"product","link":"https:\/\/www.blackbirdracing.com\/fr\/prodotto\/kit-adesivi-portanumero-monocolore-kawasaki-kx-125-250-03-08-per-kx-125-250-2003-2008\/","title":{"rendered":"Kit Adesivi Portanumero Monocolore KAWASAKI KX 125-250 03-08 per KX 125 250 2003 &#8211; 2008"},"content":{"rendered":"<p>Le kit autocollants comprend  :  plaque avant et plaques lat\u00e9rales. Les diff\u00e9rentes pi\u00e8ces qui composent le kit ne peuvent pas \u00eatre vendues s\u00e9par\u00e9ment.<\/p>","protected":false},"excerpt":{"rendered":"<p>Kit Adesivi Portanumero Monocolore KAWASAKI KX 125-250 03-08 compatibile con KX 125 250 2003 &#8211; 2008<\/p>","protected":false},"featured_media":72881,"comment_status":"open","ping_status":"closed","template":"","meta":{"_acf_changed":false},"product_brand":[],"product_cat":[1269,1270,1321],"product_tag":[26],"class_list":{"0":"post-72882","1":"product","2":"type-product","3":"status-publish","4":"has-post-thumbnail","6":"product_cat-tabelle-portanumero-moto","7":"product_cat-kawasaki-tp","8":"product_cat-kx-125-250-tp","9":"product_tag-blackbird","11":"first","12":"onbackorder","13":"shipping-taxable","14":"purchasable","15":"product-type-simple"},"acf":[],"_links":{"self":[{"href":"https:\/\/www.blackbirdracing.com\/fr\/wp-json\/wp\/v2\/product\/72882","targetHints":{"allow":["GET"]}}],"collection":[{"href":"https:\/\/www.blackbirdracing.com\/fr\/wp-json\/wp\/v2\/product"}],"about":[{"href":"https:\/\/www.blackbirdracing.com\/fr\/wp-json\/wp\/v2\/types\/product"}],"replies":[{"embeddable":true,"href":"https:\/\/www.blackbirdracing.com\/fr\/wp-json\/wp\/v2\/comments?post=72882"}],"wp:featuredmedia":[{"embeddable":true,"href":"https:\/\/www.blackbirdracing.com\/fr\/wp-json\/wp\/v2\/media\/72881"}],"wp:attachment":[{"href":"https:\/\/www.blackbirdracing.com\/fr\/wp-json\/wp\/v2\/media?parent=72882"}],"wp:term":[{"taxonomy":"product_brand","embeddable":true,"href":"https:\/\/www.blackbirdracing.com\/fr\/wp-json\/wp\/v2\/product_brand?post=72882"},{"taxonomy":"product_cat","embeddable":true,"href":"https:\/\/www.blackbirdracing.com\/fr\/wp-json\/wp\/v2\/product_cat?post=72882"},{"taxonomy":"product_tag","embeddable":true,"href":"https:\/\/www.blackbirdracing.com\/fr\/wp-json\/wp\/v2\/product_tag?post=72882"}],"curies":[{"name":"wp","href":"https:\/\/api.w.org\/{rel}","templated":true}]}}