{"id":73339,"date":"2025-10-19T21:32:08","date_gmt":"2025-10-19T19:32:08","guid":{"rendered":"https:\/\/blackbird.store360.it\/it\/prodotto\/file-template-kawasaki-per-kxf-250-2021-2024\/"},"modified":"2025-12-18T14:50:50","modified_gmt":"2025-12-18T13:50:50","slug":"file-template-kawasaki-per-kxf-250-2021-2024","status":"publish","type":"product","link":"https:\/\/www.blackbirdracing.com\/fr\/prodotto\/file-template-kawasaki-per-kxf-250-2021-2024\/","title":{"rendered":"Fiches mod\u00e8les Kawasaki pour KXF 250 2021 - 2024"},"content":{"rendered":"<p>Avec nos mod\u00e8les vectoriels, vous pouvez cr\u00e9er les graphiques que vous souhaitez pour votre moto. Mod\u00e8les vectoriels \u00e0 l'\u00e9chelle 1:1 pour les croquis et les cr\u00e9ations graphiques. Les fichiers sont au format PDF vectoriel, compatible avec les principaux logiciels de graphisme vectoriel.<\/p>","protected":false},"excerpt":{"rendered":"<p>File Template compatibile con Kawasaki KXF 250 2021 &#8211; 2024<\/p>","protected":false},"featured_media":82310,"comment_status":"open","ping_status":"closed","template":"","meta":{"_acf_changed":false,"_uag_custom_page_level_css":""},"product_brand":[],"product_cat":[1146,1190,1193],"product_tag":[26],"class_list":{"0":"post-73339","1":"product","2":"type-product","3":"status-publish","4":"has-post-thumbnail","6":"product_cat-kit-adesivi-moto","7":"product_cat-kawasaki-ka","8":"product_cat-kxf-250-ka","9":"product_tag-blackbird","11":"first","12":"instock","13":"virtual","14":"purchasable","15":"product-type-simple"},"acf":[],"uagb_featured_image_src":{"full":["https:\/\/www.blackbirdracing.com\/wp-content\/uploads\/2025\/12\/default-114.png",1009,1401,false],"thumbnail":["https:\/\/www.blackbirdracing.com\/wp-content\/uploads\/2025\/12\/default-114-150x150.png",150,150,true],"medium":["https:\/\/www.blackbirdracing.com\/wp-content\/uploads\/2025\/12\/default-114-216x300.png",216,300,true],"medium_large":["https:\/\/www.blackbirdracing.com\/wp-content\/uploads\/2025\/12\/default-114-768x1066.png",768,1066,true],"large":["https:\/\/www.blackbirdracing.com\/wp-content\/uploads\/2025\/12\/default-114-737x1024.png",737,1024,true],"1536x1536":["https:\/\/www.blackbirdracing.com\/wp-content\/uploads\/2025\/12\/default-114.png",1009,1401,false],"2048x2048":["https:\/\/www.blackbirdracing.com\/wp-content\/uploads\/2025\/12\/default-114.png",1009,1401,false],"trp-custom-language-flag":["https:\/\/www.blackbirdracing.com\/wp-content\/uploads\/2025\/12\/default-114-9x12.png",9,12,true],"woocommerce_thumbnail":["https:\/\/www.blackbirdracing.com\/wp-content\/uploads\/2025\/12\/default-114-300x300.png",300,300,true],"woocommerce_single":["https:\/\/www.blackbirdracing.com\/wp-content\/uploads\/2025\/12\/default-114-600x833.png",600,833,true],"woocommerce_gallery_thumbnail":["https:\/\/www.blackbirdracing.com\/wp-content\/uploads\/2025\/12\/default-114-100x100.png",100,100,true],"dgwt-wcas-product-suggestion":["https:\/\/www.blackbirdracing.com\/wp-content\/uploads\/2025\/12\/default-114-64x89.png",64,89,true]},"uagb_author_info":{"display_name":"Alessio Maule","author_link":"https:\/\/www.blackbirdracing.com\/fr\/author\/"},"uagb_comment_info":0,"uagb_excerpt":"File Template compatibile con Kawasaki KXF 250 2021 - 2024","_links":{"self":[{"href":"https:\/\/www.blackbirdracing.com\/fr\/wp-json\/wp\/v2\/product\/73339","targetHints":{"allow":["GET"]}}],"collection":[{"href":"https:\/\/www.blackbirdracing.com\/fr\/wp-json\/wp\/v2\/product"}],"about":[{"href":"https:\/\/www.blackbirdracing.com\/fr\/wp-json\/wp\/v2\/types\/product"}],"replies":[{"embeddable":true,"href":"https:\/\/www.blackbirdracing.com\/fr\/wp-json\/wp\/v2\/comments?post=73339"}],"wp:featuredmedia":[{"embeddable":true,"href":"https:\/\/www.blackbirdracing.com\/fr\/wp-json\/wp\/v2\/media\/82310"}],"wp:attachment":[{"href":"https:\/\/www.blackbirdracing.com\/fr\/wp-json\/wp\/v2\/media?parent=73339"}],"wp:term":[{"taxonomy":"product_brand","embeddable":true,"href":"https:\/\/www.blackbirdracing.com\/fr\/wp-json\/wp\/v2\/product_brand?post=73339"},{"taxonomy":"product_cat","embeddable":true,"href":"https:\/\/www.blackbirdracing.com\/fr\/wp-json\/wp\/v2\/product_cat?post=73339"},{"taxonomy":"product_tag","embeddable":true,"href":"https:\/\/www.blackbirdracing.com\/fr\/wp-json\/wp\/v2\/product_tag?post=73339"}],"curies":[{"name":"wp","href":"https:\/\/api.w.org\/{rel}","templated":true}]}}