{"id":74412,"date":"2025-10-22T21:47:29","date_gmt":"2025-10-22T19:47:29","guid":{"rendered":"https:\/\/blackbird.store360.it\/it\/prodotto\/kit-adesivi-portanumero-personalizzato-basic-ktm-per-exc-all-models-2005-2007\/"},"modified":"2026-03-19T13:56:47","modified_gmt":"2026-03-19T12:56:47","slug":"kit-adesivi-portanumero-personalizzato-basic-ktm-per-exc-all-models-2005-2007","status":"publish","type":"product","link":"https:\/\/www.blackbirdracing.com\/fr\/prodotto\/kit-adesivi-portanumero-personalizzato-basic-ktm-per-exc-all-models-2005-2007\/?bb_configure=1","title":{"rendered":"Kit autocollants porte-num\u00e9ro personnalis\u00e9 Basic Ktm pour EXC TOUS MOD\u00c8LES 2005 \u2013 2007"},"content":{"rendered":"<p>Fonds de plaque personnalis\u00e9s Basic<\/p>","protected":false},"excerpt":{"rendered":"<p>Kit Adesivi Portanumero Personalizzato Basic compatibile con Ktm EXC ALL MODELS 2005 &#8211; 2007<\/p>","protected":false},"featured_media":74411,"comment_status":"open","ping_status":"closed","template":"","meta":{"_acf_changed":false},"product_brand":[],"product_cat":[1331,1327,1269],"product_tag":[26],"class_list":{"0":"post-74412","1":"product","2":"type-product","3":"status-publish","4":"has-post-thumbnail","6":"product_cat-exc-all-models-tp","7":"product_cat-ktm-tp","8":"product_cat-tabelle-portanumero-moto","9":"product_tag-blackbird","11":"first","12":"instock","13":"shipping-taxable","14":"purchasable","15":"product-type-simple"},"acf":[],"_links":{"self":[{"href":"https:\/\/www.blackbirdracing.com\/fr\/wp-json\/wp\/v2\/product\/74412","targetHints":{"allow":["GET"]}}],"collection":[{"href":"https:\/\/www.blackbirdracing.com\/fr\/wp-json\/wp\/v2\/product"}],"about":[{"href":"https:\/\/www.blackbirdracing.com\/fr\/wp-json\/wp\/v2\/types\/product"}],"replies":[{"embeddable":true,"href":"https:\/\/www.blackbirdracing.com\/fr\/wp-json\/wp\/v2\/comments?post=74412"}],"wp:featuredmedia":[{"embeddable":true,"href":"https:\/\/www.blackbirdracing.com\/fr\/wp-json\/wp\/v2\/media\/74411"}],"wp:attachment":[{"href":"https:\/\/www.blackbirdracing.com\/fr\/wp-json\/wp\/v2\/media?parent=74412"}],"wp:term":[{"taxonomy":"product_brand","embeddable":true,"href":"https:\/\/www.blackbirdracing.com\/fr\/wp-json\/wp\/v2\/product_brand?post=74412"},{"taxonomy":"product_cat","embeddable":true,"href":"https:\/\/www.blackbirdracing.com\/fr\/wp-json\/wp\/v2\/product_cat?post=74412"},{"taxonomy":"product_tag","embeddable":true,"href":"https:\/\/www.blackbirdracing.com\/fr\/wp-json\/wp\/v2\/product_tag?post=74412"}],"curies":[{"name":"wp","href":"https:\/\/api.w.org\/{rel}","templated":true}]}}