{"id":74932,"date":"2025-10-23T16:59:03","date_gmt":"2025-10-23T14:59:03","guid":{"rendered":"https:\/\/blackbird.store360.it\/it\/prodotto\/voucher-regalo-euro-5000\/"},"modified":"2025-12-16T14:20:09","modified_gmt":"2025-12-16T13:20:09","slug":"voucher-regalo-euro-50","status":"publish","type":"product","link":"https:\/\/www.blackbirdracing.com\/fr\/prodotto\/voucher-regalo-euro-50\/","title":{"rendered":"Ch\u00e8que-cadeau Euro 50.00"},"content":{"rendered":"<p>La carte cadeau est valable 1 an \u00e0 partir de la date d'achat ; apr\u00e8s cette p\u00e9riode, elle n'est plus utilisable ni remboursable. Sa valeur ne peut \u00eatre convertie en esp\u00e8ces. Elle peut \u00eatre utilis\u00e9e pour un ou plusieurs achats, jusqu'\u00e0 \u00e9puisement du cr\u00e9dit disponible. Lors du processus de commande, il suffit de saisir le code du bon re\u00e7u par e-mail au moment de l'achat. Si le montant de la commande d\u00e9passe le solde de la carte cadeau, la diff\u00e9rence peut \u00eatre r\u00e9gl\u00e9e en utilisant l'un des autres moyens de paiement accept\u00e9s. Les bons ne sont pas rechargeables.<\/p>","protected":false},"excerpt":{"rendered":"<p>Ch\u00e8que-cadeau Euro 50.00<\/p>","protected":false},"featured_media":82261,"comment_status":"open","ping_status":"closed","template":"","meta":{"_acf_changed":false,"_uag_custom_page_level_css":""},"product_brand":[],"product_cat":[32,2044],"product_tag":[26],"class_list":{"0":"post-74932","1":"product","2":"type-product","3":"status-publish","4":"has-post-thumbnail","6":"product_cat-prodotti-blackbird","7":"product_cat-buoni-regalo","8":"product_tag-blackbird","10":"first","11":"onbackorder","12":"shipping-taxable","13":"purchasable","14":"product-type-simple"},"acf":[],"uagb_featured_image_src":{"full":["https:\/\/www.blackbirdracing.com\/wp-content\/uploads\/2025\/10\/VERTICALE-Voucher_50_euro1x.png",1200,1243,false],"thumbnail":["https:\/\/www.blackbirdracing.com\/wp-content\/uploads\/2025\/10\/VERTICALE-Voucher_50_euro1x-150x150.png",150,150,true],"medium":["https:\/\/www.blackbirdracing.com\/wp-content\/uploads\/2025\/10\/VERTICALE-Voucher_50_euro1x-290x300.png",290,300,true],"medium_large":["https:\/\/www.blackbirdracing.com\/wp-content\/uploads\/2025\/10\/VERTICALE-Voucher_50_euro1x-768x796.png",768,796,true],"large":["https:\/\/www.blackbirdracing.com\/wp-content\/uploads\/2025\/10\/VERTICALE-Voucher_50_euro1x-989x1024.png",800,828,true],"1536x1536":["https:\/\/www.blackbirdracing.com\/wp-content\/uploads\/2025\/10\/VERTICALE-Voucher_50_euro1x.png",1200,1243,false],"2048x2048":["https:\/\/www.blackbirdracing.com\/wp-content\/uploads\/2025\/10\/VERTICALE-Voucher_50_euro1x.png",1200,1243,false],"trp-custom-language-flag":["https:\/\/www.blackbirdracing.com\/wp-content\/uploads\/2025\/10\/VERTICALE-Voucher_50_euro1x-12x12.png",12,12,true],"woocommerce_thumbnail":["https:\/\/www.blackbirdracing.com\/wp-content\/uploads\/2025\/10\/VERTICALE-Voucher_50_euro1x-300x300.png",300,300,true],"woocommerce_single":["https:\/\/www.blackbirdracing.com\/wp-content\/uploads\/2025\/10\/VERTICALE-Voucher_50_euro1x-600x622.png",600,622,true],"woocommerce_gallery_thumbnail":["https:\/\/www.blackbirdracing.com\/wp-content\/uploads\/2025\/10\/VERTICALE-Voucher_50_euro1x-100x100.png",100,100,true],"dgwt-wcas-product-suggestion":["https:\/\/www.blackbirdracing.com\/wp-content\/uploads\/2025\/10\/VERTICALE-Voucher_50_euro1x-64x66.png",64,66,true]},"uagb_author_info":{"display_name":"Alessio Maule","author_link":"https:\/\/www.blackbirdracing.com\/fr\/author\/"},"uagb_comment_info":0,"uagb_excerpt":"Voucher Regalo Euro 50,00","_links":{"self":[{"href":"https:\/\/www.blackbirdracing.com\/fr\/wp-json\/wp\/v2\/product\/74932","targetHints":{"allow":["GET"]}}],"collection":[{"href":"https:\/\/www.blackbirdracing.com\/fr\/wp-json\/wp\/v2\/product"}],"about":[{"href":"https:\/\/www.blackbirdracing.com\/fr\/wp-json\/wp\/v2\/types\/product"}],"replies":[{"embeddable":true,"href":"https:\/\/www.blackbirdracing.com\/fr\/wp-json\/wp\/v2\/comments?post=74932"}],"wp:featuredmedia":[{"embeddable":true,"href":"https:\/\/www.blackbirdracing.com\/fr\/wp-json\/wp\/v2\/media\/82261"}],"wp:attachment":[{"href":"https:\/\/www.blackbirdracing.com\/fr\/wp-json\/wp\/v2\/media?parent=74932"}],"wp:term":[{"taxonomy":"product_brand","embeddable":true,"href":"https:\/\/www.blackbirdracing.com\/fr\/wp-json\/wp\/v2\/product_brand?post=74932"},{"taxonomy":"product_cat","embeddable":true,"href":"https:\/\/www.blackbirdracing.com\/fr\/wp-json\/wp\/v2\/product_cat?post=74932"},{"taxonomy":"product_tag","embeddable":true,"href":"https:\/\/www.blackbirdracing.com\/fr\/wp-json\/wp\/v2\/product_tag?post=74932"}],"curies":[{"name":"wp","href":"https:\/\/api.w.org\/{rel}","templated":true}]}}