{"id":81160,"date":"2025-11-28T15:25:09","date_gmt":"2025-11-28T14:25:09","guid":{"rendered":"https:\/\/blackbird.store360.it\/it\/prodotto\/kit-adesivi-portanumero-personalizzato-modello-replica-beta-factory-2022-per-rr-2t-4t-2025-2026\/"},"modified":"2025-11-28T15:25:09","modified_gmt":"2025-11-28T14:25:09","slug":"kit-adesivi-portanumero-personalizzato-modello-replica-beta-factory-2022-per-rr-2t-4t-2025-2026","status":"publish","type":"product","link":"https:\/\/www.blackbirdracing.com\/fr\/prodotto\/kit-adesivi-portanumero-personalizzato-modello-replica-beta-factory-2022-per-rr-2t-4t-2025-2026\/?bb_configure=1","title":{"rendered":"Kit d'autocollants de plaque d'immatriculation personnalis\u00e9e R\u00e9plique BETA Factory 2022 pour RR 2T 4T 2025 - 2026"},"content":{"rendered":"<p>Le kit autocollants comprend  :  plaque avant et plaques lat\u00e9rales. Les diff\u00e9rentes pi\u00e8ces qui composent le kit ne peuvent pas \u00eatre vendues s\u00e9par\u00e9ment.<\/p>","protected":false},"excerpt":{"rendered":"<p>Fonds de plaque personnalis\u00e9s Replica BETA Factory 2022 compatible avec RR 2T 4T 2020 - 2024<\/p>","protected":false},"featured_media":81159,"comment_status":"open","ping_status":"closed","template":"","meta":{"_acf_changed":false,"_uag_custom_page_level_css":""},"product_brand":[],"product_cat":[1269,1374,1376],"product_tag":[26],"class_list":{"0":"post-81160","1":"product","2":"type-product","3":"status-publish","4":"has-post-thumbnail","6":"product_cat-tabelle-portanumero-moto","7":"product_cat-beta-tp","8":"product_cat-rr-2t-4t-tp","9":"product_tag-blackbird","11":"first","12":"onbackorder","13":"shipping-taxable","14":"purchasable","15":"product-type-simple"},"acf":[],"uagb_featured_image_src":{"full":["https:\/\/www.blackbirdracing.com\/wp-content\/uploads\/2025\/11\/default-2140.png",2048,1536,false],"thumbnail":["https:\/\/www.blackbirdracing.com\/wp-content\/uploads\/2025\/11\/default-2140-150x150.png",150,150,true],"medium":["https:\/\/www.blackbirdracing.com\/wp-content\/uploads\/2025\/11\/default-2140-300x225.png",300,225,true],"medium_large":["https:\/\/www.blackbirdracing.com\/wp-content\/uploads\/2025\/11\/default-2140-768x576.png",768,576,true],"large":["https:\/\/www.blackbirdracing.com\/wp-content\/uploads\/2025\/11\/default-2140-1024x768.png",800,600,true],"1536x1536":["https:\/\/www.blackbirdracing.com\/wp-content\/uploads\/2025\/11\/default-2140-1536x1152.png",1536,1152,true],"2048x2048":["https:\/\/www.blackbirdracing.com\/wp-content\/uploads\/2025\/11\/default-2140.png",2048,1536,false],"trp-custom-language-flag":["https:\/\/www.blackbirdracing.com\/wp-content\/uploads\/2025\/11\/default-2140-16x12.png",16,12,true],"woocommerce_thumbnail":["https:\/\/www.blackbirdracing.com\/wp-content\/uploads\/2025\/11\/default-2140-300x300.png",300,300,true],"woocommerce_single":["https:\/\/www.blackbirdracing.com\/wp-content\/uploads\/2025\/11\/default-2140-600x450.png",600,450,true],"woocommerce_gallery_thumbnail":["https:\/\/www.blackbirdracing.com\/wp-content\/uploads\/2025\/11\/default-2140-100x100.png",100,100,true],"dgwt-wcas-product-suggestion":["https:\/\/www.blackbirdracing.com\/wp-content\/uploads\/2025\/11\/default-2140.png",64,48,false]},"uagb_author_info":{"display_name":"Alessio Maule","author_link":"https:\/\/www.blackbirdracing.com\/fr\/author\/"},"uagb_comment_info":0,"uagb_excerpt":"Kit Adesivi Portanumero Personalizzato modello Replica BETA Factory 2022 compatibile con RR 2T 4T 20","_links":{"self":[{"href":"https:\/\/www.blackbirdracing.com\/fr\/wp-json\/wp\/v2\/product\/81160","targetHints":{"allow":["GET"]}}],"collection":[{"href":"https:\/\/www.blackbirdracing.com\/fr\/wp-json\/wp\/v2\/product"}],"about":[{"href":"https:\/\/www.blackbirdracing.com\/fr\/wp-json\/wp\/v2\/types\/product"}],"replies":[{"embeddable":true,"href":"https:\/\/www.blackbirdracing.com\/fr\/wp-json\/wp\/v2\/comments?post=81160"}],"wp:featuredmedia":[{"embeddable":true,"href":"https:\/\/www.blackbirdracing.com\/fr\/wp-json\/wp\/v2\/media\/81159"}],"wp:attachment":[{"href":"https:\/\/www.blackbirdracing.com\/fr\/wp-json\/wp\/v2\/media?parent=81160"}],"wp:term":[{"taxonomy":"product_brand","embeddable":true,"href":"https:\/\/www.blackbirdracing.com\/fr\/wp-json\/wp\/v2\/product_brand?post=81160"},{"taxonomy":"product_cat","embeddable":true,"href":"https:\/\/www.blackbirdracing.com\/fr\/wp-json\/wp\/v2\/product_cat?post=81160"},{"taxonomy":"product_tag","embeddable":true,"href":"https:\/\/www.blackbirdracing.com\/fr\/wp-json\/wp\/v2\/product_tag?post=81160"}],"curies":[{"name":"wp","href":"https:\/\/api.w.org\/{rel}","templated":true}]}}