{"id":82361,"date":"2025-12-23T13:45:01","date_gmt":"2025-12-23T12:45:01","guid":{"rendered":"https:\/\/www.blackbirdracing.com\/it\/prodotto\/kit-adesivi-retro-semi-configurabile-honda-per-crf-450-2025-2026\/"},"modified":"2025-12-23T13:45:01","modified_gmt":"2025-12-23T12:45:01","slug":"kit-adesivi-retro-semi-configurabile-honda-per-crf-450-2025-2026","status":"publish","type":"product","link":"https:\/\/www.blackbirdracing.com\/fr\/prodotto\/kit-adesivi-retro-semi-configurabile-honda-per-crf-450-2025-2026\/?bb_configure=1","title":{"rendered":"Kit Adesivi Retr\u00f2 Semi Configurabile Honda per CRF 450 2025 &#8211; 2026"},"content":{"rendered":"<p>Le kit autocollants comprend  :  paire ou\u00efes de radiateur, paire bo\u00eete \u00e0 air, paire protections de fourche, paire bras oscillant, garde-boue avant, garde-boue arri\u00e8re et fond de plaque motocross et enduro. Les diff\u00e9rentes pi\u00e8ces qui composent le kit ne peuvent pas \u00eatre vendues s\u00e9par\u00e9ment.<\/p>","protected":false},"excerpt":{"rendered":"<p>Kit Adesivi Retr\u00f2 Semi Configurabile compatibile con Honda CRF 450 2025 &#8211; 2026<\/p>","protected":false},"featured_media":82360,"comment_status":"open","ping_status":"closed","template":"","meta":{"_acf_changed":false},"product_brand":[],"product_cat":[1146,1154,1147],"product_tag":[26],"class_list":{"0":"post-82361","1":"product","2":"type-product","3":"status-publish","4":"has-post-thumbnail","6":"product_cat-kit-adesivi-moto","7":"product_cat-crf-450-ka","8":"product_cat-honda-ka","9":"product_tag-blackbird","11":"first","12":"onbackorder","13":"shipping-taxable","14":"purchasable","15":"product-type-simple"},"acf":[],"_links":{"self":[{"href":"https:\/\/www.blackbirdracing.com\/fr\/wp-json\/wp\/v2\/product\/82361","targetHints":{"allow":["GET"]}}],"collection":[{"href":"https:\/\/www.blackbirdracing.com\/fr\/wp-json\/wp\/v2\/product"}],"about":[{"href":"https:\/\/www.blackbirdracing.com\/fr\/wp-json\/wp\/v2\/types\/product"}],"replies":[{"embeddable":true,"href":"https:\/\/www.blackbirdracing.com\/fr\/wp-json\/wp\/v2\/comments?post=82361"}],"wp:featuredmedia":[{"embeddable":true,"href":"https:\/\/www.blackbirdracing.com\/fr\/wp-json\/wp\/v2\/media\/82360"}],"wp:attachment":[{"href":"https:\/\/www.blackbirdracing.com\/fr\/wp-json\/wp\/v2\/media?parent=82361"}],"wp:term":[{"taxonomy":"product_brand","embeddable":true,"href":"https:\/\/www.blackbirdracing.com\/fr\/wp-json\/wp\/v2\/product_brand?post=82361"},{"taxonomy":"product_cat","embeddable":true,"href":"https:\/\/www.blackbirdracing.com\/fr\/wp-json\/wp\/v2\/product_cat?post=82361"},{"taxonomy":"product_tag","embeddable":true,"href":"https:\/\/www.blackbirdracing.com\/fr\/wp-json\/wp\/v2\/product_tag?post=82361"}],"curies":[{"name":"wp","href":"https:\/\/api.w.org\/{rel}","templated":true}]}}